{"id":2900,"date":"2024-01-05T13:23:42","date_gmt":"2024-01-05T12:23:42","guid":{"rendered":"https:\/\/ocab.nl\/?post_type=product&#038;p=2900"},"modified":"2024-01-15T13:07:36","modified_gmt":"2024-01-15T12:07:36","slug":"ocab-facade","status":"publish","type":"product","link":"https:\/\/ocab.nl\/de\/produkt\/ocab-facade\/","title":{"rendered":"OCAB Facade"},"content":{"rendered":"","protected":false},"excerpt":{"rendered":"<p>Der FACADE-Wandfluter ist sowohl f\u00fcr den Innen- als auch f\u00fcr den Au\u00dfenbereich erh\u00e4ltlich und zeichnet sich durch ein minimalistisches und schlichtes Design aus, wodurch er an einer Fassade kaum auff\u00e4llt. Die angewandte hohe Farbwiedergabe (CRI &gt;90 und guter R9) sorgt daf\u00fcr, dass Farbe und Textur der Fassade auch am Abend sprechen.<\/p>\n","protected":false},"featured_media":3456,"template":"","meta":{"_acf_changed":false,"inline_featured_image":false},"product_brand":[],"product_cat":[168],"product_tag":[],"class_list":{"0":"post-2900","1":"product","2":"type-product","3":"status-publish","4":"has-post-thumbnail","6":"product_cat-wandscheibe","8":"first","9":"instock","10":"shipping-taxable","11":"purchasable","12":"product-type-variable","13":"has-default-attributes"},"acf":[],"yoast_head":"<!-- This site is optimized with the Yoast SEO plugin v27.2 - https:\/\/yoast.com\/product\/yoast-seo-wordpress\/ -->\n<title>OCAB Facade | Ocab<\/title>\n<meta name=\"robots\" content=\"index, follow, max-snippet:-1, max-image-preview:large, max-video-preview:-1\" \/>\n<link rel=\"canonical\" href=\"https:\/\/ocab.nl\/de\/produkt\/ocab-facade\/\" \/>\n<meta property=\"og:locale\" content=\"de_DE\" \/>\n<meta property=\"og:type\" content=\"article\" \/>\n<meta property=\"og:title\" content=\"OCAB Facade | Ocab\" \/>\n<meta property=\"og:description\" content=\"Der FACADE-Wandfluter ist sowohl f\u00fcr den Innen- als auch f\u00fcr den Au\u00dfenbereich erh\u00e4ltlich und zeichnet sich durch ein minimalistisches und schlichtes Design aus, wodurch er an einer Fassade kaum auff\u00e4llt. Die angewandte hohe Farbwiedergabe (CRI &gt;90 und guter R9) sorgt daf\u00fcr, dass Farbe und Textur der Fassade auch am Abend sprechen.\" \/>\n<meta property=\"og:url\" content=\"https:\/\/ocab.nl\/de\/produkt\/ocab-facade\/\" \/>\n<meta property=\"og:site_name\" content=\"Ocab\" \/>\n<meta property=\"article:publisher\" content=\"https:\/\/www.facebook.com\/ocabNL\/\" \/>\n<meta property=\"article:modified_time\" content=\"2024-01-15T12:07:36+00:00\" \/>\n<meta property=\"og:image\" content=\"https:\/\/ocab.nl\/wp-content\/uploads\/2024\/01\/facade.png\" \/>\n\t<meta property=\"og:image:width\" content=\"1377\" \/>\n\t<meta property=\"og:image:height\" content=\"802\" \/>\n\t<meta property=\"og:image:type\" content=\"image\/png\" \/>\n<meta name=\"twitter:card\" content=\"summary_large_image\" \/>\n<meta name=\"twitter:site\" content=\"@Ocablights\" \/>\n<meta name=\"twitter:label1\" content=\"Gesch\u00e4tzte Lesezeit\" \/>\n\t<meta name=\"twitter:data1\" content=\"1\u00a0Minute\" \/>\n<script type=\"application\/ld+json\" class=\"yoast-schema-graph\">{\"@context\":\"https:\/\/schema.org\",\"@graph\":[{\"@type\":\"WebPage\",\"@id\":\"https:\/\/ocab.nl\/de\/produkt\/ocab-facade\/\",\"url\":\"https:\/\/ocab.nl\/de\/produkt\/ocab-facade\/\",\"name\":\"OCAB Facade | Ocab\",\"isPartOf\":{\"@id\":\"https:\/\/ocab.nl\/de\/#website\"},\"primaryImageOfPage\":{\"@id\":\"https:\/\/ocab.nl\/de\/produkt\/ocab-facade\/#primaryimage\"},\"image\":{\"@id\":\"https:\/\/ocab.nl\/de\/produkt\/ocab-facade\/#primaryimage\"},\"thumbnailUrl\":\"https:\/\/ocab.nl\/wp-content\/uploads\/2022\/05\/facade-orgg-1-1.jpg\",\"datePublished\":\"2024-01-05T12:23:42+00:00\",\"dateModified\":\"2024-01-15T12:07:36+00:00\",\"breadcrumb\":{\"@id\":\"https:\/\/ocab.nl\/de\/produkt\/ocab-facade\/#breadcrumb\"},\"inLanguage\":\"de\",\"potentialAction\":[{\"@type\":\"ReadAction\",\"target\":[\"https:\/\/ocab.nl\/de\/produkt\/ocab-facade\/\"]}]},{\"@type\":\"ImageObject\",\"inLanguage\":\"de\",\"@id\":\"https:\/\/ocab.nl\/de\/produkt\/ocab-facade\/#primaryimage\",\"url\":\"https:\/\/ocab.nl\/wp-content\/uploads\/2022\/05\/facade-orgg-1-1.jpg\",\"contentUrl\":\"https:\/\/ocab.nl\/wp-content\/uploads\/2022\/05\/facade-orgg-1-1.jpg\",\"width\":788,\"height\":462},{\"@type\":\"BreadcrumbList\",\"@id\":\"https:\/\/ocab.nl\/de\/produkt\/ocab-facade\/#breadcrumb\",\"itemListElement\":[{\"@type\":\"ListItem\",\"position\":1,\"name\":\"Home\",\"item\":\"https:\/\/ocab.nl\/de\/startseite\/\"},{\"@type\":\"ListItem\",\"position\":2,\"name\":\"Produkte\",\"item\":\"https:\/\/ocab.nl\/de\/shop\/\"},{\"@type\":\"ListItem\",\"position\":3,\"name\":\"OCAB Facade\"}]},{\"@type\":\"WebSite\",\"@id\":\"https:\/\/ocab.nl\/de\/#website\",\"url\":\"https:\/\/ocab.nl\/de\/\",\"name\":\"Ocab\",\"description\":\"De specialist in lichtoplossingen\",\"publisher\":{\"@id\":\"https:\/\/ocab.nl\/de\/#organization\"},\"potentialAction\":[{\"@type\":\"SearchAction\",\"target\":{\"@type\":\"EntryPoint\",\"urlTemplate\":\"https:\/\/ocab.nl\/de\/?s={search_term_string}\"},\"query-input\":{\"@type\":\"PropertyValueSpecification\",\"valueRequired\":true,\"valueName\":\"search_term_string\"}}],\"inLanguage\":\"de\"},{\"@type\":\"Organization\",\"@id\":\"https:\/\/ocab.nl\/de\/#organization\",\"name\":\"OCAB\",\"url\":\"https:\/\/ocab.nl\/de\/\",\"logo\":{\"@type\":\"ImageObject\",\"inLanguage\":\"de\",\"@id\":\"https:\/\/ocab.nl\/de\/#\/schema\/logo\/image\/\",\"url\":\"https:\/\/ocab.nl\/wp-content\/uploads\/2023\/07\/cropped-favicon.png\",\"contentUrl\":\"https:\/\/ocab.nl\/wp-content\/uploads\/2023\/07\/cropped-favicon.png\",\"width\":512,\"height\":512,\"caption\":\"OCAB\"},\"image\":{\"@id\":\"https:\/\/ocab.nl\/de\/#\/schema\/logo\/image\/\"},\"sameAs\":[\"https:\/\/www.facebook.com\/ocabNL\/\",\"https:\/\/x.com\/Ocablights\",\"https:\/\/www.linkedin.com\/showcase\/ocab-nl\/\",\"https:\/\/switchtron.nl\/\"]}]}<\/script>\n<!-- \/ Yoast SEO plugin. -->","yoast_head_json":{"title":"OCAB Facade | Ocab","robots":{"index":"index","follow":"follow","max-snippet":"max-snippet:-1","max-image-preview":"max-image-preview:large","max-video-preview":"max-video-preview:-1"},"canonical":"https:\/\/ocab.nl\/de\/produkt\/ocab-facade\/","og_locale":"de_DE","og_type":"article","og_title":"OCAB Facade | Ocab","og_description":"Der FACADE-Wandfluter ist sowohl f\u00fcr den Innen- als auch f\u00fcr den Au\u00dfenbereich erh\u00e4ltlich und zeichnet sich durch ein minimalistisches und schlichtes Design aus, wodurch er an einer Fassade kaum auff\u00e4llt. Die angewandte hohe Farbwiedergabe (CRI &gt;90 und guter R9) sorgt daf\u00fcr, dass Farbe und Textur der Fassade auch am Abend sprechen.","og_url":"https:\/\/ocab.nl\/de\/produkt\/ocab-facade\/","og_site_name":"Ocab","article_publisher":"https:\/\/www.facebook.com\/ocabNL\/","article_modified_time":"2024-01-15T12:07:36+00:00","og_image":[{"width":1377,"height":802,"url":"https:\/\/ocab.nl\/wp-content\/uploads\/2024\/01\/facade.png","type":"image\/png"}],"twitter_card":"summary_large_image","twitter_site":"@Ocablights","twitter_misc":{"Gesch\u00e4tzte Lesezeit":"1\u00a0Minute"},"schema":{"@context":"https:\/\/schema.org","@graph":[{"@type":"WebPage","@id":"https:\/\/ocab.nl\/de\/produkt\/ocab-facade\/","url":"https:\/\/ocab.nl\/de\/produkt\/ocab-facade\/","name":"OCAB Facade | Ocab","isPartOf":{"@id":"https:\/\/ocab.nl\/de\/#website"},"primaryImageOfPage":{"@id":"https:\/\/ocab.nl\/de\/produkt\/ocab-facade\/#primaryimage"},"image":{"@id":"https:\/\/ocab.nl\/de\/produkt\/ocab-facade\/#primaryimage"},"thumbnailUrl":"https:\/\/ocab.nl\/wp-content\/uploads\/2022\/05\/facade-orgg-1-1.jpg","datePublished":"2024-01-05T12:23:42+00:00","dateModified":"2024-01-15T12:07:36+00:00","breadcrumb":{"@id":"https:\/\/ocab.nl\/de\/produkt\/ocab-facade\/#breadcrumb"},"inLanguage":"de","potentialAction":[{"@type":"ReadAction","target":["https:\/\/ocab.nl\/de\/produkt\/ocab-facade\/"]}]},{"@type":"ImageObject","inLanguage":"de","@id":"https:\/\/ocab.nl\/de\/produkt\/ocab-facade\/#primaryimage","url":"https:\/\/ocab.nl\/wp-content\/uploads\/2022\/05\/facade-orgg-1-1.jpg","contentUrl":"https:\/\/ocab.nl\/wp-content\/uploads\/2022\/05\/facade-orgg-1-1.jpg","width":788,"height":462},{"@type":"BreadcrumbList","@id":"https:\/\/ocab.nl\/de\/produkt\/ocab-facade\/#breadcrumb","itemListElement":[{"@type":"ListItem","position":1,"name":"Home","item":"https:\/\/ocab.nl\/de\/startseite\/"},{"@type":"ListItem","position":2,"name":"Produkte","item":"https:\/\/ocab.nl\/de\/shop\/"},{"@type":"ListItem","position":3,"name":"OCAB Facade"}]},{"@type":"WebSite","@id":"https:\/\/ocab.nl\/de\/#website","url":"https:\/\/ocab.nl\/de\/","name":"Ocab","description":"De specialist in lichtoplossingen","publisher":{"@id":"https:\/\/ocab.nl\/de\/#organization"},"potentialAction":[{"@type":"SearchAction","target":{"@type":"EntryPoint","urlTemplate":"https:\/\/ocab.nl\/de\/?s={search_term_string}"},"query-input":{"@type":"PropertyValueSpecification","valueRequired":true,"valueName":"search_term_string"}}],"inLanguage":"de"},{"@type":"Organization","@id":"https:\/\/ocab.nl\/de\/#organization","name":"OCAB","url":"https:\/\/ocab.nl\/de\/","logo":{"@type":"ImageObject","inLanguage":"de","@id":"https:\/\/ocab.nl\/de\/#\/schema\/logo\/image\/","url":"https:\/\/ocab.nl\/wp-content\/uploads\/2023\/07\/cropped-favicon.png","contentUrl":"https:\/\/ocab.nl\/wp-content\/uploads\/2023\/07\/cropped-favicon.png","width":512,"height":512,"caption":"OCAB"},"image":{"@id":"https:\/\/ocab.nl\/de\/#\/schema\/logo\/image\/"},"sameAs":["https:\/\/www.facebook.com\/ocabNL\/","https:\/\/x.com\/Ocablights","https:\/\/www.linkedin.com\/showcase\/ocab-nl\/","https:\/\/switchtron.nl\/"]}]}},"_links":{"self":[{"href":"https:\/\/ocab.nl\/de\/wp-json\/wp\/v2\/product\/2900","targetHints":{"allow":["GET"]}}],"collection":[{"href":"https:\/\/ocab.nl\/de\/wp-json\/wp\/v2\/product"}],"about":[{"href":"https:\/\/ocab.nl\/de\/wp-json\/wp\/v2\/types\/product"}],"wp:featuredmedia":[{"embeddable":true,"href":"https:\/\/ocab.nl\/de\/wp-json\/wp\/v2\/media\/3456"}],"wp:attachment":[{"href":"https:\/\/ocab.nl\/de\/wp-json\/wp\/v2\/media?parent=2900"}],"wp:term":[{"taxonomy":"product_brand","embeddable":true,"href":"https:\/\/ocab.nl\/de\/wp-json\/wp\/v2\/product_brand?post=2900"},{"taxonomy":"product_cat","embeddable":true,"href":"https:\/\/ocab.nl\/de\/wp-json\/wp\/v2\/product_cat?post=2900"},{"taxonomy":"product_tag","embeddable":true,"href":"https:\/\/ocab.nl\/de\/wp-json\/wp\/v2\/product_tag?post=2900"}],"curies":[{"name":"wp","href":"https:\/\/api.w.org\/{rel}","templated":true}]}}