{"id":2386,"date":"2022-05-09T13:03:17","date_gmt":"2022-05-09T11:03:17","guid":{"rendered":"https:\/\/ocab.flywheelsites.com\/product\/ocab-discgleam-anhaenger\/"},"modified":"2024-01-16T11:33:38","modified_gmt":"2024-01-16T10:33:38","slug":"ocab-discgleam-pendant","status":"publish","type":"product","link":"https:\/\/ocab.nl\/de\/produkt\/ocab-discgleam-pendant\/","title":{"rendered":"OCAB Discgleam Pendant"},"content":{"rendered":"","protected":false},"excerpt":{"rendered":"<p>Die Pendelleuchte DISCgleam ist mit ihren vielen M\u00f6glichkeiten an vielen Orten einsetzbar. W\u00e4hlen Sie nicht nur den gew\u00fcnschten Durchmesser, sondern auch das Design, die Optik und die Ausf\u00fchrung.<\/p>\n","protected":false},"featured_media":3462,"template":"","meta":{"_acf_changed":false,"inline_featured_image":false},"product_brand":[],"product_cat":[124,129,144],"product_tag":[],"class_list":{"0":"post-2386","1":"product","2":"type-product","3":"status-publish","4":"has-post-thumbnail","6":"product_cat-ausgewahlt","7":"product_cat-pendelleuchten","8":"product_cat-schlagfeste-leuchten","10":"first","11":"instock","12":"shipping-taxable","13":"purchasable","14":"product-type-variable","15":"has-default-attributes"},"acf":[],"yoast_head":"<!-- This site is optimized with the Yoast SEO plugin v27.2 - https:\/\/yoast.com\/product\/yoast-seo-wordpress\/ -->\n<title>OCAB Discgleam Pendant | Ocab<\/title>\n<meta name=\"description\" content=\"Die Pendelleuchte DISCgleam ist mit ihren vielen M\u00f6glichkeiten an vielen Orten einsetzbar. Nehmen Sie Kontakt mit uns auf, um sich \u00fcber die M\u00f6glichkeiten zu informieren.\" \/>\n<meta name=\"robots\" content=\"index, follow, max-snippet:-1, max-image-preview:large, max-video-preview:-1\" \/>\n<link rel=\"canonical\" href=\"https:\/\/ocab.nl\/de\/produkt\/ocab-discgleam-pendant\/\" \/>\n<meta property=\"og:locale\" content=\"de_DE\" \/>\n<meta property=\"og:type\" content=\"article\" \/>\n<meta property=\"og:title\" content=\"OCAB Discgleam Pendant | Ocab\" \/>\n<meta property=\"og:description\" content=\"Die Pendelleuchte DISCgleam ist mit ihren vielen M\u00f6glichkeiten an vielen Orten einsetzbar. Nehmen Sie Kontakt mit uns auf, um sich \u00fcber die M\u00f6glichkeiten zu informieren.\" \/>\n<meta property=\"og:url\" content=\"https:\/\/ocab.nl\/de\/produkt\/ocab-discgleam-pendant\/\" \/>\n<meta property=\"og:site_name\" content=\"Ocab\" \/>\n<meta property=\"article:publisher\" content=\"https:\/\/www.facebook.com\/ocabNL\/\" \/>\n<meta property=\"article:modified_time\" content=\"2024-01-16T10:33:38+00:00\" \/>\n<meta property=\"og:image\" content=\"https:\/\/ocab.nl\/wp-content\/uploads\/2022\/05\/gleamDISC-04.png\" \/>\n\t<meta property=\"og:image:width\" content=\"3510\" \/>\n\t<meta property=\"og:image:height\" content=\"1975\" \/>\n\t<meta property=\"og:image:type\" content=\"image\/png\" \/>\n<meta name=\"twitter:card\" content=\"summary_large_image\" \/>\n<meta name=\"twitter:site\" content=\"@Ocablights\" \/>\n<meta name=\"twitter:label1\" content=\"Gesch\u00e4tzte Lesezeit\" \/>\n\t<meta name=\"twitter:data1\" content=\"1\u00a0Minute\" \/>\n<script type=\"application\/ld+json\" class=\"yoast-schema-graph\">{\"@context\":\"https:\/\/schema.org\",\"@graph\":[{\"@type\":\"WebPage\",\"@id\":\"https:\/\/ocab.nl\/de\/produkt\/ocab-discgleam-pendant\/\",\"url\":\"https:\/\/ocab.nl\/de\/produkt\/ocab-discgleam-pendant\/\",\"name\":\"OCAB Discgleam Pendant | Ocab\",\"isPartOf\":{\"@id\":\"https:\/\/ocab.nl\/de\/#website\"},\"primaryImageOfPage\":{\"@id\":\"https:\/\/ocab.nl\/de\/produkt\/ocab-discgleam-pendant\/#primaryimage\"},\"image\":{\"@id\":\"https:\/\/ocab.nl\/de\/produkt\/ocab-discgleam-pendant\/#primaryimage\"},\"thumbnailUrl\":\"https:\/\/ocab.nl\/wp-content\/uploads\/2022\/05\/gleamDISC-03-1-1-scaled.jpg\",\"datePublished\":\"2022-05-09T11:03:17+00:00\",\"dateModified\":\"2024-01-16T10:33:38+00:00\",\"description\":\"Die Pendelleuchte DISCgleam ist mit ihren vielen M\u00f6glichkeiten an vielen Orten einsetzbar. Nehmen Sie Kontakt mit uns auf, um sich \u00fcber die M\u00f6glichkeiten zu informieren.\",\"breadcrumb\":{\"@id\":\"https:\/\/ocab.nl\/de\/produkt\/ocab-discgleam-pendant\/#breadcrumb\"},\"inLanguage\":\"de\",\"potentialAction\":[{\"@type\":\"ReadAction\",\"target\":[\"https:\/\/ocab.nl\/de\/produkt\/ocab-discgleam-pendant\/\"]}]},{\"@type\":\"ImageObject\",\"inLanguage\":\"de\",\"@id\":\"https:\/\/ocab.nl\/de\/produkt\/ocab-discgleam-pendant\/#primaryimage\",\"url\":\"https:\/\/ocab.nl\/wp-content\/uploads\/2022\/05\/gleamDISC-03-1-1-scaled.jpg\",\"contentUrl\":\"https:\/\/ocab.nl\/wp-content\/uploads\/2022\/05\/gleamDISC-03-1-1-scaled.jpg\",\"width\":2560,\"height\":1500},{\"@type\":\"BreadcrumbList\",\"@id\":\"https:\/\/ocab.nl\/de\/produkt\/ocab-discgleam-pendant\/#breadcrumb\",\"itemListElement\":[{\"@type\":\"ListItem\",\"position\":1,\"name\":\"Home\",\"item\":\"https:\/\/ocab.nl\/de\/startseite\/\"},{\"@type\":\"ListItem\",\"position\":2,\"name\":\"Produkte\",\"item\":\"https:\/\/ocab.nl\/de\/shop\/\"},{\"@type\":\"ListItem\",\"position\":3,\"name\":\"OCAB Discgleam Pendant\"}]},{\"@type\":\"WebSite\",\"@id\":\"https:\/\/ocab.nl\/de\/#website\",\"url\":\"https:\/\/ocab.nl\/de\/\",\"name\":\"Ocab\",\"description\":\"De specialist in lichtoplossingen\",\"publisher\":{\"@id\":\"https:\/\/ocab.nl\/de\/#organization\"},\"potentialAction\":[{\"@type\":\"SearchAction\",\"target\":{\"@type\":\"EntryPoint\",\"urlTemplate\":\"https:\/\/ocab.nl\/de\/?s={search_term_string}\"},\"query-input\":{\"@type\":\"PropertyValueSpecification\",\"valueRequired\":true,\"valueName\":\"search_term_string\"}}],\"inLanguage\":\"de\"},{\"@type\":\"Organization\",\"@id\":\"https:\/\/ocab.nl\/de\/#organization\",\"name\":\"OCAB\",\"url\":\"https:\/\/ocab.nl\/de\/\",\"logo\":{\"@type\":\"ImageObject\",\"inLanguage\":\"de\",\"@id\":\"https:\/\/ocab.nl\/de\/#\/schema\/logo\/image\/\",\"url\":\"https:\/\/ocab.nl\/wp-content\/uploads\/2023\/07\/cropped-favicon.png\",\"contentUrl\":\"https:\/\/ocab.nl\/wp-content\/uploads\/2023\/07\/cropped-favicon.png\",\"width\":512,\"height\":512,\"caption\":\"OCAB\"},\"image\":{\"@id\":\"https:\/\/ocab.nl\/de\/#\/schema\/logo\/image\/\"},\"sameAs\":[\"https:\/\/www.facebook.com\/ocabNL\/\",\"https:\/\/x.com\/Ocablights\",\"https:\/\/www.linkedin.com\/showcase\/ocab-nl\/\",\"https:\/\/switchtron.nl\/\"]}]}<\/script>\n<!-- \/ Yoast SEO plugin. -->","yoast_head_json":{"title":"OCAB Discgleam Pendant | Ocab","description":"Die Pendelleuchte DISCgleam ist mit ihren vielen M\u00f6glichkeiten an vielen Orten einsetzbar. Nehmen Sie Kontakt mit uns auf, um sich \u00fcber die M\u00f6glichkeiten zu informieren.","robots":{"index":"index","follow":"follow","max-snippet":"max-snippet:-1","max-image-preview":"max-image-preview:large","max-video-preview":"max-video-preview:-1"},"canonical":"https:\/\/ocab.nl\/de\/produkt\/ocab-discgleam-pendant\/","og_locale":"de_DE","og_type":"article","og_title":"OCAB Discgleam Pendant | Ocab","og_description":"Die Pendelleuchte DISCgleam ist mit ihren vielen M\u00f6glichkeiten an vielen Orten einsetzbar. Nehmen Sie Kontakt mit uns auf, um sich \u00fcber die M\u00f6glichkeiten zu informieren.","og_url":"https:\/\/ocab.nl\/de\/produkt\/ocab-discgleam-pendant\/","og_site_name":"Ocab","article_publisher":"https:\/\/www.facebook.com\/ocabNL\/","article_modified_time":"2024-01-16T10:33:38+00:00","og_image":[{"width":3510,"height":1975,"url":"https:\/\/ocab.nl\/wp-content\/uploads\/2022\/05\/gleamDISC-04.png","type":"image\/png"}],"twitter_card":"summary_large_image","twitter_site":"@Ocablights","twitter_misc":{"Gesch\u00e4tzte Lesezeit":"1\u00a0Minute"},"schema":{"@context":"https:\/\/schema.org","@graph":[{"@type":"WebPage","@id":"https:\/\/ocab.nl\/de\/produkt\/ocab-discgleam-pendant\/","url":"https:\/\/ocab.nl\/de\/produkt\/ocab-discgleam-pendant\/","name":"OCAB Discgleam Pendant | Ocab","isPartOf":{"@id":"https:\/\/ocab.nl\/de\/#website"},"primaryImageOfPage":{"@id":"https:\/\/ocab.nl\/de\/produkt\/ocab-discgleam-pendant\/#primaryimage"},"image":{"@id":"https:\/\/ocab.nl\/de\/produkt\/ocab-discgleam-pendant\/#primaryimage"},"thumbnailUrl":"https:\/\/ocab.nl\/wp-content\/uploads\/2022\/05\/gleamDISC-03-1-1-scaled.jpg","datePublished":"2022-05-09T11:03:17+00:00","dateModified":"2024-01-16T10:33:38+00:00","description":"Die Pendelleuchte DISCgleam ist mit ihren vielen M\u00f6glichkeiten an vielen Orten einsetzbar. Nehmen Sie Kontakt mit uns auf, um sich \u00fcber die M\u00f6glichkeiten zu informieren.","breadcrumb":{"@id":"https:\/\/ocab.nl\/de\/produkt\/ocab-discgleam-pendant\/#breadcrumb"},"inLanguage":"de","potentialAction":[{"@type":"ReadAction","target":["https:\/\/ocab.nl\/de\/produkt\/ocab-discgleam-pendant\/"]}]},{"@type":"ImageObject","inLanguage":"de","@id":"https:\/\/ocab.nl\/de\/produkt\/ocab-discgleam-pendant\/#primaryimage","url":"https:\/\/ocab.nl\/wp-content\/uploads\/2022\/05\/gleamDISC-03-1-1-scaled.jpg","contentUrl":"https:\/\/ocab.nl\/wp-content\/uploads\/2022\/05\/gleamDISC-03-1-1-scaled.jpg","width":2560,"height":1500},{"@type":"BreadcrumbList","@id":"https:\/\/ocab.nl\/de\/produkt\/ocab-discgleam-pendant\/#breadcrumb","itemListElement":[{"@type":"ListItem","position":1,"name":"Home","item":"https:\/\/ocab.nl\/de\/startseite\/"},{"@type":"ListItem","position":2,"name":"Produkte","item":"https:\/\/ocab.nl\/de\/shop\/"},{"@type":"ListItem","position":3,"name":"OCAB Discgleam Pendant"}]},{"@type":"WebSite","@id":"https:\/\/ocab.nl\/de\/#website","url":"https:\/\/ocab.nl\/de\/","name":"Ocab","description":"De specialist in lichtoplossingen","publisher":{"@id":"https:\/\/ocab.nl\/de\/#organization"},"potentialAction":[{"@type":"SearchAction","target":{"@type":"EntryPoint","urlTemplate":"https:\/\/ocab.nl\/de\/?s={search_term_string}"},"query-input":{"@type":"PropertyValueSpecification","valueRequired":true,"valueName":"search_term_string"}}],"inLanguage":"de"},{"@type":"Organization","@id":"https:\/\/ocab.nl\/de\/#organization","name":"OCAB","url":"https:\/\/ocab.nl\/de\/","logo":{"@type":"ImageObject","inLanguage":"de","@id":"https:\/\/ocab.nl\/de\/#\/schema\/logo\/image\/","url":"https:\/\/ocab.nl\/wp-content\/uploads\/2023\/07\/cropped-favicon.png","contentUrl":"https:\/\/ocab.nl\/wp-content\/uploads\/2023\/07\/cropped-favicon.png","width":512,"height":512,"caption":"OCAB"},"image":{"@id":"https:\/\/ocab.nl\/de\/#\/schema\/logo\/image\/"},"sameAs":["https:\/\/www.facebook.com\/ocabNL\/","https:\/\/x.com\/Ocablights","https:\/\/www.linkedin.com\/showcase\/ocab-nl\/","https:\/\/switchtron.nl\/"]}]}},"_links":{"self":[{"href":"https:\/\/ocab.nl\/de\/wp-json\/wp\/v2\/product\/2386","targetHints":{"allow":["GET"]}}],"collection":[{"href":"https:\/\/ocab.nl\/de\/wp-json\/wp\/v2\/product"}],"about":[{"href":"https:\/\/ocab.nl\/de\/wp-json\/wp\/v2\/types\/product"}],"wp:featuredmedia":[{"embeddable":true,"href":"https:\/\/ocab.nl\/de\/wp-json\/wp\/v2\/media\/3462"}],"wp:attachment":[{"href":"https:\/\/ocab.nl\/de\/wp-json\/wp\/v2\/media?parent=2386"}],"wp:term":[{"taxonomy":"product_brand","embeddable":true,"href":"https:\/\/ocab.nl\/de\/wp-json\/wp\/v2\/product_brand?post=2386"},{"taxonomy":"product_cat","embeddable":true,"href":"https:\/\/ocab.nl\/de\/wp-json\/wp\/v2\/product_cat?post=2386"},{"taxonomy":"product_tag","embeddable":true,"href":"https:\/\/ocab.nl\/de\/wp-json\/wp\/v2\/product_tag?post=2386"}],"curies":[{"name":"wp","href":"https:\/\/api.w.org\/{rel}","templated":true}]}}