{"id":2362,"date":"2023-06-22T09:29:30","date_gmt":"2023-06-22T07:29:30","guid":{"rendered":"https:\/\/ocab.flywheelsites.com\/product\/ocab-zoom\/"},"modified":"2024-01-16T11:21:49","modified_gmt":"2024-01-16T10:21:49","slug":"ocab-zoom","status":"publish","type":"product","link":"https:\/\/ocab.nl\/de\/produkt\/ocab-zoom\/","title":{"rendered":"OCAB Zoom"},"content":{"rendered":"","protected":false},"excerpt":{"rendered":"<div class=\"page\" title=\"Seite 1\">\n<div class=\"section\">\n<div class=\"layoutArea\">\n<div class=\"column\">\n<p>Zoom ist ein multifunktionaler Scheinwerfer f\u00fcr jede Branche, in dem alle Funktionalit\u00e4ten vereint sind. Der Strahler ist DALI Dim to Dark und unterst\u00fctzt Tunable White, wodurch eine vollst\u00e4ndige Dimmung innerhalb eines Farbbereichs von 1800 bis 4000 Kelvin m\u00f6glich ist.<\/p>\n<\/div>\n<\/div>\n<\/div>\n<\/div>\n","protected":false},"featured_media":3459,"template":"","meta":{"_acf_changed":false,"inline_featured_image":false},"product_brand":[],"product_cat":[138],"product_tag":[],"class_list":{"0":"post-2362","1":"product","2":"type-product","3":"status-publish","4":"has-post-thumbnail","6":"product_cat-stromschienen-leuchten","8":"first","9":"instock","10":"shipping-taxable","11":"purchasable","12":"product-type-variable","13":"has-default-attributes"},"acf":[],"yoast_head":"<!-- This site is optimized with the Yoast SEO plugin v27.2 - https:\/\/yoast.com\/product\/yoast-seo-wordpress\/ -->\n<title>OCAB Zoom | Ocab<\/title>\n<meta name=\"robots\" content=\"index, follow, max-snippet:-1, max-image-preview:large, max-video-preview:-1\" \/>\n<link rel=\"canonical\" href=\"https:\/\/ocab.nl\/de\/produkt\/ocab-zoom\/\" \/>\n<meta property=\"og:locale\" content=\"de_DE\" \/>\n<meta property=\"og:type\" content=\"article\" \/>\n<meta property=\"og:title\" content=\"OCAB Zoom | Ocab\" \/>\n<meta property=\"og:description\" content=\"Zoom ist ein multifunktionaler Scheinwerfer f\u00fcr jede Branche, in dem alle Funktionalit\u00e4ten vereint sind. Der Strahler ist DALI Dim to Dark und unterst\u00fctzt Tunable White, wodurch eine vollst\u00e4ndige Dimmung innerhalb eines Farbbereichs von 1800 bis 4000 Kelvin m\u00f6glich ist.\" \/>\n<meta property=\"og:url\" content=\"https:\/\/ocab.nl\/de\/produkt\/ocab-zoom\/\" \/>\n<meta property=\"og:site_name\" content=\"Ocab\" \/>\n<meta property=\"article:publisher\" content=\"https:\/\/www.facebook.com\/ocabNL\/\" \/>\n<meta property=\"article:modified_time\" content=\"2024-01-16T10:21:49+00:00\" \/>\n<meta property=\"og:image\" content=\"https:\/\/ocab.nl\/wp-content\/uploads\/2023\/06\/Ocab-Zoom.png\" \/>\n\t<meta property=\"og:image:width\" content=\"768\" \/>\n\t<meta property=\"og:image:height\" content=\"1024\" \/>\n\t<meta property=\"og:image:type\" content=\"image\/png\" \/>\n<meta name=\"twitter:card\" content=\"summary_large_image\" \/>\n<meta name=\"twitter:site\" content=\"@Ocablights\" \/>\n<meta name=\"twitter:label1\" content=\"Gesch\u00e4tzte Lesezeit\" \/>\n\t<meta name=\"twitter:data1\" content=\"1\u00a0Minute\" \/>\n<script type=\"application\/ld+json\" class=\"yoast-schema-graph\">{\"@context\":\"https:\/\/schema.org\",\"@graph\":[{\"@type\":\"WebPage\",\"@id\":\"https:\/\/ocab.nl\/de\/produkt\/ocab-zoom\/\",\"url\":\"https:\/\/ocab.nl\/de\/produkt\/ocab-zoom\/\",\"name\":\"OCAB Zoom | Ocab\",\"isPartOf\":{\"@id\":\"https:\/\/ocab.nl\/de\/#website\"},\"primaryImageOfPage\":{\"@id\":\"https:\/\/ocab.nl\/de\/produkt\/ocab-zoom\/#primaryimage\"},\"image\":{\"@id\":\"https:\/\/ocab.nl\/de\/produkt\/ocab-zoom\/#primaryimage\"},\"thumbnailUrl\":\"https:\/\/ocab.nl\/wp-content\/uploads\/2022\/05\/Ocab-Zoom-1-1-scaled.jpg\",\"datePublished\":\"2023-06-22T07:29:30+00:00\",\"dateModified\":\"2024-01-16T10:21:49+00:00\",\"breadcrumb\":{\"@id\":\"https:\/\/ocab.nl\/de\/produkt\/ocab-zoom\/#breadcrumb\"},\"inLanguage\":\"de\",\"potentialAction\":[{\"@type\":\"ReadAction\",\"target\":[\"https:\/\/ocab.nl\/de\/produkt\/ocab-zoom\/\"]}]},{\"@type\":\"ImageObject\",\"inLanguage\":\"de\",\"@id\":\"https:\/\/ocab.nl\/de\/produkt\/ocab-zoom\/#primaryimage\",\"url\":\"https:\/\/ocab.nl\/wp-content\/uploads\/2022\/05\/Ocab-Zoom-1-1-scaled.jpg\",\"contentUrl\":\"https:\/\/ocab.nl\/wp-content\/uploads\/2022\/05\/Ocab-Zoom-1-1-scaled.jpg\",\"width\":2560,\"height\":1499},{\"@type\":\"BreadcrumbList\",\"@id\":\"https:\/\/ocab.nl\/de\/produkt\/ocab-zoom\/#breadcrumb\",\"itemListElement\":[{\"@type\":\"ListItem\",\"position\":1,\"name\":\"Home\",\"item\":\"https:\/\/ocab.nl\/de\/startseite\/\"},{\"@type\":\"ListItem\",\"position\":2,\"name\":\"Produkte\",\"item\":\"https:\/\/ocab.nl\/de\/shop\/\"},{\"@type\":\"ListItem\",\"position\":3,\"name\":\"OCAB Zoom\"}]},{\"@type\":\"WebSite\",\"@id\":\"https:\/\/ocab.nl\/de\/#website\",\"url\":\"https:\/\/ocab.nl\/de\/\",\"name\":\"Ocab\",\"description\":\"De specialist in lichtoplossingen\",\"publisher\":{\"@id\":\"https:\/\/ocab.nl\/de\/#organization\"},\"potentialAction\":[{\"@type\":\"SearchAction\",\"target\":{\"@type\":\"EntryPoint\",\"urlTemplate\":\"https:\/\/ocab.nl\/de\/?s={search_term_string}\"},\"query-input\":{\"@type\":\"PropertyValueSpecification\",\"valueRequired\":true,\"valueName\":\"search_term_string\"}}],\"inLanguage\":\"de\"},{\"@type\":\"Organization\",\"@id\":\"https:\/\/ocab.nl\/de\/#organization\",\"name\":\"OCAB\",\"url\":\"https:\/\/ocab.nl\/de\/\",\"logo\":{\"@type\":\"ImageObject\",\"inLanguage\":\"de\",\"@id\":\"https:\/\/ocab.nl\/de\/#\/schema\/logo\/image\/\",\"url\":\"https:\/\/ocab.nl\/wp-content\/uploads\/2023\/07\/cropped-favicon.png\",\"contentUrl\":\"https:\/\/ocab.nl\/wp-content\/uploads\/2023\/07\/cropped-favicon.png\",\"width\":512,\"height\":512,\"caption\":\"OCAB\"},\"image\":{\"@id\":\"https:\/\/ocab.nl\/de\/#\/schema\/logo\/image\/\"},\"sameAs\":[\"https:\/\/www.facebook.com\/ocabNL\/\",\"https:\/\/x.com\/Ocablights\",\"https:\/\/www.linkedin.com\/showcase\/ocab-nl\/\",\"https:\/\/switchtron.nl\/\"]}]}<\/script>\n<!-- \/ Yoast SEO plugin. -->","yoast_head_json":{"title":"OCAB Zoom | Ocab","robots":{"index":"index","follow":"follow","max-snippet":"max-snippet:-1","max-image-preview":"max-image-preview:large","max-video-preview":"max-video-preview:-1"},"canonical":"https:\/\/ocab.nl\/de\/produkt\/ocab-zoom\/","og_locale":"de_DE","og_type":"article","og_title":"OCAB Zoom | Ocab","og_description":"Zoom ist ein multifunktionaler Scheinwerfer f\u00fcr jede Branche, in dem alle Funktionalit\u00e4ten vereint sind. Der Strahler ist DALI Dim to Dark und unterst\u00fctzt Tunable White, wodurch eine vollst\u00e4ndige Dimmung innerhalb eines Farbbereichs von 1800 bis 4000 Kelvin m\u00f6glich ist.","og_url":"https:\/\/ocab.nl\/de\/produkt\/ocab-zoom\/","og_site_name":"Ocab","article_publisher":"https:\/\/www.facebook.com\/ocabNL\/","article_modified_time":"2024-01-16T10:21:49+00:00","og_image":[{"url":"https:\/\/ocab.nl\/wp-content\/uploads\/2023\/06\/Ocab-Zoom.png","width":768,"height":1024,"type":"image\/png"}],"twitter_card":"summary_large_image","twitter_site":"@Ocablights","twitter_misc":{"Gesch\u00e4tzte Lesezeit":"1\u00a0Minute"},"schema":{"@context":"https:\/\/schema.org","@graph":[{"@type":"WebPage","@id":"https:\/\/ocab.nl\/de\/produkt\/ocab-zoom\/","url":"https:\/\/ocab.nl\/de\/produkt\/ocab-zoom\/","name":"OCAB Zoom | Ocab","isPartOf":{"@id":"https:\/\/ocab.nl\/de\/#website"},"primaryImageOfPage":{"@id":"https:\/\/ocab.nl\/de\/produkt\/ocab-zoom\/#primaryimage"},"image":{"@id":"https:\/\/ocab.nl\/de\/produkt\/ocab-zoom\/#primaryimage"},"thumbnailUrl":"https:\/\/ocab.nl\/wp-content\/uploads\/2022\/05\/Ocab-Zoom-1-1-scaled.jpg","datePublished":"2023-06-22T07:29:30+00:00","dateModified":"2024-01-16T10:21:49+00:00","breadcrumb":{"@id":"https:\/\/ocab.nl\/de\/produkt\/ocab-zoom\/#breadcrumb"},"inLanguage":"de","potentialAction":[{"@type":"ReadAction","target":["https:\/\/ocab.nl\/de\/produkt\/ocab-zoom\/"]}]},{"@type":"ImageObject","inLanguage":"de","@id":"https:\/\/ocab.nl\/de\/produkt\/ocab-zoom\/#primaryimage","url":"https:\/\/ocab.nl\/wp-content\/uploads\/2022\/05\/Ocab-Zoom-1-1-scaled.jpg","contentUrl":"https:\/\/ocab.nl\/wp-content\/uploads\/2022\/05\/Ocab-Zoom-1-1-scaled.jpg","width":2560,"height":1499},{"@type":"BreadcrumbList","@id":"https:\/\/ocab.nl\/de\/produkt\/ocab-zoom\/#breadcrumb","itemListElement":[{"@type":"ListItem","position":1,"name":"Home","item":"https:\/\/ocab.nl\/de\/startseite\/"},{"@type":"ListItem","position":2,"name":"Produkte","item":"https:\/\/ocab.nl\/de\/shop\/"},{"@type":"ListItem","position":3,"name":"OCAB Zoom"}]},{"@type":"WebSite","@id":"https:\/\/ocab.nl\/de\/#website","url":"https:\/\/ocab.nl\/de\/","name":"Ocab","description":"De specialist in lichtoplossingen","publisher":{"@id":"https:\/\/ocab.nl\/de\/#organization"},"potentialAction":[{"@type":"SearchAction","target":{"@type":"EntryPoint","urlTemplate":"https:\/\/ocab.nl\/de\/?s={search_term_string}"},"query-input":{"@type":"PropertyValueSpecification","valueRequired":true,"valueName":"search_term_string"}}],"inLanguage":"de"},{"@type":"Organization","@id":"https:\/\/ocab.nl\/de\/#organization","name":"OCAB","url":"https:\/\/ocab.nl\/de\/","logo":{"@type":"ImageObject","inLanguage":"de","@id":"https:\/\/ocab.nl\/de\/#\/schema\/logo\/image\/","url":"https:\/\/ocab.nl\/wp-content\/uploads\/2023\/07\/cropped-favicon.png","contentUrl":"https:\/\/ocab.nl\/wp-content\/uploads\/2023\/07\/cropped-favicon.png","width":512,"height":512,"caption":"OCAB"},"image":{"@id":"https:\/\/ocab.nl\/de\/#\/schema\/logo\/image\/"},"sameAs":["https:\/\/www.facebook.com\/ocabNL\/","https:\/\/x.com\/Ocablights","https:\/\/www.linkedin.com\/showcase\/ocab-nl\/","https:\/\/switchtron.nl\/"]}]}},"_links":{"self":[{"href":"https:\/\/ocab.nl\/de\/wp-json\/wp\/v2\/product\/2362","targetHints":{"allow":["GET"]}}],"collection":[{"href":"https:\/\/ocab.nl\/de\/wp-json\/wp\/v2\/product"}],"about":[{"href":"https:\/\/ocab.nl\/de\/wp-json\/wp\/v2\/types\/product"}],"wp:featuredmedia":[{"embeddable":true,"href":"https:\/\/ocab.nl\/de\/wp-json\/wp\/v2\/media\/3459"}],"wp:attachment":[{"href":"https:\/\/ocab.nl\/de\/wp-json\/wp\/v2\/media?parent=2362"}],"wp:term":[{"taxonomy":"product_brand","embeddable":true,"href":"https:\/\/ocab.nl\/de\/wp-json\/wp\/v2\/product_brand?post=2362"},{"taxonomy":"product_cat","embeddable":true,"href":"https:\/\/ocab.nl\/de\/wp-json\/wp\/v2\/product_cat?post=2362"},{"taxonomy":"product_tag","embeddable":true,"href":"https:\/\/ocab.nl\/de\/wp-json\/wp\/v2\/product_tag?post=2362"}],"curies":[{"name":"wp","href":"https:\/\/api.w.org\/{rel}","templated":true}]}}