{"id":2207,"date":"2022-05-09T13:04:53","date_gmt":"2022-05-09T11:04:53","guid":{"rendered":"https:\/\/ocab.flywheelsites.com\/product\/ocab-exzellenz\/"},"modified":"2024-01-16T11:31:45","modified_gmt":"2024-01-16T10:31:45","slug":"ocab-excellence","status":"publish","type":"product","link":"https:\/\/ocab.nl\/de\/produkt\/ocab-excellence\/","title":{"rendered":"OCAB Excellence"},"content":{"rendered":"","protected":false},"excerpt":{"rendered":"<div class=\"page\" title=\"Seite 1\">\n<div class=\"section\">\n<div class=\"layoutArea\">\n<div class=\"column\">\n<p>Die Excellence ist eine Premium-Lichtlinie mit einer einzigartig niedrigen UGR (Unified Glare Rate) von 17. Das bedeutet, dass der direkte Blick auf die Leuchte kaum geblendet wird. Dies ist dank einer speziell eingesetzten Linsenoptik m\u00f6glich. Die Verwendung dieser Linsenoptiken sorgt au\u00dferdem daf\u00fcr, dass praktisch kein Licht verloren geht.<\/p>\n<\/div>\n<\/div>\n<\/div>\n<\/div>\n","protected":false},"featured_media":3474,"template":"","meta":{"_acf_changed":false,"inline_featured_image":false},"product_brand":[],"product_cat":[124,128],"product_tag":[],"class_list":{"0":"post-2207","1":"product","2":"type-product","3":"status-publish","4":"has-post-thumbnail","6":"product_cat-ausgewahlt","7":"product_cat-zeilen","9":"first","10":"instock","11":"shipping-taxable","12":"purchasable","13":"product-type-variable","14":"has-default-attributes"},"acf":[],"yoast_head":"<!-- This site is optimized with the Yoast SEO plugin v27.2 - https:\/\/yoast.com\/product\/yoast-seo-wordpress\/ -->\n<title>OCAB Excellence | Ocab<\/title>\n<meta name=\"description\" content=\"Die OCAB Excellence ist eine Premium-Lichtlinie mit einer einzigartig niedrigen UGR (Unified Glare Rate) von 17. Nehmen Sie Kontakt mit uns auf, um die M\u00f6glichkeiten zu besprechen.\" \/>\n<meta name=\"robots\" content=\"index, follow, max-snippet:-1, max-image-preview:large, max-video-preview:-1\" \/>\n<link rel=\"canonical\" href=\"https:\/\/ocab.nl\/de\/produkt\/ocab-excellence\/\" \/>\n<meta property=\"og:locale\" content=\"de_DE\" \/>\n<meta property=\"og:type\" content=\"article\" \/>\n<meta property=\"og:title\" content=\"OCAB Excellence | Ocab\" \/>\n<meta property=\"og:description\" content=\"Die OCAB Excellence ist eine Premium-Lichtlinie mit einer einzigartig niedrigen UGR (Unified Glare Rate) von 17. Nehmen Sie Kontakt mit uns auf, um die M\u00f6glichkeiten zu besprechen.\" \/>\n<meta property=\"og:url\" content=\"https:\/\/ocab.nl\/de\/produkt\/ocab-excellence\/\" \/>\n<meta property=\"og:site_name\" content=\"Ocab\" \/>\n<meta property=\"article:publisher\" content=\"https:\/\/www.facebook.com\/ocabNL\/\" \/>\n<meta property=\"article:modified_time\" content=\"2024-01-16T10:31:45+00:00\" \/>\n<meta property=\"og:image\" content=\"https:\/\/ocab.nl\/wp-content\/uploads\/2022\/05\/Excellence_lineam_slider.png\" \/>\n\t<meta property=\"og:image:width\" content=\"444\" \/>\n\t<meta property=\"og:image:height\" content=\"381\" \/>\n\t<meta property=\"og:image:type\" content=\"image\/png\" \/>\n<meta name=\"twitter:card\" content=\"summary_large_image\" \/>\n<meta name=\"twitter:site\" content=\"@Ocablights\" \/>\n<meta name=\"twitter:label1\" content=\"Gesch\u00e4tzte Lesezeit\" \/>\n\t<meta name=\"twitter:data1\" content=\"1\u00a0Minute\" \/>\n<script type=\"application\/ld+json\" class=\"yoast-schema-graph\">{\"@context\":\"https:\/\/schema.org\",\"@graph\":[{\"@type\":\"WebPage\",\"@id\":\"https:\/\/ocab.nl\/de\/produkt\/ocab-excellence\/\",\"url\":\"https:\/\/ocab.nl\/de\/produkt\/ocab-excellence\/\",\"name\":\"OCAB Excellence | Ocab\",\"isPartOf\":{\"@id\":\"https:\/\/ocab.nl\/de\/#website\"},\"primaryImageOfPage\":{\"@id\":\"https:\/\/ocab.nl\/de\/produkt\/ocab-excellence\/#primaryimage\"},\"image\":{\"@id\":\"https:\/\/ocab.nl\/de\/produkt\/ocab-excellence\/#primaryimage\"},\"thumbnailUrl\":\"https:\/\/ocab.nl\/wp-content\/uploads\/2022\/05\/Excellence_lineam_slider-1.jpg\",\"datePublished\":\"2022-05-09T11:04:53+00:00\",\"dateModified\":\"2024-01-16T10:31:45+00:00\",\"description\":\"Die OCAB Excellence ist eine Premium-Lichtlinie mit einer einzigartig niedrigen UGR (Unified Glare Rate) von 17. Nehmen Sie Kontakt mit uns auf, um die M\u00f6glichkeiten zu besprechen.\",\"breadcrumb\":{\"@id\":\"https:\/\/ocab.nl\/de\/produkt\/ocab-excellence\/#breadcrumb\"},\"inLanguage\":\"de\",\"potentialAction\":[{\"@type\":\"ReadAction\",\"target\":[\"https:\/\/ocab.nl\/de\/produkt\/ocab-excellence\/\"]}]},{\"@type\":\"ImageObject\",\"inLanguage\":\"de\",\"@id\":\"https:\/\/ocab.nl\/de\/produkt\/ocab-excellence\/#primaryimage\",\"url\":\"https:\/\/ocab.nl\/wp-content\/uploads\/2022\/05\/Excellence_lineam_slider-1.jpg\",\"contentUrl\":\"https:\/\/ocab.nl\/wp-content\/uploads\/2022\/05\/Excellence_lineam_slider-1.jpg\",\"width\":444,\"height\":260},{\"@type\":\"BreadcrumbList\",\"@id\":\"https:\/\/ocab.nl\/de\/produkt\/ocab-excellence\/#breadcrumb\",\"itemListElement\":[{\"@type\":\"ListItem\",\"position\":1,\"name\":\"Home\",\"item\":\"https:\/\/ocab.nl\/de\/startseite\/\"},{\"@type\":\"ListItem\",\"position\":2,\"name\":\"Produkte\",\"item\":\"https:\/\/ocab.nl\/de\/shop\/\"},{\"@type\":\"ListItem\",\"position\":3,\"name\":\"OCAB Excellence\"}]},{\"@type\":\"WebSite\",\"@id\":\"https:\/\/ocab.nl\/de\/#website\",\"url\":\"https:\/\/ocab.nl\/de\/\",\"name\":\"Ocab\",\"description\":\"De specialist in lichtoplossingen\",\"publisher\":{\"@id\":\"https:\/\/ocab.nl\/de\/#organization\"},\"potentialAction\":[{\"@type\":\"SearchAction\",\"target\":{\"@type\":\"EntryPoint\",\"urlTemplate\":\"https:\/\/ocab.nl\/de\/?s={search_term_string}\"},\"query-input\":{\"@type\":\"PropertyValueSpecification\",\"valueRequired\":true,\"valueName\":\"search_term_string\"}}],\"inLanguage\":\"de\"},{\"@type\":\"Organization\",\"@id\":\"https:\/\/ocab.nl\/de\/#organization\",\"name\":\"OCAB\",\"url\":\"https:\/\/ocab.nl\/de\/\",\"logo\":{\"@type\":\"ImageObject\",\"inLanguage\":\"de\",\"@id\":\"https:\/\/ocab.nl\/de\/#\/schema\/logo\/image\/\",\"url\":\"https:\/\/ocab.nl\/wp-content\/uploads\/2023\/07\/cropped-favicon.png\",\"contentUrl\":\"https:\/\/ocab.nl\/wp-content\/uploads\/2023\/07\/cropped-favicon.png\",\"width\":512,\"height\":512,\"caption\":\"OCAB\"},\"image\":{\"@id\":\"https:\/\/ocab.nl\/de\/#\/schema\/logo\/image\/\"},\"sameAs\":[\"https:\/\/www.facebook.com\/ocabNL\/\",\"https:\/\/x.com\/Ocablights\",\"https:\/\/www.linkedin.com\/showcase\/ocab-nl\/\",\"https:\/\/switchtron.nl\/\"]}]}<\/script>\n<!-- \/ Yoast SEO plugin. -->","yoast_head_json":{"title":"OCAB Excellence | Ocab","description":"Die OCAB Excellence ist eine Premium-Lichtlinie mit einer einzigartig niedrigen UGR (Unified Glare Rate) von 17. Nehmen Sie Kontakt mit uns auf, um die M\u00f6glichkeiten zu besprechen.","robots":{"index":"index","follow":"follow","max-snippet":"max-snippet:-1","max-image-preview":"max-image-preview:large","max-video-preview":"max-video-preview:-1"},"canonical":"https:\/\/ocab.nl\/de\/produkt\/ocab-excellence\/","og_locale":"de_DE","og_type":"article","og_title":"OCAB Excellence | Ocab","og_description":"Die OCAB Excellence ist eine Premium-Lichtlinie mit einer einzigartig niedrigen UGR (Unified Glare Rate) von 17. Nehmen Sie Kontakt mit uns auf, um die M\u00f6glichkeiten zu besprechen.","og_url":"https:\/\/ocab.nl\/de\/produkt\/ocab-excellence\/","og_site_name":"Ocab","article_publisher":"https:\/\/www.facebook.com\/ocabNL\/","article_modified_time":"2024-01-16T10:31:45+00:00","og_image":[{"width":444,"height":381,"url":"https:\/\/ocab.nl\/wp-content\/uploads\/2022\/05\/Excellence_lineam_slider.png","type":"image\/png"}],"twitter_card":"summary_large_image","twitter_site":"@Ocablights","twitter_misc":{"Gesch\u00e4tzte Lesezeit":"1\u00a0Minute"},"schema":{"@context":"https:\/\/schema.org","@graph":[{"@type":"WebPage","@id":"https:\/\/ocab.nl\/de\/produkt\/ocab-excellence\/","url":"https:\/\/ocab.nl\/de\/produkt\/ocab-excellence\/","name":"OCAB Excellence | Ocab","isPartOf":{"@id":"https:\/\/ocab.nl\/de\/#website"},"primaryImageOfPage":{"@id":"https:\/\/ocab.nl\/de\/produkt\/ocab-excellence\/#primaryimage"},"image":{"@id":"https:\/\/ocab.nl\/de\/produkt\/ocab-excellence\/#primaryimage"},"thumbnailUrl":"https:\/\/ocab.nl\/wp-content\/uploads\/2022\/05\/Excellence_lineam_slider-1.jpg","datePublished":"2022-05-09T11:04:53+00:00","dateModified":"2024-01-16T10:31:45+00:00","description":"Die OCAB Excellence ist eine Premium-Lichtlinie mit einer einzigartig niedrigen UGR (Unified Glare Rate) von 17. Nehmen Sie Kontakt mit uns auf, um die M\u00f6glichkeiten zu besprechen.","breadcrumb":{"@id":"https:\/\/ocab.nl\/de\/produkt\/ocab-excellence\/#breadcrumb"},"inLanguage":"de","potentialAction":[{"@type":"ReadAction","target":["https:\/\/ocab.nl\/de\/produkt\/ocab-excellence\/"]}]},{"@type":"ImageObject","inLanguage":"de","@id":"https:\/\/ocab.nl\/de\/produkt\/ocab-excellence\/#primaryimage","url":"https:\/\/ocab.nl\/wp-content\/uploads\/2022\/05\/Excellence_lineam_slider-1.jpg","contentUrl":"https:\/\/ocab.nl\/wp-content\/uploads\/2022\/05\/Excellence_lineam_slider-1.jpg","width":444,"height":260},{"@type":"BreadcrumbList","@id":"https:\/\/ocab.nl\/de\/produkt\/ocab-excellence\/#breadcrumb","itemListElement":[{"@type":"ListItem","position":1,"name":"Home","item":"https:\/\/ocab.nl\/de\/startseite\/"},{"@type":"ListItem","position":2,"name":"Produkte","item":"https:\/\/ocab.nl\/de\/shop\/"},{"@type":"ListItem","position":3,"name":"OCAB Excellence"}]},{"@type":"WebSite","@id":"https:\/\/ocab.nl\/de\/#website","url":"https:\/\/ocab.nl\/de\/","name":"Ocab","description":"De specialist in lichtoplossingen","publisher":{"@id":"https:\/\/ocab.nl\/de\/#organization"},"potentialAction":[{"@type":"SearchAction","target":{"@type":"EntryPoint","urlTemplate":"https:\/\/ocab.nl\/de\/?s={search_term_string}"},"query-input":{"@type":"PropertyValueSpecification","valueRequired":true,"valueName":"search_term_string"}}],"inLanguage":"de"},{"@type":"Organization","@id":"https:\/\/ocab.nl\/de\/#organization","name":"OCAB","url":"https:\/\/ocab.nl\/de\/","logo":{"@type":"ImageObject","inLanguage":"de","@id":"https:\/\/ocab.nl\/de\/#\/schema\/logo\/image\/","url":"https:\/\/ocab.nl\/wp-content\/uploads\/2023\/07\/cropped-favicon.png","contentUrl":"https:\/\/ocab.nl\/wp-content\/uploads\/2023\/07\/cropped-favicon.png","width":512,"height":512,"caption":"OCAB"},"image":{"@id":"https:\/\/ocab.nl\/de\/#\/schema\/logo\/image\/"},"sameAs":["https:\/\/www.facebook.com\/ocabNL\/","https:\/\/x.com\/Ocablights","https:\/\/www.linkedin.com\/showcase\/ocab-nl\/","https:\/\/switchtron.nl\/"]}]}},"_links":{"self":[{"href":"https:\/\/ocab.nl\/de\/wp-json\/wp\/v2\/product\/2207","targetHints":{"allow":["GET"]}}],"collection":[{"href":"https:\/\/ocab.nl\/de\/wp-json\/wp\/v2\/product"}],"about":[{"href":"https:\/\/ocab.nl\/de\/wp-json\/wp\/v2\/types\/product"}],"wp:featuredmedia":[{"embeddable":true,"href":"https:\/\/ocab.nl\/de\/wp-json\/wp\/v2\/media\/3474"}],"wp:attachment":[{"href":"https:\/\/ocab.nl\/de\/wp-json\/wp\/v2\/media?parent=2207"}],"wp:term":[{"taxonomy":"product_brand","embeddable":true,"href":"https:\/\/ocab.nl\/de\/wp-json\/wp\/v2\/product_brand?post=2207"},{"taxonomy":"product_cat","embeddable":true,"href":"https:\/\/ocab.nl\/de\/wp-json\/wp\/v2\/product_cat?post=2207"},{"taxonomy":"product_tag","embeddable":true,"href":"https:\/\/ocab.nl\/de\/wp-json\/wp\/v2\/product_tag?post=2207"}],"curies":[{"name":"wp","href":"https:\/\/api.w.org\/{rel}","templated":true}]}}