{"id":2015,"date":"2023-06-22T09:02:46","date_gmt":"2023-06-22T07:02:46","guid":{"rendered":"https:\/\/ocab.flywheelsites.com\/product\/ocab-up-down\/"},"modified":"2024-01-16T11:27:57","modified_gmt":"2024-01-16T10:27:57","slug":"ocab-up-down","status":"publish","type":"product","link":"https:\/\/ocab.nl\/de\/produkt\/ocab-up-down\/","title":{"rendered":"OCAB Up &#038; Down"},"content":{"rendered":"","protected":false},"excerpt":{"rendered":"<div class=\"page\" title=\"Seite 1\">\n<div class=\"section\">\n<div class=\"layoutArea\">\n<div class=\"column\">\n<p>Die Up &amp; Down Pendelleuchte ist eine stilvolle Pendelleuchte, die h\u00e4ufig in B\u00fcror\u00e4umen eingesetzt wird. Der Anh\u00e4nger ist auch in der Variante Down erh\u00e4ltlich.<\/p>\n<\/div>\n<\/div>\n<\/div>\n<\/div>\n","protected":false},"featured_media":3471,"template":"","meta":{"_acf_changed":false,"inline_featured_image":false},"product_brand":[],"product_cat":[129,126],"product_tag":[],"class_list":{"0":"post-2015","1":"product","2":"type-product","3":"status-publish","4":"has-post-thumbnail","6":"product_cat-pendelleuchten","7":"product_cat-profilbeleuchtung","9":"first","10":"instock","11":"shipping-taxable","12":"purchasable","13":"product-type-variable","14":"has-default-attributes"},"acf":[],"yoast_head":"<!-- This site is optimized with the Yoast SEO plugin v27.2 - https:\/\/yoast.com\/product\/yoast-seo-wordpress\/ -->\n<title>OCAB Up &amp; Down | Ocab<\/title>\n<meta name=\"description\" content=\"Die Up &amp; Down Pendelleuchte ist eine stilvolle Pendelleuchte, die h\u00e4ufig in B\u00fcror\u00e4umen eingesetzt wird. Lesen Sie alles \u00fcber diese Lampe.\" \/>\n<meta name=\"robots\" content=\"index, follow, max-snippet:-1, max-image-preview:large, max-video-preview:-1\" \/>\n<link rel=\"canonical\" href=\"https:\/\/ocab.nl\/de\/produkt\/ocab-up-down\/\" \/>\n<meta property=\"og:locale\" content=\"de_DE\" \/>\n<meta property=\"og:type\" content=\"article\" \/>\n<meta property=\"og:title\" content=\"OCAB Up &amp; Down | Ocab\" \/>\n<meta property=\"og:description\" content=\"Die Up &amp; Down Pendelleuchte ist eine stilvolle Pendelleuchte, die h\u00e4ufig in B\u00fcror\u00e4umen eingesetzt wird. Lesen Sie alles \u00fcber diese Lampe.\" \/>\n<meta property=\"og:url\" content=\"https:\/\/ocab.nl\/de\/produkt\/ocab-up-down\/\" \/>\n<meta property=\"og:site_name\" content=\"Ocab\" \/>\n<meta property=\"article:publisher\" content=\"https:\/\/www.facebook.com\/ocabNL\/\" \/>\n<meta property=\"article:modified_time\" content=\"2024-01-16T10:27:57+00:00\" \/>\n<meta property=\"og:image\" content=\"https:\/\/ocab.nl\/wp-content\/uploads\/2022\/05\/IF-DOWN_UPline-Pendant.png\" \/>\n\t<meta property=\"og:image:width\" content=\"800\" \/>\n\t<meta property=\"og:image:height\" content=\"800\" \/>\n\t<meta property=\"og:image:type\" content=\"image\/png\" \/>\n<meta name=\"twitter:card\" content=\"summary_large_image\" \/>\n<meta name=\"twitter:site\" content=\"@Ocablights\" \/>\n<meta name=\"twitter:label1\" content=\"Gesch\u00e4tzte Lesezeit\" \/>\n\t<meta name=\"twitter:data1\" content=\"1\u00a0Minute\" \/>\n<script type=\"application\/ld+json\" class=\"yoast-schema-graph\">{\"@context\":\"https:\/\/schema.org\",\"@graph\":[{\"@type\":\"WebPage\",\"@id\":\"https:\/\/ocab.nl\/de\/produkt\/ocab-up-down\/\",\"url\":\"https:\/\/ocab.nl\/de\/produkt\/ocab-up-down\/\",\"name\":\"OCAB Up & Down | Ocab\",\"isPartOf\":{\"@id\":\"https:\/\/ocab.nl\/de\/#website\"},\"primaryImageOfPage\":{\"@id\":\"https:\/\/ocab.nl\/de\/produkt\/ocab-up-down\/#primaryimage\"},\"image\":{\"@id\":\"https:\/\/ocab.nl\/de\/produkt\/ocab-up-down\/#primaryimage\"},\"thumbnailUrl\":\"https:\/\/ocab.nl\/wp-content\/uploads\/2022\/05\/IF-DOWN_UPline-Pendant-1.jpg\",\"datePublished\":\"2023-06-22T07:02:46+00:00\",\"dateModified\":\"2024-01-16T10:27:57+00:00\",\"description\":\"Die Up & Down Pendelleuchte ist eine stilvolle Pendelleuchte, die h\u00e4ufig in B\u00fcror\u00e4umen eingesetzt wird. Lesen Sie alles \u00fcber diese Lampe.\",\"breadcrumb\":{\"@id\":\"https:\/\/ocab.nl\/de\/produkt\/ocab-up-down\/#breadcrumb\"},\"inLanguage\":\"de\",\"potentialAction\":[{\"@type\":\"ReadAction\",\"target\":[\"https:\/\/ocab.nl\/de\/produkt\/ocab-up-down\/\"]}]},{\"@type\":\"ImageObject\",\"inLanguage\":\"de\",\"@id\":\"https:\/\/ocab.nl\/de\/produkt\/ocab-up-down\/#primaryimage\",\"url\":\"https:\/\/ocab.nl\/wp-content\/uploads\/2022\/05\/IF-DOWN_UPline-Pendant-1.jpg\",\"contentUrl\":\"https:\/\/ocab.nl\/wp-content\/uploads\/2022\/05\/IF-DOWN_UPline-Pendant-1.jpg\",\"width\":1363,\"height\":800},{\"@type\":\"BreadcrumbList\",\"@id\":\"https:\/\/ocab.nl\/de\/produkt\/ocab-up-down\/#breadcrumb\",\"itemListElement\":[{\"@type\":\"ListItem\",\"position\":1,\"name\":\"Home\",\"item\":\"https:\/\/ocab.nl\/de\/startseite\/\"},{\"@type\":\"ListItem\",\"position\":2,\"name\":\"Produkte\",\"item\":\"https:\/\/ocab.nl\/de\/shop\/\"},{\"@type\":\"ListItem\",\"position\":3,\"name\":\"OCAB Up &#038; Down\"}]},{\"@type\":\"WebSite\",\"@id\":\"https:\/\/ocab.nl\/de\/#website\",\"url\":\"https:\/\/ocab.nl\/de\/\",\"name\":\"Ocab\",\"description\":\"De specialist in lichtoplossingen\",\"publisher\":{\"@id\":\"https:\/\/ocab.nl\/de\/#organization\"},\"potentialAction\":[{\"@type\":\"SearchAction\",\"target\":{\"@type\":\"EntryPoint\",\"urlTemplate\":\"https:\/\/ocab.nl\/de\/?s={search_term_string}\"},\"query-input\":{\"@type\":\"PropertyValueSpecification\",\"valueRequired\":true,\"valueName\":\"search_term_string\"}}],\"inLanguage\":\"de\"},{\"@type\":\"Organization\",\"@id\":\"https:\/\/ocab.nl\/de\/#organization\",\"name\":\"OCAB\",\"url\":\"https:\/\/ocab.nl\/de\/\",\"logo\":{\"@type\":\"ImageObject\",\"inLanguage\":\"de\",\"@id\":\"https:\/\/ocab.nl\/de\/#\/schema\/logo\/image\/\",\"url\":\"https:\/\/ocab.nl\/wp-content\/uploads\/2023\/07\/cropped-favicon.png\",\"contentUrl\":\"https:\/\/ocab.nl\/wp-content\/uploads\/2023\/07\/cropped-favicon.png\",\"width\":512,\"height\":512,\"caption\":\"OCAB\"},\"image\":{\"@id\":\"https:\/\/ocab.nl\/de\/#\/schema\/logo\/image\/\"},\"sameAs\":[\"https:\/\/www.facebook.com\/ocabNL\/\",\"https:\/\/x.com\/Ocablights\",\"https:\/\/www.linkedin.com\/showcase\/ocab-nl\/\",\"https:\/\/switchtron.nl\/\"]}]}<\/script>\n<!-- \/ Yoast SEO plugin. -->","yoast_head_json":{"title":"OCAB Up & Down | Ocab","description":"Die Up & Down Pendelleuchte ist eine stilvolle Pendelleuchte, die h\u00e4ufig in B\u00fcror\u00e4umen eingesetzt wird. Lesen Sie alles \u00fcber diese Lampe.","robots":{"index":"index","follow":"follow","max-snippet":"max-snippet:-1","max-image-preview":"max-image-preview:large","max-video-preview":"max-video-preview:-1"},"canonical":"https:\/\/ocab.nl\/de\/produkt\/ocab-up-down\/","og_locale":"de_DE","og_type":"article","og_title":"OCAB Up & Down | Ocab","og_description":"Die Up & Down Pendelleuchte ist eine stilvolle Pendelleuchte, die h\u00e4ufig in B\u00fcror\u00e4umen eingesetzt wird. Lesen Sie alles \u00fcber diese Lampe.","og_url":"https:\/\/ocab.nl\/de\/produkt\/ocab-up-down\/","og_site_name":"Ocab","article_publisher":"https:\/\/www.facebook.com\/ocabNL\/","article_modified_time":"2024-01-16T10:27:57+00:00","og_image":[{"width":800,"height":800,"url":"https:\/\/ocab.nl\/wp-content\/uploads\/2022\/05\/IF-DOWN_UPline-Pendant.png","type":"image\/png"}],"twitter_card":"summary_large_image","twitter_site":"@Ocablights","twitter_misc":{"Gesch\u00e4tzte Lesezeit":"1\u00a0Minute"},"schema":{"@context":"https:\/\/schema.org","@graph":[{"@type":"WebPage","@id":"https:\/\/ocab.nl\/de\/produkt\/ocab-up-down\/","url":"https:\/\/ocab.nl\/de\/produkt\/ocab-up-down\/","name":"OCAB Up & Down | Ocab","isPartOf":{"@id":"https:\/\/ocab.nl\/de\/#website"},"primaryImageOfPage":{"@id":"https:\/\/ocab.nl\/de\/produkt\/ocab-up-down\/#primaryimage"},"image":{"@id":"https:\/\/ocab.nl\/de\/produkt\/ocab-up-down\/#primaryimage"},"thumbnailUrl":"https:\/\/ocab.nl\/wp-content\/uploads\/2022\/05\/IF-DOWN_UPline-Pendant-1.jpg","datePublished":"2023-06-22T07:02:46+00:00","dateModified":"2024-01-16T10:27:57+00:00","description":"Die Up & Down Pendelleuchte ist eine stilvolle Pendelleuchte, die h\u00e4ufig in B\u00fcror\u00e4umen eingesetzt wird. Lesen Sie alles \u00fcber diese Lampe.","breadcrumb":{"@id":"https:\/\/ocab.nl\/de\/produkt\/ocab-up-down\/#breadcrumb"},"inLanguage":"de","potentialAction":[{"@type":"ReadAction","target":["https:\/\/ocab.nl\/de\/produkt\/ocab-up-down\/"]}]},{"@type":"ImageObject","inLanguage":"de","@id":"https:\/\/ocab.nl\/de\/produkt\/ocab-up-down\/#primaryimage","url":"https:\/\/ocab.nl\/wp-content\/uploads\/2022\/05\/IF-DOWN_UPline-Pendant-1.jpg","contentUrl":"https:\/\/ocab.nl\/wp-content\/uploads\/2022\/05\/IF-DOWN_UPline-Pendant-1.jpg","width":1363,"height":800},{"@type":"BreadcrumbList","@id":"https:\/\/ocab.nl\/de\/produkt\/ocab-up-down\/#breadcrumb","itemListElement":[{"@type":"ListItem","position":1,"name":"Home","item":"https:\/\/ocab.nl\/de\/startseite\/"},{"@type":"ListItem","position":2,"name":"Produkte","item":"https:\/\/ocab.nl\/de\/shop\/"},{"@type":"ListItem","position":3,"name":"OCAB Up &#038; Down"}]},{"@type":"WebSite","@id":"https:\/\/ocab.nl\/de\/#website","url":"https:\/\/ocab.nl\/de\/","name":"Ocab","description":"De specialist in lichtoplossingen","publisher":{"@id":"https:\/\/ocab.nl\/de\/#organization"},"potentialAction":[{"@type":"SearchAction","target":{"@type":"EntryPoint","urlTemplate":"https:\/\/ocab.nl\/de\/?s={search_term_string}"},"query-input":{"@type":"PropertyValueSpecification","valueRequired":true,"valueName":"search_term_string"}}],"inLanguage":"de"},{"@type":"Organization","@id":"https:\/\/ocab.nl\/de\/#organization","name":"OCAB","url":"https:\/\/ocab.nl\/de\/","logo":{"@type":"ImageObject","inLanguage":"de","@id":"https:\/\/ocab.nl\/de\/#\/schema\/logo\/image\/","url":"https:\/\/ocab.nl\/wp-content\/uploads\/2023\/07\/cropped-favicon.png","contentUrl":"https:\/\/ocab.nl\/wp-content\/uploads\/2023\/07\/cropped-favicon.png","width":512,"height":512,"caption":"OCAB"},"image":{"@id":"https:\/\/ocab.nl\/de\/#\/schema\/logo\/image\/"},"sameAs":["https:\/\/www.facebook.com\/ocabNL\/","https:\/\/x.com\/Ocablights","https:\/\/www.linkedin.com\/showcase\/ocab-nl\/","https:\/\/switchtron.nl\/"]}]}},"_links":{"self":[{"href":"https:\/\/ocab.nl\/de\/wp-json\/wp\/v2\/product\/2015","targetHints":{"allow":["GET"]}}],"collection":[{"href":"https:\/\/ocab.nl\/de\/wp-json\/wp\/v2\/product"}],"about":[{"href":"https:\/\/ocab.nl\/de\/wp-json\/wp\/v2\/types\/product"}],"wp:featuredmedia":[{"embeddable":true,"href":"https:\/\/ocab.nl\/de\/wp-json\/wp\/v2\/media\/3471"}],"wp:attachment":[{"href":"https:\/\/ocab.nl\/de\/wp-json\/wp\/v2\/media?parent=2015"}],"wp:term":[{"taxonomy":"product_brand","embeddable":true,"href":"https:\/\/ocab.nl\/de\/wp-json\/wp\/v2\/product_brand?post=2015"},{"taxonomy":"product_cat","embeddable":true,"href":"https:\/\/ocab.nl\/de\/wp-json\/wp\/v2\/product_cat?post=2015"},{"taxonomy":"product_tag","embeddable":true,"href":"https:\/\/ocab.nl\/de\/wp-json\/wp\/v2\/product_tag?post=2015"}],"curies":[{"name":"wp","href":"https:\/\/api.w.org\/{rel}","templated":true}]}}