{"id":3415,"date":"2024-06-17T10:16:05","date_gmt":"2024-06-17T08:16:05","guid":{"rendered":"https:\/\/ocab.nl\/sie-suchen-nach-einem-professionellen-beleuchtungsplan-fuer-ihr-unternehmen\/"},"modified":"2024-07-25T10:41:07","modified_gmt":"2024-07-25T08:41:07","slug":"sie-suchen-nach-einem-professionellen-beleuchtungsplan-fuer-ihr-unternehmen","status":"publish","type":"page","link":"https:\/\/ocab.nl\/de\/sie-suchen-nach-einem-professionellen-beleuchtungsplan-fuer-ihr-unternehmen\/","title":{"rendered":"Sie suchen nach einem professionellen Beleuchtungsplan f\u00fcr Ihr Unternehmen?"},"content":{"rendered":"\n<p>Ben\u00f6tigen Sie Hilfe bei der Beleuchtung in Ihrem Unternehmen? Ein Beleuchtungsplan kann helfen. Bei der Beleuchtungsberatung werden mehrere Faktoren ber\u00fccksichtigt, wie z.B. die Anforderungen, aber auch die technischen M\u00f6glichkeiten und gesetzlichen Vorschriften f\u00fcr jeden Raum. Wir haben jahrelange Erfahrung in der Erstellung von Beleuchtungspl\u00e4nen. Nehmen Sie Kontakt mit uns auf, um die M\u00f6glichkeiten zu besprechen.<\/p>\n\n<h2 class=\"wp-block-heading\">Die richtige Beleuchtung f\u00fcr jeden Raum<\/h2>\n\n<p>Da jeder Raum seine eigene Funktion hat, kann auch das Licht von Raum zu Raum variieren. Bestimmte Aufgaben k\u00f6nnen auch eine bestimmte Beleuchtung erfordern. Der Beleuchtungsplan kann dies ber\u00fccksichtigen, so dass jeder Raum optimal beleuchtet ist. Ein individueller Beleuchtungsplan erfordert daher spezifische Informationen \u00fcber die Abmessungen, Objekte und aktuellen Lichtquellen im Raum.<\/p>\n\n<p>Als Beleuchtungslieferant k\u00f6nnen wir bei Bedarf auch ma\u00dfgeschneiderte L\u00f6sungen f\u00fcr die Beleuchtung anbieten. Auf diese Weise sind Sie nicht auf Standardgr\u00f6\u00dfen f\u00fcr Leuchten festgelegt, sondern die Beleuchtung kann vollst\u00e4ndig auf die W\u00fcnsche und Anforderungen Ihres Unternehmens zugeschnitten und m\u00f6glicherweise auch entworfen werden. Wir k\u00f6nnen die Leuchten so gestalten, dass sie genau den Bed\u00fcrfnissen eines Raumes entsprechen. Auch hier schrecken wir nicht vor einer Herausforderung zur\u00fcck. Auch mit unseren Standardbeleuchtungsdesigns und -produkten k\u00f6nnen wir die gew\u00fcnschte Atmosph\u00e4re in R\u00e4umen schaffen.<\/p>\n\n<h2 class=\"wp-block-heading\">Durchg\u00e4ngig energieeffizient<\/h2>\n\n<p>Da Nachhaltigkeit ein immer wichtigeres Thema in Unternehmen ist, kann ein Beleuchtungsplan auch dazu beitragen. Denken Sie zum Beispiel an die Umstellung auf LED-Beleuchtung. Indem Sie die vorhandenen Gl\u00fchbirnen ersetzen oder die vorhandene Beleuchtung in den R\u00e4umen effizienter gestalten, k\u00f6nnen Sie Energie sparen. Diese Faktoren werden ber\u00fccksichtigt, wenn Sie einen Beleuchtungsplan erstellen lassen.<\/p>\n\n<h2 class=\"wp-block-heading\">F\u00fcr einen ma\u00dfgeschneiderten Beleuchtungsplan k\u00f6nnen Sie uns gerne kontaktieren<\/h2>\n\n<p>M\u00f6chten Sie einen Beleuchtungsplan erstellen lassen? Wenn ja, kontaktieren Sie uns bitte! Wir informieren Sie gerne \u00fcber unsere Dienstleistungen und erstellen einen ma\u00dfgeschneiderten Beleuchtungsplan.<\/p>\n\n<div class=\"information\"><a class=\"btn\" href=\"https:\/\/ocab.nl\/contact\/\">Stellen Sie uns eine Frage<\/a><a class=\"btn btn-outline icon-phone\" href=\"tel:+31321328050\">+31 321 328 050<\/a><\/div>\n","protected":false},"excerpt":{"rendered":"<p>Ben\u00f6tigen Sie Hilfe bei der Beleuchtung in Ihrem Unternehmen? Ein Beleuchtungsplan kann helfen. Bei der Beleuchtungsberatung werden mehrere Faktoren ber\u00fccksichtigt, wie z.B. die Anforderungen, aber auch die technischen M\u00f6glichkeiten und gesetzlichen Vorschriften f\u00fcr jeden Raum. Wir haben jahrelange Erfahrung in der Erstellung von Beleuchtungspl\u00e4nen. Nehmen Sie Kontakt mit uns auf, um die M\u00f6glichkeiten zu besprechen. [&hellip;]<\/p>\n","protected":false},"author":3,"featured_media":1601,"parent":0,"menu_order":0,"comment_status":"closed","ping_status":"closed","template":"","meta":{"_acf_changed":false,"inline_featured_image":false,"footnotes":""},"class_list":["post-3415","page","type-page","status-publish","has-post-thumbnail","hentry"],"acf":[],"yoast_head":"<!-- This site is optimized with the Yoast SEO plugin v27.2 - https:\/\/yoast.com\/product\/yoast-seo-wordpress\/ -->\n<title>Sie suchen nach einem professionellen Beleuchtungsplan f\u00fcr Ihr Unternehmen? | Ocab<\/title>\n<meta name=\"robots\" content=\"index, follow, max-snippet:-1, max-image-preview:large, max-video-preview:-1\" \/>\n<link rel=\"canonical\" href=\"https:\/\/ocab.nl\/de\/sie-suchen-nach-einem-professionellen-beleuchtungsplan-fuer-ihr-unternehmen\/\" \/>\n<meta property=\"og:locale\" content=\"de_DE\" \/>\n<meta property=\"og:type\" content=\"article\" \/>\n<meta property=\"og:title\" content=\"Sie suchen nach einem professionellen Beleuchtungsplan f\u00fcr Ihr Unternehmen? | Ocab\" \/>\n<meta property=\"og:description\" content=\"Ben\u00f6tigen Sie Hilfe bei der Beleuchtung in Ihrem Unternehmen? Ein Beleuchtungsplan kann helfen. Bei der Beleuchtungsberatung werden mehrere Faktoren ber\u00fccksichtigt, wie z.B. die Anforderungen, aber auch die technischen M\u00f6glichkeiten und gesetzlichen Vorschriften f\u00fcr jeden Raum. Wir haben jahrelange Erfahrung in der Erstellung von Beleuchtungspl\u00e4nen. Nehmen Sie Kontakt mit uns auf, um die M\u00f6glichkeiten zu besprechen. [&hellip;]\" \/>\n<meta property=\"og:url\" content=\"https:\/\/ocab.nl\/de\/sie-suchen-nach-einem-professionellen-beleuchtungsplan-fuer-ihr-unternehmen\/\" \/>\n<meta property=\"og:site_name\" content=\"Ocab\" \/>\n<meta property=\"article:publisher\" content=\"https:\/\/www.facebook.com\/ocabNL\/\" \/>\n<meta property=\"article:modified_time\" content=\"2024-07-25T08:41:07+00:00\" \/>\n<meta property=\"og:image\" content=\"https:\/\/ocab.nl\/wp-content\/uploads\/2022\/12\/ACP-04-1.jpeg\" \/>\n\t<meta property=\"og:image:width\" content=\"1000\" \/>\n\t<meta property=\"og:image:height\" content=\"554\" \/>\n\t<meta property=\"og:image:type\" content=\"image\/jpeg\" \/>\n<meta name=\"twitter:card\" content=\"summary_large_image\" \/>\n<meta name=\"twitter:site\" content=\"@Ocablights\" \/>\n<meta name=\"twitter:label1\" content=\"Gesch\u00e4tzte Lesezeit\" \/>\n\t<meta name=\"twitter:data1\" content=\"2\u00a0Minuten\" \/>\n<script type=\"application\/ld+json\" class=\"yoast-schema-graph\">{\"@context\":\"https:\/\/schema.org\",\"@graph\":[{\"@type\":\"WebPage\",\"@id\":\"https:\/\/ocab.nl\/de\/sie-suchen-nach-einem-professionellen-beleuchtungsplan-fuer-ihr-unternehmen\/\",\"url\":\"https:\/\/ocab.nl\/de\/sie-suchen-nach-einem-professionellen-beleuchtungsplan-fuer-ihr-unternehmen\/\",\"name\":\"Sie suchen nach einem professionellen Beleuchtungsplan f\u00fcr Ihr Unternehmen? | Ocab\",\"isPartOf\":{\"@id\":\"https:\/\/ocab.nl\/de\/#website\"},\"primaryImageOfPage\":{\"@id\":\"https:\/\/ocab.nl\/de\/sie-suchen-nach-einem-professionellen-beleuchtungsplan-fuer-ihr-unternehmen\/#primaryimage\"},\"image\":{\"@id\":\"https:\/\/ocab.nl\/de\/sie-suchen-nach-einem-professionellen-beleuchtungsplan-fuer-ihr-unternehmen\/#primaryimage\"},\"thumbnailUrl\":\"https:\/\/ocab.nl\/wp-content\/uploads\/2022\/12\/ACP-04-1.jpeg\",\"datePublished\":\"2024-06-17T08:16:05+00:00\",\"dateModified\":\"2024-07-25T08:41:07+00:00\",\"breadcrumb\":{\"@id\":\"https:\/\/ocab.nl\/de\/sie-suchen-nach-einem-professionellen-beleuchtungsplan-fuer-ihr-unternehmen\/#breadcrumb\"},\"inLanguage\":\"de\",\"potentialAction\":[{\"@type\":\"ReadAction\",\"target\":[\"https:\/\/ocab.nl\/de\/sie-suchen-nach-einem-professionellen-beleuchtungsplan-fuer-ihr-unternehmen\/\"]}]},{\"@type\":\"ImageObject\",\"inLanguage\":\"de\",\"@id\":\"https:\/\/ocab.nl\/de\/sie-suchen-nach-einem-professionellen-beleuchtungsplan-fuer-ihr-unternehmen\/#primaryimage\",\"url\":\"https:\/\/ocab.nl\/wp-content\/uploads\/2022\/12\/ACP-04-1.jpeg\",\"contentUrl\":\"https:\/\/ocab.nl\/wp-content\/uploads\/2022\/12\/ACP-04-1.jpeg\",\"width\":1000,\"height\":554},{\"@type\":\"BreadcrumbList\",\"@id\":\"https:\/\/ocab.nl\/de\/sie-suchen-nach-einem-professionellen-beleuchtungsplan-fuer-ihr-unternehmen\/#breadcrumb\",\"itemListElement\":[{\"@type\":\"ListItem\",\"position\":1,\"name\":\"Home\",\"item\":\"https:\/\/ocab.nl\/de\/startseite\/\"},{\"@type\":\"ListItem\",\"position\":2,\"name\":\"Sie suchen nach einem professionellen Beleuchtungsplan f\u00fcr Ihr Unternehmen?\"}]},{\"@type\":\"WebSite\",\"@id\":\"https:\/\/ocab.nl\/de\/#website\",\"url\":\"https:\/\/ocab.nl\/de\/\",\"name\":\"Ocab\",\"description\":\"De specialist in lichtoplossingen\",\"publisher\":{\"@id\":\"https:\/\/ocab.nl\/de\/#organization\"},\"potentialAction\":[{\"@type\":\"SearchAction\",\"target\":{\"@type\":\"EntryPoint\",\"urlTemplate\":\"https:\/\/ocab.nl\/de\/?s={search_term_string}\"},\"query-input\":{\"@type\":\"PropertyValueSpecification\",\"valueRequired\":true,\"valueName\":\"search_term_string\"}}],\"inLanguage\":\"de\"},{\"@type\":\"Organization\",\"@id\":\"https:\/\/ocab.nl\/de\/#organization\",\"name\":\"OCAB\",\"url\":\"https:\/\/ocab.nl\/de\/\",\"logo\":{\"@type\":\"ImageObject\",\"inLanguage\":\"de\",\"@id\":\"https:\/\/ocab.nl\/de\/#\/schema\/logo\/image\/\",\"url\":\"https:\/\/ocab.nl\/wp-content\/uploads\/2023\/07\/cropped-favicon.png\",\"contentUrl\":\"https:\/\/ocab.nl\/wp-content\/uploads\/2023\/07\/cropped-favicon.png\",\"width\":512,\"height\":512,\"caption\":\"OCAB\"},\"image\":{\"@id\":\"https:\/\/ocab.nl\/de\/#\/schema\/logo\/image\/\"},\"sameAs\":[\"https:\/\/www.facebook.com\/ocabNL\/\",\"https:\/\/x.com\/Ocablights\",\"https:\/\/www.linkedin.com\/showcase\/ocab-nl\/\",\"https:\/\/switchtron.nl\/\"]}]}<\/script>\n<!-- \/ Yoast SEO plugin. -->","yoast_head_json":{"title":"Sie suchen nach einem professionellen Beleuchtungsplan f\u00fcr Ihr Unternehmen? | Ocab","robots":{"index":"index","follow":"follow","max-snippet":"max-snippet:-1","max-image-preview":"max-image-preview:large","max-video-preview":"max-video-preview:-1"},"canonical":"https:\/\/ocab.nl\/de\/sie-suchen-nach-einem-professionellen-beleuchtungsplan-fuer-ihr-unternehmen\/","og_locale":"de_DE","og_type":"article","og_title":"Sie suchen nach einem professionellen Beleuchtungsplan f\u00fcr Ihr Unternehmen? | Ocab","og_description":"Ben\u00f6tigen Sie Hilfe bei der Beleuchtung in Ihrem Unternehmen? Ein Beleuchtungsplan kann helfen. Bei der Beleuchtungsberatung werden mehrere Faktoren ber\u00fccksichtigt, wie z.B. die Anforderungen, aber auch die technischen M\u00f6glichkeiten und gesetzlichen Vorschriften f\u00fcr jeden Raum. Wir haben jahrelange Erfahrung in der Erstellung von Beleuchtungspl\u00e4nen. Nehmen Sie Kontakt mit uns auf, um die M\u00f6glichkeiten zu besprechen. [&hellip;]","og_url":"https:\/\/ocab.nl\/de\/sie-suchen-nach-einem-professionellen-beleuchtungsplan-fuer-ihr-unternehmen\/","og_site_name":"Ocab","article_publisher":"https:\/\/www.facebook.com\/ocabNL\/","article_modified_time":"2024-07-25T08:41:07+00:00","og_image":[{"width":1000,"height":554,"url":"https:\/\/ocab.nl\/wp-content\/uploads\/2022\/12\/ACP-04-1.jpeg","type":"image\/jpeg"}],"twitter_card":"summary_large_image","twitter_site":"@Ocablights","twitter_misc":{"Gesch\u00e4tzte Lesezeit":"2\u00a0Minuten"},"schema":{"@context":"https:\/\/schema.org","@graph":[{"@type":"WebPage","@id":"https:\/\/ocab.nl\/de\/sie-suchen-nach-einem-professionellen-beleuchtungsplan-fuer-ihr-unternehmen\/","url":"https:\/\/ocab.nl\/de\/sie-suchen-nach-einem-professionellen-beleuchtungsplan-fuer-ihr-unternehmen\/","name":"Sie suchen nach einem professionellen Beleuchtungsplan f\u00fcr Ihr Unternehmen? | Ocab","isPartOf":{"@id":"https:\/\/ocab.nl\/de\/#website"},"primaryImageOfPage":{"@id":"https:\/\/ocab.nl\/de\/sie-suchen-nach-einem-professionellen-beleuchtungsplan-fuer-ihr-unternehmen\/#primaryimage"},"image":{"@id":"https:\/\/ocab.nl\/de\/sie-suchen-nach-einem-professionellen-beleuchtungsplan-fuer-ihr-unternehmen\/#primaryimage"},"thumbnailUrl":"https:\/\/ocab.nl\/wp-content\/uploads\/2022\/12\/ACP-04-1.jpeg","datePublished":"2024-06-17T08:16:05+00:00","dateModified":"2024-07-25T08:41:07+00:00","breadcrumb":{"@id":"https:\/\/ocab.nl\/de\/sie-suchen-nach-einem-professionellen-beleuchtungsplan-fuer-ihr-unternehmen\/#breadcrumb"},"inLanguage":"de","potentialAction":[{"@type":"ReadAction","target":["https:\/\/ocab.nl\/de\/sie-suchen-nach-einem-professionellen-beleuchtungsplan-fuer-ihr-unternehmen\/"]}]},{"@type":"ImageObject","inLanguage":"de","@id":"https:\/\/ocab.nl\/de\/sie-suchen-nach-einem-professionellen-beleuchtungsplan-fuer-ihr-unternehmen\/#primaryimage","url":"https:\/\/ocab.nl\/wp-content\/uploads\/2022\/12\/ACP-04-1.jpeg","contentUrl":"https:\/\/ocab.nl\/wp-content\/uploads\/2022\/12\/ACP-04-1.jpeg","width":1000,"height":554},{"@type":"BreadcrumbList","@id":"https:\/\/ocab.nl\/de\/sie-suchen-nach-einem-professionellen-beleuchtungsplan-fuer-ihr-unternehmen\/#breadcrumb","itemListElement":[{"@type":"ListItem","position":1,"name":"Home","item":"https:\/\/ocab.nl\/de\/startseite\/"},{"@type":"ListItem","position":2,"name":"Sie suchen nach einem professionellen Beleuchtungsplan f\u00fcr Ihr Unternehmen?"}]},{"@type":"WebSite","@id":"https:\/\/ocab.nl\/de\/#website","url":"https:\/\/ocab.nl\/de\/","name":"Ocab","description":"De specialist in lichtoplossingen","publisher":{"@id":"https:\/\/ocab.nl\/de\/#organization"},"potentialAction":[{"@type":"SearchAction","target":{"@type":"EntryPoint","urlTemplate":"https:\/\/ocab.nl\/de\/?s={search_term_string}"},"query-input":{"@type":"PropertyValueSpecification","valueRequired":true,"valueName":"search_term_string"}}],"inLanguage":"de"},{"@type":"Organization","@id":"https:\/\/ocab.nl\/de\/#organization","name":"OCAB","url":"https:\/\/ocab.nl\/de\/","logo":{"@type":"ImageObject","inLanguage":"de","@id":"https:\/\/ocab.nl\/de\/#\/schema\/logo\/image\/","url":"https:\/\/ocab.nl\/wp-content\/uploads\/2023\/07\/cropped-favicon.png","contentUrl":"https:\/\/ocab.nl\/wp-content\/uploads\/2023\/07\/cropped-favicon.png","width":512,"height":512,"caption":"OCAB"},"image":{"@id":"https:\/\/ocab.nl\/de\/#\/schema\/logo\/image\/"},"sameAs":["https:\/\/www.facebook.com\/ocabNL\/","https:\/\/x.com\/Ocablights","https:\/\/www.linkedin.com\/showcase\/ocab-nl\/","https:\/\/switchtron.nl\/"]}]}},"_links":{"self":[{"href":"https:\/\/ocab.nl\/de\/wp-json\/wp\/v2\/pages\/3415","targetHints":{"allow":["GET"]}}],"collection":[{"href":"https:\/\/ocab.nl\/de\/wp-json\/wp\/v2\/pages"}],"about":[{"href":"https:\/\/ocab.nl\/de\/wp-json\/wp\/v2\/types\/page"}],"author":[{"embeddable":true,"href":"https:\/\/ocab.nl\/de\/wp-json\/wp\/v2\/users\/3"}],"replies":[{"embeddable":true,"href":"https:\/\/ocab.nl\/de\/wp-json\/wp\/v2\/comments?post=3415"}],"version-history":[{"count":0,"href":"https:\/\/ocab.nl\/de\/wp-json\/wp\/v2\/pages\/3415\/revisions"}],"wp:featuredmedia":[{"embeddable":true,"href":"https:\/\/ocab.nl\/de\/wp-json\/wp\/v2\/media\/1601"}],"wp:attachment":[{"href":"https:\/\/ocab.nl\/de\/wp-json\/wp\/v2\/media?parent=3415"}],"curies":[{"name":"wp","href":"https:\/\/api.w.org\/{rel}","templated":true}]}}