{"id":3320,"date":"2024-05-15T16:13:29","date_gmt":"2024-05-15T14:13:29","guid":{"rendered":"https:\/\/ocab.nl\/beleuchtung-der-turnhalle\/"},"modified":"2024-05-30T08:28:12","modified_gmt":"2024-05-30T06:28:12","slug":"beleuchtung-der-turnhalle","status":"publish","type":"page","link":"https:\/\/ocab.nl\/de\/beleuchtung-der-turnhalle\/","title":{"rendered":"Beleuchtung der Turnhalle"},"content":{"rendered":"\n<p>Mit der Ocab LED-Beleuchtung gibt es kein Flackern und die Wartungskosten sind minimal. Eine gute Beleuchtung in einer Sporthalle ist entscheidend f\u00fcr Sportler, Zuschauer und Personal. Die Bestimmung der erforderlichen Lichtintensit\u00e4t ist entscheidend f\u00fcr die angemessene Beleuchtung der verschiedenen Bereiche innerhalb der Sportanlage, wobei die Gr\u00f6\u00dfe und H\u00f6he des Raums zu ber\u00fccksichtigen sind. Die Installation der richtigen Beleuchtung verbessert nicht nur die sportliche Leistung, sondern steigert auch den Spa\u00df am Sport.<\/p>\n\n<p>Ein gleichm\u00e4\u00dfiges Lichtmuster ist sehr wichtig, um die Sicherheit zu gew\u00e4hrleisten, insbesondere bei Mannschaftssportarten, bei denen ein Unfall schon in einer kleinen Ecke passieren kann. Es ist wichtig zu wissen, dass die Beleuchtung von Sporthallen bestimmten Richtlinien entsprechen muss, die wir bei Ocab genau kennen. Wir k\u00f6nnen einen ma\u00dfgeschneiderten Beleuchtungsplan f\u00fcr die neue Beleuchtung in Ihrer Sporthalle erstellen. Von der Beleuchtung an der Decke bis hin zur Beleuchtung an den W\u00e4nden oder in der N\u00e4he der Bar, wir geben Ihnen gerne gute Ratschl\u00e4ge f\u00fcr die Beleuchtung von Fitnessstudios.<\/p>\n","protected":false},"excerpt":{"rendered":"<p>Mit der Ocab LED-Beleuchtung gibt es kein Flackern und die Wartungskosten sind minimal. Eine gute Beleuchtung in einer Sporthalle ist entscheidend f\u00fcr Sportler, Zuschauer und Personal. Die Bestimmung der erforderlichen Lichtintensit\u00e4t ist entscheidend f\u00fcr die angemessene Beleuchtung der verschiedenen Bereiche innerhalb der Sportanlage, wobei die Gr\u00f6\u00dfe und H\u00f6he des Raums zu ber\u00fccksichtigen sind. Die Installation [&hellip;]<\/p>\n","protected":false},"author":3,"featured_media":2759,"parent":0,"menu_order":0,"comment_status":"closed","ping_status":"closed","template":"template-lp.php","meta":{"_acf_changed":false,"inline_featured_image":false,"footnotes":""},"class_list":["post-3320","page","type-page","status-publish","has-post-thumbnail","hentry"],"acf":[],"yoast_head":"<!-- This site is optimized with the Yoast SEO plugin v27.2 - https:\/\/yoast.com\/product\/yoast-seo-wordpress\/ -->\n<title>Beleuchtung der Turnhalle | Ocab<\/title>\n<meta name=\"description\" content=\"Eine gute Beleuchtung in einem Fitnessstudio ist f\u00fcr Sportler unerl\u00e4sslich. Dar\u00fcber hinaus sollte auch die Beleuchtung der Turnhalle den Anforderungen entsprechen.\" \/>\n<meta name=\"robots\" content=\"index, follow, max-snippet:-1, max-image-preview:large, max-video-preview:-1\" \/>\n<link rel=\"canonical\" href=\"https:\/\/ocab.nl\/de\/beleuchtung-der-turnhalle\/\" \/>\n<meta property=\"og:locale\" content=\"de_DE\" \/>\n<meta property=\"og:type\" content=\"article\" \/>\n<meta property=\"og:title\" content=\"Beleuchtung der Turnhalle | Ocab\" \/>\n<meta property=\"og:description\" content=\"Eine gute Beleuchtung in einem Fitnessstudio ist f\u00fcr Sportler unerl\u00e4sslich. Dar\u00fcber hinaus sollte auch die Beleuchtung der Turnhalle den Anforderungen entsprechen.\" \/>\n<meta property=\"og:url\" content=\"https:\/\/ocab.nl\/de\/beleuchtung-der-turnhalle\/\" \/>\n<meta property=\"og:site_name\" content=\"Ocab\" \/>\n<meta property=\"article:publisher\" content=\"https:\/\/www.facebook.com\/ocabNL\/\" \/>\n<meta property=\"article:modified_time\" content=\"2024-05-30T06:28:12+00:00\" \/>\n<meta property=\"og:image\" content=\"https:\/\/ocab.nl\/wp-content\/uploads\/2023\/10\/KNAAPHAL-04-1.jpg\" \/>\n\t<meta property=\"og:image:width\" content=\"1100\" \/>\n\t<meta property=\"og:image:height\" content=\"610\" \/>\n\t<meta property=\"og:image:type\" content=\"image\/jpeg\" \/>\n<meta name=\"twitter:card\" content=\"summary_large_image\" \/>\n<meta name=\"twitter:site\" content=\"@Ocablights\" \/>\n<meta name=\"twitter:label1\" content=\"Gesch\u00e4tzte Lesezeit\" \/>\n\t<meta name=\"twitter:data1\" content=\"1\u00a0Minute\" \/>\n<script type=\"application\/ld+json\" class=\"yoast-schema-graph\">{\"@context\":\"https:\/\/schema.org\",\"@graph\":[{\"@type\":\"WebPage\",\"@id\":\"https:\/\/ocab.nl\/de\/beleuchtung-der-turnhalle\/\",\"url\":\"https:\/\/ocab.nl\/de\/beleuchtung-der-turnhalle\/\",\"name\":\"Beleuchtung der Turnhalle | Ocab\",\"isPartOf\":{\"@id\":\"https:\/\/ocab.nl\/de\/#website\"},\"primaryImageOfPage\":{\"@id\":\"https:\/\/ocab.nl\/de\/beleuchtung-der-turnhalle\/#primaryimage\"},\"image\":{\"@id\":\"https:\/\/ocab.nl\/de\/beleuchtung-der-turnhalle\/#primaryimage\"},\"thumbnailUrl\":\"https:\/\/ocab.nl\/wp-content\/uploads\/2023\/10\/KNAAPHAL-04-1.jpg\",\"datePublished\":\"2024-05-15T14:13:29+00:00\",\"dateModified\":\"2024-05-30T06:28:12+00:00\",\"description\":\"Eine gute Beleuchtung in einem Fitnessstudio ist f\u00fcr Sportler unerl\u00e4sslich. Dar\u00fcber hinaus sollte auch die Beleuchtung der Turnhalle den Anforderungen entsprechen.\",\"breadcrumb\":{\"@id\":\"https:\/\/ocab.nl\/de\/beleuchtung-der-turnhalle\/#breadcrumb\"},\"inLanguage\":\"de\",\"potentialAction\":[{\"@type\":\"ReadAction\",\"target\":[\"https:\/\/ocab.nl\/de\/beleuchtung-der-turnhalle\/\"]}]},{\"@type\":\"ImageObject\",\"inLanguage\":\"de\",\"@id\":\"https:\/\/ocab.nl\/de\/beleuchtung-der-turnhalle\/#primaryimage\",\"url\":\"https:\/\/ocab.nl\/wp-content\/uploads\/2023\/10\/KNAAPHAL-04-1.jpg\",\"contentUrl\":\"https:\/\/ocab.nl\/wp-content\/uploads\/2023\/10\/KNAAPHAL-04-1.jpg\",\"width\":1100,\"height\":610},{\"@type\":\"BreadcrumbList\",\"@id\":\"https:\/\/ocab.nl\/de\/beleuchtung-der-turnhalle\/#breadcrumb\",\"itemListElement\":[{\"@type\":\"ListItem\",\"position\":1,\"name\":\"Home\",\"item\":\"https:\/\/ocab.nl\/de\/startseite\/\"},{\"@type\":\"ListItem\",\"position\":2,\"name\":\"Beleuchtung der Turnhalle\"}]},{\"@type\":\"WebSite\",\"@id\":\"https:\/\/ocab.nl\/de\/#website\",\"url\":\"https:\/\/ocab.nl\/de\/\",\"name\":\"Ocab\",\"description\":\"De specialist in lichtoplossingen\",\"publisher\":{\"@id\":\"https:\/\/ocab.nl\/de\/#organization\"},\"potentialAction\":[{\"@type\":\"SearchAction\",\"target\":{\"@type\":\"EntryPoint\",\"urlTemplate\":\"https:\/\/ocab.nl\/de\/?s={search_term_string}\"},\"query-input\":{\"@type\":\"PropertyValueSpecification\",\"valueRequired\":true,\"valueName\":\"search_term_string\"}}],\"inLanguage\":\"de\"},{\"@type\":\"Organization\",\"@id\":\"https:\/\/ocab.nl\/de\/#organization\",\"name\":\"OCAB\",\"url\":\"https:\/\/ocab.nl\/de\/\",\"logo\":{\"@type\":\"ImageObject\",\"inLanguage\":\"de\",\"@id\":\"https:\/\/ocab.nl\/de\/#\/schema\/logo\/image\/\",\"url\":\"https:\/\/ocab.nl\/wp-content\/uploads\/2023\/07\/cropped-favicon.png\",\"contentUrl\":\"https:\/\/ocab.nl\/wp-content\/uploads\/2023\/07\/cropped-favicon.png\",\"width\":512,\"height\":512,\"caption\":\"OCAB\"},\"image\":{\"@id\":\"https:\/\/ocab.nl\/de\/#\/schema\/logo\/image\/\"},\"sameAs\":[\"https:\/\/www.facebook.com\/ocabNL\/\",\"https:\/\/x.com\/Ocablights\",\"https:\/\/www.linkedin.com\/showcase\/ocab-nl\/\",\"https:\/\/switchtron.nl\/\"]}]}<\/script>\n<!-- \/ Yoast SEO plugin. -->","yoast_head_json":{"title":"Beleuchtung der Turnhalle | Ocab","description":"Eine gute Beleuchtung in einem Fitnessstudio ist f\u00fcr Sportler unerl\u00e4sslich. Dar\u00fcber hinaus sollte auch die Beleuchtung der Turnhalle den Anforderungen entsprechen.","robots":{"index":"index","follow":"follow","max-snippet":"max-snippet:-1","max-image-preview":"max-image-preview:large","max-video-preview":"max-video-preview:-1"},"canonical":"https:\/\/ocab.nl\/de\/beleuchtung-der-turnhalle\/","og_locale":"de_DE","og_type":"article","og_title":"Beleuchtung der Turnhalle | Ocab","og_description":"Eine gute Beleuchtung in einem Fitnessstudio ist f\u00fcr Sportler unerl\u00e4sslich. Dar\u00fcber hinaus sollte auch die Beleuchtung der Turnhalle den Anforderungen entsprechen.","og_url":"https:\/\/ocab.nl\/de\/beleuchtung-der-turnhalle\/","og_site_name":"Ocab","article_publisher":"https:\/\/www.facebook.com\/ocabNL\/","article_modified_time":"2024-05-30T06:28:12+00:00","og_image":[{"width":1100,"height":610,"url":"https:\/\/ocab.nl\/wp-content\/uploads\/2023\/10\/KNAAPHAL-04-1.jpg","type":"image\/jpeg"}],"twitter_card":"summary_large_image","twitter_site":"@Ocablights","twitter_misc":{"Gesch\u00e4tzte Lesezeit":"1\u00a0Minute"},"schema":{"@context":"https:\/\/schema.org","@graph":[{"@type":"WebPage","@id":"https:\/\/ocab.nl\/de\/beleuchtung-der-turnhalle\/","url":"https:\/\/ocab.nl\/de\/beleuchtung-der-turnhalle\/","name":"Beleuchtung der Turnhalle | Ocab","isPartOf":{"@id":"https:\/\/ocab.nl\/de\/#website"},"primaryImageOfPage":{"@id":"https:\/\/ocab.nl\/de\/beleuchtung-der-turnhalle\/#primaryimage"},"image":{"@id":"https:\/\/ocab.nl\/de\/beleuchtung-der-turnhalle\/#primaryimage"},"thumbnailUrl":"https:\/\/ocab.nl\/wp-content\/uploads\/2023\/10\/KNAAPHAL-04-1.jpg","datePublished":"2024-05-15T14:13:29+00:00","dateModified":"2024-05-30T06:28:12+00:00","description":"Eine gute Beleuchtung in einem Fitnessstudio ist f\u00fcr Sportler unerl\u00e4sslich. Dar\u00fcber hinaus sollte auch die Beleuchtung der Turnhalle den Anforderungen entsprechen.","breadcrumb":{"@id":"https:\/\/ocab.nl\/de\/beleuchtung-der-turnhalle\/#breadcrumb"},"inLanguage":"de","potentialAction":[{"@type":"ReadAction","target":["https:\/\/ocab.nl\/de\/beleuchtung-der-turnhalle\/"]}]},{"@type":"ImageObject","inLanguage":"de","@id":"https:\/\/ocab.nl\/de\/beleuchtung-der-turnhalle\/#primaryimage","url":"https:\/\/ocab.nl\/wp-content\/uploads\/2023\/10\/KNAAPHAL-04-1.jpg","contentUrl":"https:\/\/ocab.nl\/wp-content\/uploads\/2023\/10\/KNAAPHAL-04-1.jpg","width":1100,"height":610},{"@type":"BreadcrumbList","@id":"https:\/\/ocab.nl\/de\/beleuchtung-der-turnhalle\/#breadcrumb","itemListElement":[{"@type":"ListItem","position":1,"name":"Home","item":"https:\/\/ocab.nl\/de\/startseite\/"},{"@type":"ListItem","position":2,"name":"Beleuchtung der Turnhalle"}]},{"@type":"WebSite","@id":"https:\/\/ocab.nl\/de\/#website","url":"https:\/\/ocab.nl\/de\/","name":"Ocab","description":"De specialist in lichtoplossingen","publisher":{"@id":"https:\/\/ocab.nl\/de\/#organization"},"potentialAction":[{"@type":"SearchAction","target":{"@type":"EntryPoint","urlTemplate":"https:\/\/ocab.nl\/de\/?s={search_term_string}"},"query-input":{"@type":"PropertyValueSpecification","valueRequired":true,"valueName":"search_term_string"}}],"inLanguage":"de"},{"@type":"Organization","@id":"https:\/\/ocab.nl\/de\/#organization","name":"OCAB","url":"https:\/\/ocab.nl\/de\/","logo":{"@type":"ImageObject","inLanguage":"de","@id":"https:\/\/ocab.nl\/de\/#\/schema\/logo\/image\/","url":"https:\/\/ocab.nl\/wp-content\/uploads\/2023\/07\/cropped-favicon.png","contentUrl":"https:\/\/ocab.nl\/wp-content\/uploads\/2023\/07\/cropped-favicon.png","width":512,"height":512,"caption":"OCAB"},"image":{"@id":"https:\/\/ocab.nl\/de\/#\/schema\/logo\/image\/"},"sameAs":["https:\/\/www.facebook.com\/ocabNL\/","https:\/\/x.com\/Ocablights","https:\/\/www.linkedin.com\/showcase\/ocab-nl\/","https:\/\/switchtron.nl\/"]}]}},"_links":{"self":[{"href":"https:\/\/ocab.nl\/de\/wp-json\/wp\/v2\/pages\/3320","targetHints":{"allow":["GET"]}}],"collection":[{"href":"https:\/\/ocab.nl\/de\/wp-json\/wp\/v2\/pages"}],"about":[{"href":"https:\/\/ocab.nl\/de\/wp-json\/wp\/v2\/types\/page"}],"author":[{"embeddable":true,"href":"https:\/\/ocab.nl\/de\/wp-json\/wp\/v2\/users\/3"}],"replies":[{"embeddable":true,"href":"https:\/\/ocab.nl\/de\/wp-json\/wp\/v2\/comments?post=3320"}],"version-history":[{"count":0,"href":"https:\/\/ocab.nl\/de\/wp-json\/wp\/v2\/pages\/3320\/revisions"}],"wp:featuredmedia":[{"embeddable":true,"href":"https:\/\/ocab.nl\/de\/wp-json\/wp\/v2\/media\/2759"}],"wp:attachment":[{"href":"https:\/\/ocab.nl\/de\/wp-json\/wp\/v2\/media?parent=3320"}],"curies":[{"name":"wp","href":"https:\/\/api.w.org\/{rel}","templated":true}]}}