{"id":3310,"date":"2024-04-24T10:11:04","date_gmt":"2024-04-24T08:11:04","guid":{"rendered":"https:\/\/ocab.nl\/led-stallbeleuchtung\/"},"modified":"2024-05-23T16:51:50","modified_gmt":"2024-05-23T14:51:50","slug":"led-stallbeleuchtung","status":"publish","type":"page","link":"https:\/\/ocab.nl\/de\/led-stallbeleuchtung\/","title":{"rendered":"LED-Stallbeleuchtung"},"content":{"rendered":"\n<p>In St\u00e4llen ist die richtige Stallbeleuchtung ein wichtiges Thema. Das Licht sollte nicht zu hell f\u00fcr die Pferde sein, aber auch nicht zu dunkel, weil gerade gearbeitet wird. Sind Sie auf der Suche nach LED-Beleuchtung f\u00fcr St\u00e4lle? Dann nehmen Sie Kontakt mit uns auf, wir helfen Ihnen gerne weiter! Bei Ocab haben wir eine gro\u00dfe Auswahl an LED-Lampen und LED-Leuchtstoffr\u00f6hren, so dass alles gut beleuchtet ist, was zu einer gesunden Arbeitsumgebung und besserer Konzentration beitr\u00e4gt. Wir tun dies unter anderem f\u00fcr St\u00e4lle, B\u00fcros und Lagerh\u00e4user. Nehmen Sie Kontakt mit uns auf, um die M\u00f6glichkeiten zu besprechen.<\/p>\n","protected":false},"excerpt":{"rendered":"<p>In St\u00e4llen ist die richtige Stallbeleuchtung ein wichtiges Thema. Das Licht sollte nicht zu hell f\u00fcr die Pferde sein, aber auch nicht zu dunkel, weil gerade gearbeitet wird. Sind Sie auf der Suche nach LED-Beleuchtung f\u00fcr St\u00e4lle? Dann nehmen Sie Kontakt mit uns auf, wir helfen Ihnen gerne weiter! Bei Ocab haben wir eine gro\u00dfe [&hellip;]<\/p>\n","protected":false},"author":3,"featured_media":3147,"parent":0,"menu_order":0,"comment_status":"closed","ping_status":"closed","template":"template-lp.php","meta":{"_acf_changed":false,"inline_featured_image":false,"footnotes":""},"class_list":["post-3310","page","type-page","status-publish","has-post-thumbnail","hentry"],"acf":[],"yoast_head":"<!-- This site is optimized with the Yoast SEO plugin v27.2 - https:\/\/yoast.com\/product\/yoast-seo-wordpress\/ -->\n<title>LED-Stallbeleuchtung | Ocab<\/title>\n<meta name=\"robots\" content=\"index, follow, max-snippet:-1, max-image-preview:large, max-video-preview:-1\" \/>\n<link rel=\"canonical\" href=\"https:\/\/ocab.nl\/de\/led-stallbeleuchtung\/\" \/>\n<meta property=\"og:locale\" content=\"de_DE\" \/>\n<meta property=\"og:type\" content=\"article\" \/>\n<meta property=\"og:title\" content=\"LED-Stallbeleuchtung | Ocab\" \/>\n<meta property=\"og:description\" content=\"In St\u00e4llen ist die richtige Stallbeleuchtung ein wichtiges Thema. Das Licht sollte nicht zu hell f\u00fcr die Pferde sein, aber auch nicht zu dunkel, weil gerade gearbeitet wird. Sind Sie auf der Suche nach LED-Beleuchtung f\u00fcr St\u00e4lle? Dann nehmen Sie Kontakt mit uns auf, wir helfen Ihnen gerne weiter! Bei Ocab haben wir eine gro\u00dfe [&hellip;]\" \/>\n<meta property=\"og:url\" content=\"https:\/\/ocab.nl\/de\/led-stallbeleuchtung\/\" \/>\n<meta property=\"og:site_name\" content=\"Ocab\" \/>\n<meta property=\"article:publisher\" content=\"https:\/\/www.facebook.com\/ocabNL\/\" \/>\n<meta property=\"article:modified_time\" content=\"2024-05-23T14:51:50+00:00\" \/>\n<meta property=\"og:image\" content=\"https:\/\/ocab.nl\/wp-content\/uploads\/2024\/03\/MulderMarne4.jpg\" \/>\n\t<meta property=\"og:image:width\" content=\"1000\" \/>\n\t<meta property=\"og:image:height\" content=\"554\" \/>\n\t<meta property=\"og:image:type\" content=\"image\/jpeg\" \/>\n<meta name=\"twitter:card\" content=\"summary_large_image\" \/>\n<meta name=\"twitter:site\" content=\"@Ocablights\" \/>\n<meta name=\"twitter:label1\" content=\"Gesch\u00e4tzte Lesezeit\" \/>\n\t<meta name=\"twitter:data1\" content=\"1\u00a0Minute\" \/>\n<script type=\"application\/ld+json\" class=\"yoast-schema-graph\">{\"@context\":\"https:\/\/schema.org\",\"@graph\":[{\"@type\":\"WebPage\",\"@id\":\"https:\/\/ocab.nl\/de\/led-stallbeleuchtung\/\",\"url\":\"https:\/\/ocab.nl\/de\/led-stallbeleuchtung\/\",\"name\":\"LED-Stallbeleuchtung | Ocab\",\"isPartOf\":{\"@id\":\"https:\/\/ocab.nl\/de\/#website\"},\"primaryImageOfPage\":{\"@id\":\"https:\/\/ocab.nl\/de\/led-stallbeleuchtung\/#primaryimage\"},\"image\":{\"@id\":\"https:\/\/ocab.nl\/de\/led-stallbeleuchtung\/#primaryimage\"},\"thumbnailUrl\":\"https:\/\/ocab.nl\/wp-content\/uploads\/2024\/03\/MulderMarne4.jpg\",\"datePublished\":\"2024-04-24T08:11:04+00:00\",\"dateModified\":\"2024-05-23T14:51:50+00:00\",\"breadcrumb\":{\"@id\":\"https:\/\/ocab.nl\/de\/led-stallbeleuchtung\/#breadcrumb\"},\"inLanguage\":\"de\",\"potentialAction\":[{\"@type\":\"ReadAction\",\"target\":[\"https:\/\/ocab.nl\/de\/led-stallbeleuchtung\/\"]}]},{\"@type\":\"ImageObject\",\"inLanguage\":\"de\",\"@id\":\"https:\/\/ocab.nl\/de\/led-stallbeleuchtung\/#primaryimage\",\"url\":\"https:\/\/ocab.nl\/wp-content\/uploads\/2024\/03\/MulderMarne4.jpg\",\"contentUrl\":\"https:\/\/ocab.nl\/wp-content\/uploads\/2024\/03\/MulderMarne4.jpg\",\"width\":1000,\"height\":554},{\"@type\":\"BreadcrumbList\",\"@id\":\"https:\/\/ocab.nl\/de\/led-stallbeleuchtung\/#breadcrumb\",\"itemListElement\":[{\"@type\":\"ListItem\",\"position\":1,\"name\":\"Home\",\"item\":\"https:\/\/ocab.nl\/de\/startseite\/\"},{\"@type\":\"ListItem\",\"position\":2,\"name\":\"LED-Stallbeleuchtung\"}]},{\"@type\":\"WebSite\",\"@id\":\"https:\/\/ocab.nl\/de\/#website\",\"url\":\"https:\/\/ocab.nl\/de\/\",\"name\":\"Ocab\",\"description\":\"De specialist in lichtoplossingen\",\"publisher\":{\"@id\":\"https:\/\/ocab.nl\/de\/#organization\"},\"potentialAction\":[{\"@type\":\"SearchAction\",\"target\":{\"@type\":\"EntryPoint\",\"urlTemplate\":\"https:\/\/ocab.nl\/de\/?s={search_term_string}\"},\"query-input\":{\"@type\":\"PropertyValueSpecification\",\"valueRequired\":true,\"valueName\":\"search_term_string\"}}],\"inLanguage\":\"de\"},{\"@type\":\"Organization\",\"@id\":\"https:\/\/ocab.nl\/de\/#organization\",\"name\":\"OCAB\",\"url\":\"https:\/\/ocab.nl\/de\/\",\"logo\":{\"@type\":\"ImageObject\",\"inLanguage\":\"de\",\"@id\":\"https:\/\/ocab.nl\/de\/#\/schema\/logo\/image\/\",\"url\":\"https:\/\/ocab.nl\/wp-content\/uploads\/2023\/07\/cropped-favicon.png\",\"contentUrl\":\"https:\/\/ocab.nl\/wp-content\/uploads\/2023\/07\/cropped-favicon.png\",\"width\":512,\"height\":512,\"caption\":\"OCAB\"},\"image\":{\"@id\":\"https:\/\/ocab.nl\/de\/#\/schema\/logo\/image\/\"},\"sameAs\":[\"https:\/\/www.facebook.com\/ocabNL\/\",\"https:\/\/x.com\/Ocablights\",\"https:\/\/www.linkedin.com\/showcase\/ocab-nl\/\",\"https:\/\/switchtron.nl\/\"]}]}<\/script>\n<!-- \/ Yoast SEO plugin. -->","yoast_head_json":{"title":"LED-Stallbeleuchtung | Ocab","robots":{"index":"index","follow":"follow","max-snippet":"max-snippet:-1","max-image-preview":"max-image-preview:large","max-video-preview":"max-video-preview:-1"},"canonical":"https:\/\/ocab.nl\/de\/led-stallbeleuchtung\/","og_locale":"de_DE","og_type":"article","og_title":"LED-Stallbeleuchtung | Ocab","og_description":"In St\u00e4llen ist die richtige Stallbeleuchtung ein wichtiges Thema. Das Licht sollte nicht zu hell f\u00fcr die Pferde sein, aber auch nicht zu dunkel, weil gerade gearbeitet wird. Sind Sie auf der Suche nach LED-Beleuchtung f\u00fcr St\u00e4lle? Dann nehmen Sie Kontakt mit uns auf, wir helfen Ihnen gerne weiter! Bei Ocab haben wir eine gro\u00dfe [&hellip;]","og_url":"https:\/\/ocab.nl\/de\/led-stallbeleuchtung\/","og_site_name":"Ocab","article_publisher":"https:\/\/www.facebook.com\/ocabNL\/","article_modified_time":"2024-05-23T14:51:50+00:00","og_image":[{"width":1000,"height":554,"url":"https:\/\/ocab.nl\/wp-content\/uploads\/2024\/03\/MulderMarne4.jpg","type":"image\/jpeg"}],"twitter_card":"summary_large_image","twitter_site":"@Ocablights","twitter_misc":{"Gesch\u00e4tzte Lesezeit":"1\u00a0Minute"},"schema":{"@context":"https:\/\/schema.org","@graph":[{"@type":"WebPage","@id":"https:\/\/ocab.nl\/de\/led-stallbeleuchtung\/","url":"https:\/\/ocab.nl\/de\/led-stallbeleuchtung\/","name":"LED-Stallbeleuchtung | Ocab","isPartOf":{"@id":"https:\/\/ocab.nl\/de\/#website"},"primaryImageOfPage":{"@id":"https:\/\/ocab.nl\/de\/led-stallbeleuchtung\/#primaryimage"},"image":{"@id":"https:\/\/ocab.nl\/de\/led-stallbeleuchtung\/#primaryimage"},"thumbnailUrl":"https:\/\/ocab.nl\/wp-content\/uploads\/2024\/03\/MulderMarne4.jpg","datePublished":"2024-04-24T08:11:04+00:00","dateModified":"2024-05-23T14:51:50+00:00","breadcrumb":{"@id":"https:\/\/ocab.nl\/de\/led-stallbeleuchtung\/#breadcrumb"},"inLanguage":"de","potentialAction":[{"@type":"ReadAction","target":["https:\/\/ocab.nl\/de\/led-stallbeleuchtung\/"]}]},{"@type":"ImageObject","inLanguage":"de","@id":"https:\/\/ocab.nl\/de\/led-stallbeleuchtung\/#primaryimage","url":"https:\/\/ocab.nl\/wp-content\/uploads\/2024\/03\/MulderMarne4.jpg","contentUrl":"https:\/\/ocab.nl\/wp-content\/uploads\/2024\/03\/MulderMarne4.jpg","width":1000,"height":554},{"@type":"BreadcrumbList","@id":"https:\/\/ocab.nl\/de\/led-stallbeleuchtung\/#breadcrumb","itemListElement":[{"@type":"ListItem","position":1,"name":"Home","item":"https:\/\/ocab.nl\/de\/startseite\/"},{"@type":"ListItem","position":2,"name":"LED-Stallbeleuchtung"}]},{"@type":"WebSite","@id":"https:\/\/ocab.nl\/de\/#website","url":"https:\/\/ocab.nl\/de\/","name":"Ocab","description":"De specialist in lichtoplossingen","publisher":{"@id":"https:\/\/ocab.nl\/de\/#organization"},"potentialAction":[{"@type":"SearchAction","target":{"@type":"EntryPoint","urlTemplate":"https:\/\/ocab.nl\/de\/?s={search_term_string}"},"query-input":{"@type":"PropertyValueSpecification","valueRequired":true,"valueName":"search_term_string"}}],"inLanguage":"de"},{"@type":"Organization","@id":"https:\/\/ocab.nl\/de\/#organization","name":"OCAB","url":"https:\/\/ocab.nl\/de\/","logo":{"@type":"ImageObject","inLanguage":"de","@id":"https:\/\/ocab.nl\/de\/#\/schema\/logo\/image\/","url":"https:\/\/ocab.nl\/wp-content\/uploads\/2023\/07\/cropped-favicon.png","contentUrl":"https:\/\/ocab.nl\/wp-content\/uploads\/2023\/07\/cropped-favicon.png","width":512,"height":512,"caption":"OCAB"},"image":{"@id":"https:\/\/ocab.nl\/de\/#\/schema\/logo\/image\/"},"sameAs":["https:\/\/www.facebook.com\/ocabNL\/","https:\/\/x.com\/Ocablights","https:\/\/www.linkedin.com\/showcase\/ocab-nl\/","https:\/\/switchtron.nl\/"]}]}},"_links":{"self":[{"href":"https:\/\/ocab.nl\/de\/wp-json\/wp\/v2\/pages\/3310","targetHints":{"allow":["GET"]}}],"collection":[{"href":"https:\/\/ocab.nl\/de\/wp-json\/wp\/v2\/pages"}],"about":[{"href":"https:\/\/ocab.nl\/de\/wp-json\/wp\/v2\/types\/page"}],"author":[{"embeddable":true,"href":"https:\/\/ocab.nl\/de\/wp-json\/wp\/v2\/users\/3"}],"replies":[{"embeddable":true,"href":"https:\/\/ocab.nl\/de\/wp-json\/wp\/v2\/comments?post=3310"}],"version-history":[{"count":0,"href":"https:\/\/ocab.nl\/de\/wp-json\/wp\/v2\/pages\/3310\/revisions"}],"wp:featuredmedia":[{"embeddable":true,"href":"https:\/\/ocab.nl\/de\/wp-json\/wp\/v2\/media\/3147"}],"wp:attachment":[{"href":"https:\/\/ocab.nl\/de\/wp-json\/wp\/v2\/media?parent=3310"}],"curies":[{"name":"wp","href":"https:\/\/api.w.org\/{rel}","templated":true}]}}