{"id":3306,"date":"2024-05-22T14:31:18","date_gmt":"2024-05-22T12:31:18","guid":{"rendered":"https:\/\/ocab.nl\/beleuchtung-fuer-friseursalons\/"},"modified":"2024-05-23T16:46:49","modified_gmt":"2024-05-23T14:46:49","slug":"beleuchtung-fuer-friseursalons","status":"publish","type":"page","link":"https:\/\/ocab.nl\/de\/beleuchtung-fuer-friseursalons\/","title":{"rendered":"Beleuchtung f\u00fcr Friseursalons"},"content":{"rendered":"\n<p>Die Beleuchtung in einem Friseursalon ist sehr wichtig f\u00fcr das Erlebnis des Kunden. Die richtige Beleuchtung vermittelt schon beim ersten Schritt \u00fcber die T\u00fcrschwelle einen ersten Eindruck. Die Wahl der besten Beleuchtung, wie z.B. Art der Leuchte, Farbwiedergabe, Farbtemperatur und Position, ist entscheidend, um die besten Ergebnisse beim Haarstyling, bei der Nagelpflege und bei Sch\u00f6nheitsbehandlungen zu erzielen. Sie hoffen nat\u00fcrlich, dass dieser Eindruck positiv ist. Neben den Kunden ist auch eine gute Beleuchtung f\u00fcr die Friseure und Barbiere wichtig. Eine hohe Farbwiedergabe ist wichtig f\u00fcr eine akkurate Farbwiedergabe im Salon, damit die Haarfarben bei Salonbeleuchtung genauso aussehen wie bei nat\u00fcrlichem Tageslicht. Mit der richtigen Farbtemperatur und Lichtfarbe sorgen Sie f\u00fcr die bestm\u00f6gliche Sicht f\u00fcr das Personal und eine gute Atmosph\u00e4re f\u00fcr die Kunden.<\/p>\n","protected":false},"excerpt":{"rendered":"<p>Die Beleuchtung in einem Friseursalon ist sehr wichtig f\u00fcr das Erlebnis des Kunden. Die richtige Beleuchtung vermittelt schon beim ersten Schritt \u00fcber die T\u00fcrschwelle einen ersten Eindruck. Die Wahl der besten Beleuchtung, wie z.B. Art der Leuchte, Farbwiedergabe, Farbtemperatur und Position, ist entscheidend, um die besten Ergebnisse beim Haarstyling, bei der Nagelpflege und bei Sch\u00f6nheitsbehandlungen [&hellip;]<\/p>\n","protected":false},"author":3,"featured_media":0,"parent":0,"menu_order":0,"comment_status":"closed","ping_status":"closed","template":"template-lp.php","meta":{"_acf_changed":false,"inline_featured_image":false,"footnotes":""},"class_list":["post-3306","page","type-page","status-publish","hentry"],"acf":[],"yoast_head":"<!-- This site is optimized with the Yoast SEO plugin v27.2 - https:\/\/yoast.com\/product\/yoast-seo-wordpress\/ -->\n<title>Beleuchtung f\u00fcr Friseursalons | Ocab<\/title>\n<meta name=\"robots\" content=\"index, follow, max-snippet:-1, max-image-preview:large, max-video-preview:-1\" \/>\n<link rel=\"canonical\" href=\"https:\/\/ocab.nl\/de\/beleuchtung-fuer-friseursalons\/\" \/>\n<meta property=\"og:locale\" content=\"de_DE\" \/>\n<meta property=\"og:type\" content=\"article\" \/>\n<meta property=\"og:title\" content=\"Beleuchtung f\u00fcr Friseursalons | Ocab\" \/>\n<meta property=\"og:description\" content=\"Die Beleuchtung in einem Friseursalon ist sehr wichtig f\u00fcr das Erlebnis des Kunden. Die richtige Beleuchtung vermittelt schon beim ersten Schritt \u00fcber die T\u00fcrschwelle einen ersten Eindruck. Die Wahl der besten Beleuchtung, wie z.B. Art der Leuchte, Farbwiedergabe, Farbtemperatur und Position, ist entscheidend, um die besten Ergebnisse beim Haarstyling, bei der Nagelpflege und bei Sch\u00f6nheitsbehandlungen [&hellip;]\" \/>\n<meta property=\"og:url\" content=\"https:\/\/ocab.nl\/de\/beleuchtung-fuer-friseursalons\/\" \/>\n<meta property=\"og:site_name\" content=\"Ocab\" \/>\n<meta property=\"article:publisher\" content=\"https:\/\/www.facebook.com\/ocabNL\/\" \/>\n<meta property=\"article:modified_time\" content=\"2024-05-23T14:46:49+00:00\" \/>\n<meta property=\"og:image\" content=\"https:\/\/ocab.nl\/wp-content\/uploads\/2023\/07\/favicon.png\" \/>\n\t<meta property=\"og:image:width\" content=\"512\" \/>\n\t<meta property=\"og:image:height\" content=\"512\" \/>\n\t<meta property=\"og:image:type\" content=\"image\/png\" \/>\n<meta name=\"twitter:card\" content=\"summary_large_image\" \/>\n<meta name=\"twitter:site\" content=\"@Ocablights\" \/>\n<meta name=\"twitter:label1\" content=\"Gesch\u00e4tzte Lesezeit\" \/>\n\t<meta name=\"twitter:data1\" content=\"1\u00a0Minute\" \/>\n<script type=\"application\/ld+json\" class=\"yoast-schema-graph\">{\"@context\":\"https:\/\/schema.org\",\"@graph\":[{\"@type\":\"WebPage\",\"@id\":\"https:\/\/ocab.nl\/de\/beleuchtung-fuer-friseursalons\/\",\"url\":\"https:\/\/ocab.nl\/de\/beleuchtung-fuer-friseursalons\/\",\"name\":\"Beleuchtung f\u00fcr Friseursalons | Ocab\",\"isPartOf\":{\"@id\":\"https:\/\/ocab.nl\/de\/#website\"},\"datePublished\":\"2024-05-22T12:31:18+00:00\",\"dateModified\":\"2024-05-23T14:46:49+00:00\",\"breadcrumb\":{\"@id\":\"https:\/\/ocab.nl\/de\/beleuchtung-fuer-friseursalons\/#breadcrumb\"},\"inLanguage\":\"de\",\"potentialAction\":[{\"@type\":\"ReadAction\",\"target\":[\"https:\/\/ocab.nl\/de\/beleuchtung-fuer-friseursalons\/\"]}]},{\"@type\":\"BreadcrumbList\",\"@id\":\"https:\/\/ocab.nl\/de\/beleuchtung-fuer-friseursalons\/#breadcrumb\",\"itemListElement\":[{\"@type\":\"ListItem\",\"position\":1,\"name\":\"Home\",\"item\":\"https:\/\/ocab.nl\/de\/startseite\/\"},{\"@type\":\"ListItem\",\"position\":2,\"name\":\"Beleuchtung f\u00fcr Friseursalons\"}]},{\"@type\":\"WebSite\",\"@id\":\"https:\/\/ocab.nl\/de\/#website\",\"url\":\"https:\/\/ocab.nl\/de\/\",\"name\":\"Ocab\",\"description\":\"De specialist in lichtoplossingen\",\"publisher\":{\"@id\":\"https:\/\/ocab.nl\/de\/#organization\"},\"potentialAction\":[{\"@type\":\"SearchAction\",\"target\":{\"@type\":\"EntryPoint\",\"urlTemplate\":\"https:\/\/ocab.nl\/de\/?s={search_term_string}\"},\"query-input\":{\"@type\":\"PropertyValueSpecification\",\"valueRequired\":true,\"valueName\":\"search_term_string\"}}],\"inLanguage\":\"de\"},{\"@type\":\"Organization\",\"@id\":\"https:\/\/ocab.nl\/de\/#organization\",\"name\":\"OCAB\",\"url\":\"https:\/\/ocab.nl\/de\/\",\"logo\":{\"@type\":\"ImageObject\",\"inLanguage\":\"de\",\"@id\":\"https:\/\/ocab.nl\/de\/#\/schema\/logo\/image\/\",\"url\":\"https:\/\/ocab.nl\/wp-content\/uploads\/2023\/07\/cropped-favicon.png\",\"contentUrl\":\"https:\/\/ocab.nl\/wp-content\/uploads\/2023\/07\/cropped-favicon.png\",\"width\":512,\"height\":512,\"caption\":\"OCAB\"},\"image\":{\"@id\":\"https:\/\/ocab.nl\/de\/#\/schema\/logo\/image\/\"},\"sameAs\":[\"https:\/\/www.facebook.com\/ocabNL\/\",\"https:\/\/x.com\/Ocablights\",\"https:\/\/www.linkedin.com\/showcase\/ocab-nl\/\",\"https:\/\/switchtron.nl\/\"]}]}<\/script>\n<!-- \/ Yoast SEO plugin. -->","yoast_head_json":{"title":"Beleuchtung f\u00fcr Friseursalons | Ocab","robots":{"index":"index","follow":"follow","max-snippet":"max-snippet:-1","max-image-preview":"max-image-preview:large","max-video-preview":"max-video-preview:-1"},"canonical":"https:\/\/ocab.nl\/de\/beleuchtung-fuer-friseursalons\/","og_locale":"de_DE","og_type":"article","og_title":"Beleuchtung f\u00fcr Friseursalons | Ocab","og_description":"Die Beleuchtung in einem Friseursalon ist sehr wichtig f\u00fcr das Erlebnis des Kunden. Die richtige Beleuchtung vermittelt schon beim ersten Schritt \u00fcber die T\u00fcrschwelle einen ersten Eindruck. Die Wahl der besten Beleuchtung, wie z.B. Art der Leuchte, Farbwiedergabe, Farbtemperatur und Position, ist entscheidend, um die besten Ergebnisse beim Haarstyling, bei der Nagelpflege und bei Sch\u00f6nheitsbehandlungen [&hellip;]","og_url":"https:\/\/ocab.nl\/de\/beleuchtung-fuer-friseursalons\/","og_site_name":"Ocab","article_publisher":"https:\/\/www.facebook.com\/ocabNL\/","article_modified_time":"2024-05-23T14:46:49+00:00","og_image":[{"width":512,"height":512,"url":"https:\/\/ocab.nl\/wp-content\/uploads\/2023\/07\/favicon.png","type":"image\/png"}],"twitter_card":"summary_large_image","twitter_site":"@Ocablights","twitter_misc":{"Gesch\u00e4tzte Lesezeit":"1\u00a0Minute"},"schema":{"@context":"https:\/\/schema.org","@graph":[{"@type":"WebPage","@id":"https:\/\/ocab.nl\/de\/beleuchtung-fuer-friseursalons\/","url":"https:\/\/ocab.nl\/de\/beleuchtung-fuer-friseursalons\/","name":"Beleuchtung f\u00fcr Friseursalons | Ocab","isPartOf":{"@id":"https:\/\/ocab.nl\/de\/#website"},"datePublished":"2024-05-22T12:31:18+00:00","dateModified":"2024-05-23T14:46:49+00:00","breadcrumb":{"@id":"https:\/\/ocab.nl\/de\/beleuchtung-fuer-friseursalons\/#breadcrumb"},"inLanguage":"de","potentialAction":[{"@type":"ReadAction","target":["https:\/\/ocab.nl\/de\/beleuchtung-fuer-friseursalons\/"]}]},{"@type":"BreadcrumbList","@id":"https:\/\/ocab.nl\/de\/beleuchtung-fuer-friseursalons\/#breadcrumb","itemListElement":[{"@type":"ListItem","position":1,"name":"Home","item":"https:\/\/ocab.nl\/de\/startseite\/"},{"@type":"ListItem","position":2,"name":"Beleuchtung f\u00fcr Friseursalons"}]},{"@type":"WebSite","@id":"https:\/\/ocab.nl\/de\/#website","url":"https:\/\/ocab.nl\/de\/","name":"Ocab","description":"De specialist in lichtoplossingen","publisher":{"@id":"https:\/\/ocab.nl\/de\/#organization"},"potentialAction":[{"@type":"SearchAction","target":{"@type":"EntryPoint","urlTemplate":"https:\/\/ocab.nl\/de\/?s={search_term_string}"},"query-input":{"@type":"PropertyValueSpecification","valueRequired":true,"valueName":"search_term_string"}}],"inLanguage":"de"},{"@type":"Organization","@id":"https:\/\/ocab.nl\/de\/#organization","name":"OCAB","url":"https:\/\/ocab.nl\/de\/","logo":{"@type":"ImageObject","inLanguage":"de","@id":"https:\/\/ocab.nl\/de\/#\/schema\/logo\/image\/","url":"https:\/\/ocab.nl\/wp-content\/uploads\/2023\/07\/cropped-favicon.png","contentUrl":"https:\/\/ocab.nl\/wp-content\/uploads\/2023\/07\/cropped-favicon.png","width":512,"height":512,"caption":"OCAB"},"image":{"@id":"https:\/\/ocab.nl\/de\/#\/schema\/logo\/image\/"},"sameAs":["https:\/\/www.facebook.com\/ocabNL\/","https:\/\/x.com\/Ocablights","https:\/\/www.linkedin.com\/showcase\/ocab-nl\/","https:\/\/switchtron.nl\/"]}]}},"_links":{"self":[{"href":"https:\/\/ocab.nl\/de\/wp-json\/wp\/v2\/pages\/3306","targetHints":{"allow":["GET"]}}],"collection":[{"href":"https:\/\/ocab.nl\/de\/wp-json\/wp\/v2\/pages"}],"about":[{"href":"https:\/\/ocab.nl\/de\/wp-json\/wp\/v2\/types\/page"}],"author":[{"embeddable":true,"href":"https:\/\/ocab.nl\/de\/wp-json\/wp\/v2\/users\/3"}],"replies":[{"embeddable":true,"href":"https:\/\/ocab.nl\/de\/wp-json\/wp\/v2\/comments?post=3306"}],"version-history":[{"count":0,"href":"https:\/\/ocab.nl\/de\/wp-json\/wp\/v2\/pages\/3306\/revisions"}],"wp:attachment":[{"href":"https:\/\/ocab.nl\/de\/wp-json\/wp\/v2\/media?parent=3306"}],"curies":[{"name":"wp","href":"https:\/\/api.w.org\/{rel}","templated":true}]}}