{"id":2427,"date":"2022-09-05T09:42:15","date_gmt":"2022-09-05T07:42:15","guid":{"rendered":"https:\/\/ocab.flywheelsites.com\/hotelbeleuchtung\/"},"modified":"2024-04-17T10:04:23","modified_gmt":"2024-04-17T08:04:23","slug":"hotelbeleuchtung","status":"publish","type":"page","link":"https:\/\/ocab.nl\/de\/hotelbeleuchtung\/","title":{"rendered":"Hotelbeleuchtung"},"content":{"rendered":"\n<p class=\"has-text-align-center\">Ein Hotel ist ein stimmungsvoller Ort: Von der Lobby bis zum Hotelzimmer kann die Beleuchtung einen gro\u00dfen Unterschied im Erlebnis Ihrer G\u00e4ste ausmachen. Dar\u00fcber hinaus verf\u00fcgt ein Hotel oft \u00fcber einen Fr\u00fchst\u00fccksraum, einen Speisesaal, einen Fitnessraum, einen Wellnessbereich, einen Tagungsraum und andere Zimmerkategorien. Deshalb ist es wichtig, die richtige LED-Beleuchtung zu w\u00e4hlen, um \u00fcberall das richtige Aussehen zu gew\u00e4hrleisten. All das ber\u00fccksichtigen wir gerne in einem Beleuchtungsplan, den wir gerne gemeinsam mit Ihnen erstellen. So machen Sie das Beste aus intelligenter Beleuchtung und professioneller Beleuchtung, die in jedem Raum die richtige Atmosph\u00e4re schafft. Zum Beispiel einen modernen oder einen eher traditionellen Look. Bei ocab finden Sie die richtige Beleuchtung f\u00fcr jede Stimmung.<\/p>\n<div class=\"information\"><a class=\"btn\" href=\"https:\/\/ocab.nl\/contact\/\">Stellen Sie uns eine Frage<\/a><a class=\"btn btn-outline icon-phone\" href=\"tel:+31321328050\">+31 321 328 050<\/a><\/div>\n","protected":false},"excerpt":{"rendered":"<p>Ein Hotel ist ein stimmungsvoller Ort: Von der Lobby bis zum Hotelzimmer kann die Beleuchtung einen gro\u00dfen Unterschied im Erlebnis Ihrer G\u00e4ste ausmachen. Dar\u00fcber hinaus verf\u00fcgt ein Hotel oft \u00fcber einen Fr\u00fchst\u00fccksraum, einen Speisesaal, einen Fitnessraum, einen Wellnessbereich, einen Tagungsraum und andere Zimmerkategorien. Deshalb ist es wichtig, die richtige LED-Beleuchtung zu w\u00e4hlen, um \u00fcberall das [&hellip;]<\/p>\n","protected":false},"author":1,"featured_media":0,"parent":0,"menu_order":0,"comment_status":"closed","ping_status":"closed","template":"template-lp.php","meta":{"_acf_changed":false,"inline_featured_image":false,"footnotes":""},"class_list":["post-2427","page","type-page","status-publish","hentry"],"acf":[],"yoast_head":"<!-- This site is optimized with the Yoast SEO plugin v27.2 - https:\/\/yoast.com\/product\/yoast-seo-wordpress\/ -->\n<title>Hotelbeleuchtung | Ocab<\/title>\n<meta name=\"description\" content=\"Ein Hotel ist ein stimmungsvoller Ort: Von der Lobby bis zum Hotelzimmer kann die Beleuchtung einen gro\u00dfen Unterschied im Erlebnis Ihrer G\u00e4ste ausmachen.\" \/>\n<meta name=\"robots\" content=\"index, follow, max-snippet:-1, max-image-preview:large, max-video-preview:-1\" \/>\n<link rel=\"canonical\" href=\"https:\/\/ocab.nl\/de\/hotelbeleuchtung\/\" \/>\n<meta property=\"og:locale\" content=\"de_DE\" \/>\n<meta property=\"og:type\" content=\"article\" \/>\n<meta property=\"og:title\" content=\"Hotelbeleuchtung | Ocab\" \/>\n<meta property=\"og:description\" content=\"Ein Hotel ist ein stimmungsvoller Ort: Von der Lobby bis zum Hotelzimmer kann die Beleuchtung einen gro\u00dfen Unterschied im Erlebnis Ihrer G\u00e4ste ausmachen.\" \/>\n<meta property=\"og:url\" content=\"https:\/\/ocab.nl\/de\/hotelbeleuchtung\/\" \/>\n<meta property=\"og:site_name\" content=\"Ocab\" \/>\n<meta property=\"article:publisher\" content=\"https:\/\/www.facebook.com\/ocabNL\/\" \/>\n<meta property=\"article:modified_time\" content=\"2024-04-17T08:04:23+00:00\" \/>\n<meta property=\"og:image\" content=\"https:\/\/ocab.nl\/wp-content\/uploads\/2023\/07\/favicon.png\" \/>\n\t<meta property=\"og:image:width\" content=\"512\" \/>\n\t<meta property=\"og:image:height\" content=\"512\" \/>\n\t<meta property=\"og:image:type\" content=\"image\/png\" \/>\n<meta name=\"twitter:card\" content=\"summary_large_image\" \/>\n<meta name=\"twitter:site\" content=\"@Ocablights\" \/>\n<meta name=\"twitter:label1\" content=\"Gesch\u00e4tzte Lesezeit\" \/>\n\t<meta name=\"twitter:data1\" content=\"1\u00a0Minute\" \/>\n<script type=\"application\/ld+json\" class=\"yoast-schema-graph\">{\"@context\":\"https:\/\/schema.org\",\"@graph\":[{\"@type\":\"WebPage\",\"@id\":\"https:\/\/ocab.nl\/de\/hotelbeleuchtung\/\",\"url\":\"https:\/\/ocab.nl\/de\/hotelbeleuchtung\/\",\"name\":\"Hotelbeleuchtung | Ocab\",\"isPartOf\":{\"@id\":\"https:\/\/ocab.nl\/de\/#website\"},\"datePublished\":\"2022-09-05T07:42:15+00:00\",\"dateModified\":\"2024-04-17T08:04:23+00:00\",\"description\":\"Ein Hotel ist ein stimmungsvoller Ort: Von der Lobby bis zum Hotelzimmer kann die Beleuchtung einen gro\u00dfen Unterschied im Erlebnis Ihrer G\u00e4ste ausmachen.\",\"breadcrumb\":{\"@id\":\"https:\/\/ocab.nl\/de\/hotelbeleuchtung\/#breadcrumb\"},\"inLanguage\":\"de\",\"potentialAction\":[{\"@type\":\"ReadAction\",\"target\":[\"https:\/\/ocab.nl\/de\/hotelbeleuchtung\/\"]}]},{\"@type\":\"BreadcrumbList\",\"@id\":\"https:\/\/ocab.nl\/de\/hotelbeleuchtung\/#breadcrumb\",\"itemListElement\":[{\"@type\":\"ListItem\",\"position\":1,\"name\":\"Home\",\"item\":\"https:\/\/ocab.nl\/de\/startseite\/\"},{\"@type\":\"ListItem\",\"position\":2,\"name\":\"Hotelbeleuchtung\"}]},{\"@type\":\"WebSite\",\"@id\":\"https:\/\/ocab.nl\/de\/#website\",\"url\":\"https:\/\/ocab.nl\/de\/\",\"name\":\"Ocab\",\"description\":\"De specialist in lichtoplossingen\",\"publisher\":{\"@id\":\"https:\/\/ocab.nl\/de\/#organization\"},\"potentialAction\":[{\"@type\":\"SearchAction\",\"target\":{\"@type\":\"EntryPoint\",\"urlTemplate\":\"https:\/\/ocab.nl\/de\/?s={search_term_string}\"},\"query-input\":{\"@type\":\"PropertyValueSpecification\",\"valueRequired\":true,\"valueName\":\"search_term_string\"}}],\"inLanguage\":\"de\"},{\"@type\":\"Organization\",\"@id\":\"https:\/\/ocab.nl\/de\/#organization\",\"name\":\"OCAB\",\"url\":\"https:\/\/ocab.nl\/de\/\",\"logo\":{\"@type\":\"ImageObject\",\"inLanguage\":\"de\",\"@id\":\"https:\/\/ocab.nl\/de\/#\/schema\/logo\/image\/\",\"url\":\"https:\/\/ocab.nl\/wp-content\/uploads\/2023\/07\/cropped-favicon.png\",\"contentUrl\":\"https:\/\/ocab.nl\/wp-content\/uploads\/2023\/07\/cropped-favicon.png\",\"width\":512,\"height\":512,\"caption\":\"OCAB\"},\"image\":{\"@id\":\"https:\/\/ocab.nl\/de\/#\/schema\/logo\/image\/\"},\"sameAs\":[\"https:\/\/www.facebook.com\/ocabNL\/\",\"https:\/\/x.com\/Ocablights\",\"https:\/\/www.linkedin.com\/showcase\/ocab-nl\/\",\"https:\/\/switchtron.nl\/\"]}]}<\/script>\n<!-- \/ Yoast SEO plugin. -->","yoast_head_json":{"title":"Hotelbeleuchtung | Ocab","description":"Ein Hotel ist ein stimmungsvoller Ort: Von der Lobby bis zum Hotelzimmer kann die Beleuchtung einen gro\u00dfen Unterschied im Erlebnis Ihrer G\u00e4ste ausmachen.","robots":{"index":"index","follow":"follow","max-snippet":"max-snippet:-1","max-image-preview":"max-image-preview:large","max-video-preview":"max-video-preview:-1"},"canonical":"https:\/\/ocab.nl\/de\/hotelbeleuchtung\/","og_locale":"de_DE","og_type":"article","og_title":"Hotelbeleuchtung | Ocab","og_description":"Ein Hotel ist ein stimmungsvoller Ort: Von der Lobby bis zum Hotelzimmer kann die Beleuchtung einen gro\u00dfen Unterschied im Erlebnis Ihrer G\u00e4ste ausmachen.","og_url":"https:\/\/ocab.nl\/de\/hotelbeleuchtung\/","og_site_name":"Ocab","article_publisher":"https:\/\/www.facebook.com\/ocabNL\/","article_modified_time":"2024-04-17T08:04:23+00:00","og_image":[{"width":512,"height":512,"url":"https:\/\/ocab.nl\/wp-content\/uploads\/2023\/07\/favicon.png","type":"image\/png"}],"twitter_card":"summary_large_image","twitter_site":"@Ocablights","twitter_misc":{"Gesch\u00e4tzte Lesezeit":"1\u00a0Minute"},"schema":{"@context":"https:\/\/schema.org","@graph":[{"@type":"WebPage","@id":"https:\/\/ocab.nl\/de\/hotelbeleuchtung\/","url":"https:\/\/ocab.nl\/de\/hotelbeleuchtung\/","name":"Hotelbeleuchtung | Ocab","isPartOf":{"@id":"https:\/\/ocab.nl\/de\/#website"},"datePublished":"2022-09-05T07:42:15+00:00","dateModified":"2024-04-17T08:04:23+00:00","description":"Ein Hotel ist ein stimmungsvoller Ort: Von der Lobby bis zum Hotelzimmer kann die Beleuchtung einen gro\u00dfen Unterschied im Erlebnis Ihrer G\u00e4ste ausmachen.","breadcrumb":{"@id":"https:\/\/ocab.nl\/de\/hotelbeleuchtung\/#breadcrumb"},"inLanguage":"de","potentialAction":[{"@type":"ReadAction","target":["https:\/\/ocab.nl\/de\/hotelbeleuchtung\/"]}]},{"@type":"BreadcrumbList","@id":"https:\/\/ocab.nl\/de\/hotelbeleuchtung\/#breadcrumb","itemListElement":[{"@type":"ListItem","position":1,"name":"Home","item":"https:\/\/ocab.nl\/de\/startseite\/"},{"@type":"ListItem","position":2,"name":"Hotelbeleuchtung"}]},{"@type":"WebSite","@id":"https:\/\/ocab.nl\/de\/#website","url":"https:\/\/ocab.nl\/de\/","name":"Ocab","description":"De specialist in lichtoplossingen","publisher":{"@id":"https:\/\/ocab.nl\/de\/#organization"},"potentialAction":[{"@type":"SearchAction","target":{"@type":"EntryPoint","urlTemplate":"https:\/\/ocab.nl\/de\/?s={search_term_string}"},"query-input":{"@type":"PropertyValueSpecification","valueRequired":true,"valueName":"search_term_string"}}],"inLanguage":"de"},{"@type":"Organization","@id":"https:\/\/ocab.nl\/de\/#organization","name":"OCAB","url":"https:\/\/ocab.nl\/de\/","logo":{"@type":"ImageObject","inLanguage":"de","@id":"https:\/\/ocab.nl\/de\/#\/schema\/logo\/image\/","url":"https:\/\/ocab.nl\/wp-content\/uploads\/2023\/07\/cropped-favicon.png","contentUrl":"https:\/\/ocab.nl\/wp-content\/uploads\/2023\/07\/cropped-favicon.png","width":512,"height":512,"caption":"OCAB"},"image":{"@id":"https:\/\/ocab.nl\/de\/#\/schema\/logo\/image\/"},"sameAs":["https:\/\/www.facebook.com\/ocabNL\/","https:\/\/x.com\/Ocablights","https:\/\/www.linkedin.com\/showcase\/ocab-nl\/","https:\/\/switchtron.nl\/"]}]}},"_links":{"self":[{"href":"https:\/\/ocab.nl\/de\/wp-json\/wp\/v2\/pages\/2427","targetHints":{"allow":["GET"]}}],"collection":[{"href":"https:\/\/ocab.nl\/de\/wp-json\/wp\/v2\/pages"}],"about":[{"href":"https:\/\/ocab.nl\/de\/wp-json\/wp\/v2\/types\/page"}],"author":[{"embeddable":true,"href":"https:\/\/ocab.nl\/de\/wp-json\/wp\/v2\/users\/1"}],"replies":[{"embeddable":true,"href":"https:\/\/ocab.nl\/de\/wp-json\/wp\/v2\/comments?post=2427"}],"version-history":[{"count":0,"href":"https:\/\/ocab.nl\/de\/wp-json\/wp\/v2\/pages\/2427\/revisions"}],"wp:attachment":[{"href":"https:\/\/ocab.nl\/de\/wp-json\/wp\/v2\/media?parent=2427"}],"curies":[{"name":"wp","href":"https:\/\/api.w.org\/{rel}","templated":true}]}}