{"id":1975,"date":"2022-05-04T09:40:49","date_gmt":"2022-05-04T07:40:49","guid":{"rendered":"https:\/\/ocab.flywheelsites.com\/beleuchtungsloesungen-fuer-jede-branche\/"},"modified":"2024-05-30T08:29:30","modified_gmt":"2024-05-30T06:29:30","slug":"beleuchtungsloesungen-fuer-jede-branche","status":"publish","type":"page","link":"https:\/\/ocab.nl\/de\/beleuchtungsloesungen-fuer-jede-branche\/","title":{"rendered":"Beleuchtungsl\u00f6sungen f\u00fcr jede Branche"},"content":{"rendered":"\n<h2 class=\"wp-block-heading has-text-align-center\">Warum sollte man Beleuchtung bei Ocab kaufen?<\/h2>\n\n<p class=\"has-text-align-center\">Wir von Ocab denken gerne mit Ihnen mit und bieten Ihnen professionelle Beleuchtung f\u00fcr Ihre Branche. Wir gehen auf die Bed\u00fcrfnisse Ihres Unternehmens ein und bieten Ihnen ma\u00dfgeschneiderte Beratung. So sorgen wir gemeinsam f\u00fcr einen unvergesslichen Eindruck, eine gute Atmosph\u00e4re und\/oder eine sichere Arbeitsumgebung.<\/p>\n\n<h2 class=\"wp-block-heading has-text-align-center\">Ein ma\u00dfgeschneiderter Beleuchtungsplan f\u00fcr jeden Raum<\/h2>\n\n<p class=\"has-text-align-center\">F\u00fcr jeden Raum, in dem eine Beleuchtung installiert werden soll, ist es wichtig, einen guten und klaren Beleuchtungsplan zu erstellen. Ein Beleuchtungsplan ist ein Plan f\u00fcr die Beleuchtung, der alle Umgebungsfaktoren in Ihrem Raum ber\u00fccksichtigt. Gemeinsam mit Ihnen betrachten wir diese Faktoren und verlieren das gew\u00fcnschte Ziel nicht aus den Augen. Auf diese Weise wird ein ma\u00dfgeschneiderter Beleuchtungsplan erstellt.<\/p>\n\n<p><\/p>\n<div class=\"information\"><a class=\"btn\" href=\"https:\/\/ocab.nl\/contact\/\">Stellen Sie uns eine Frage<\/a><a class=\"btn btn-outline icon-phone\" href=\"tel:+31321328050\">+31 321 328 050<\/a><\/div>\n","protected":false},"excerpt":{"rendered":"<p>Warum sollte man Beleuchtung bei Ocab kaufen? Wir von Ocab denken gerne mit Ihnen mit und bieten Ihnen professionelle Beleuchtung f\u00fcr Ihre Branche. Wir gehen auf die Bed\u00fcrfnisse Ihres Unternehmens ein und bieten Ihnen ma\u00dfgeschneiderte Beratung. So sorgen wir gemeinsam f\u00fcr einen unvergesslichen Eindruck, eine gute Atmosph\u00e4re und\/oder eine sichere Arbeitsumgebung. Ein ma\u00dfgeschneiderter Beleuchtungsplan f\u00fcr [&hellip;]<\/p>\n","protected":false},"author":3,"featured_media":0,"parent":0,"menu_order":0,"comment_status":"closed","ping_status":"closed","template":"template-lp.php","meta":{"_acf_changed":false,"inline_featured_image":false,"footnotes":""},"class_list":["post-1975","page","type-page","status-publish","hentry"],"acf":[],"yoast_head":"<!-- This site is optimized with the Yoast SEO plugin v27.2 - https:\/\/yoast.com\/product\/yoast-seo-wordpress\/ -->\n<title>Beleuchtungsl\u00f6sungen f\u00fcr jede Branche | Ocab<\/title>\n<meta name=\"description\" content=\"Wir von Ocab denken gerne mit Ihnen mit und bieten Ihnen professionelle Beleuchtung f\u00fcr Ihre Branche.\" \/>\n<meta name=\"robots\" content=\"index, follow, max-snippet:-1, max-image-preview:large, max-video-preview:-1\" \/>\n<link rel=\"canonical\" href=\"https:\/\/ocab.nl\/de\/beleuchtungsloesungen-fuer-jede-branche\/\" \/>\n<meta property=\"og:locale\" content=\"de_DE\" \/>\n<meta property=\"og:type\" content=\"article\" \/>\n<meta property=\"og:title\" content=\"Beleuchtungsl\u00f6sungen f\u00fcr jede Branche | Ocab\" \/>\n<meta property=\"og:description\" content=\"Wir von Ocab denken gerne mit Ihnen mit und bieten Ihnen professionelle Beleuchtung f\u00fcr Ihre Branche.\" \/>\n<meta property=\"og:url\" content=\"https:\/\/ocab.nl\/de\/beleuchtungsloesungen-fuer-jede-branche\/\" \/>\n<meta property=\"og:site_name\" content=\"Ocab\" \/>\n<meta property=\"article:publisher\" content=\"https:\/\/www.facebook.com\/ocabNL\/\" \/>\n<meta property=\"article:modified_time\" content=\"2024-05-30T06:29:30+00:00\" \/>\n<meta property=\"og:image\" content=\"https:\/\/ocab.nl\/wp-content\/uploads\/2023\/07\/favicon.png\" \/>\n\t<meta property=\"og:image:width\" content=\"512\" \/>\n\t<meta property=\"og:image:height\" content=\"512\" \/>\n\t<meta property=\"og:image:type\" content=\"image\/png\" \/>\n<meta name=\"twitter:card\" content=\"summary_large_image\" \/>\n<meta name=\"twitter:site\" content=\"@Ocablights\" \/>\n<meta name=\"twitter:label1\" content=\"Gesch\u00e4tzte Lesezeit\" \/>\n\t<meta name=\"twitter:data1\" content=\"1\u00a0Minute\" \/>\n<script type=\"application\/ld+json\" class=\"yoast-schema-graph\">{\"@context\":\"https:\/\/schema.org\",\"@graph\":[{\"@type\":\"WebPage\",\"@id\":\"https:\/\/ocab.nl\/de\/beleuchtungsloesungen-fuer-jede-branche\/\",\"url\":\"https:\/\/ocab.nl\/de\/beleuchtungsloesungen-fuer-jede-branche\/\",\"name\":\"Beleuchtungsl\u00f6sungen f\u00fcr jede Branche | Ocab\",\"isPartOf\":{\"@id\":\"https:\/\/ocab.nl\/de\/#website\"},\"datePublished\":\"2022-05-04T07:40:49+00:00\",\"dateModified\":\"2024-05-30T06:29:30+00:00\",\"description\":\"Wir von Ocab denken gerne mit Ihnen mit und bieten Ihnen professionelle Beleuchtung f\u00fcr Ihre Branche.\",\"breadcrumb\":{\"@id\":\"https:\/\/ocab.nl\/de\/beleuchtungsloesungen-fuer-jede-branche\/#breadcrumb\"},\"inLanguage\":\"de\",\"potentialAction\":[{\"@type\":\"ReadAction\",\"target\":[\"https:\/\/ocab.nl\/de\/beleuchtungsloesungen-fuer-jede-branche\/\"]}]},{\"@type\":\"BreadcrumbList\",\"@id\":\"https:\/\/ocab.nl\/de\/beleuchtungsloesungen-fuer-jede-branche\/#breadcrumb\",\"itemListElement\":[{\"@type\":\"ListItem\",\"position\":1,\"name\":\"Home\",\"item\":\"https:\/\/ocab.nl\/de\/startseite\/\"},{\"@type\":\"ListItem\",\"position\":2,\"name\":\"Beleuchtungsl\u00f6sungen f\u00fcr jede Branche\"}]},{\"@type\":\"WebSite\",\"@id\":\"https:\/\/ocab.nl\/de\/#website\",\"url\":\"https:\/\/ocab.nl\/de\/\",\"name\":\"Ocab\",\"description\":\"De specialist in lichtoplossingen\",\"publisher\":{\"@id\":\"https:\/\/ocab.nl\/de\/#organization\"},\"potentialAction\":[{\"@type\":\"SearchAction\",\"target\":{\"@type\":\"EntryPoint\",\"urlTemplate\":\"https:\/\/ocab.nl\/de\/?s={search_term_string}\"},\"query-input\":{\"@type\":\"PropertyValueSpecification\",\"valueRequired\":true,\"valueName\":\"search_term_string\"}}],\"inLanguage\":\"de\"},{\"@type\":\"Organization\",\"@id\":\"https:\/\/ocab.nl\/de\/#organization\",\"name\":\"OCAB\",\"url\":\"https:\/\/ocab.nl\/de\/\",\"logo\":{\"@type\":\"ImageObject\",\"inLanguage\":\"de\",\"@id\":\"https:\/\/ocab.nl\/de\/#\/schema\/logo\/image\/\",\"url\":\"https:\/\/ocab.nl\/wp-content\/uploads\/2023\/07\/cropped-favicon.png\",\"contentUrl\":\"https:\/\/ocab.nl\/wp-content\/uploads\/2023\/07\/cropped-favicon.png\",\"width\":512,\"height\":512,\"caption\":\"OCAB\"},\"image\":{\"@id\":\"https:\/\/ocab.nl\/de\/#\/schema\/logo\/image\/\"},\"sameAs\":[\"https:\/\/www.facebook.com\/ocabNL\/\",\"https:\/\/x.com\/Ocablights\",\"https:\/\/www.linkedin.com\/showcase\/ocab-nl\/\",\"https:\/\/switchtron.nl\/\"]}]}<\/script>\n<!-- \/ Yoast SEO plugin. -->","yoast_head_json":{"title":"Beleuchtungsl\u00f6sungen f\u00fcr jede Branche | Ocab","description":"Wir von Ocab denken gerne mit Ihnen mit und bieten Ihnen professionelle Beleuchtung f\u00fcr Ihre Branche.","robots":{"index":"index","follow":"follow","max-snippet":"max-snippet:-1","max-image-preview":"max-image-preview:large","max-video-preview":"max-video-preview:-1"},"canonical":"https:\/\/ocab.nl\/de\/beleuchtungsloesungen-fuer-jede-branche\/","og_locale":"de_DE","og_type":"article","og_title":"Beleuchtungsl\u00f6sungen f\u00fcr jede Branche | Ocab","og_description":"Wir von Ocab denken gerne mit Ihnen mit und bieten Ihnen professionelle Beleuchtung f\u00fcr Ihre Branche.","og_url":"https:\/\/ocab.nl\/de\/beleuchtungsloesungen-fuer-jede-branche\/","og_site_name":"Ocab","article_publisher":"https:\/\/www.facebook.com\/ocabNL\/","article_modified_time":"2024-05-30T06:29:30+00:00","og_image":[{"width":512,"height":512,"url":"https:\/\/ocab.nl\/wp-content\/uploads\/2023\/07\/favicon.png","type":"image\/png"}],"twitter_card":"summary_large_image","twitter_site":"@Ocablights","twitter_misc":{"Gesch\u00e4tzte Lesezeit":"1\u00a0Minute"},"schema":{"@context":"https:\/\/schema.org","@graph":[{"@type":"WebPage","@id":"https:\/\/ocab.nl\/de\/beleuchtungsloesungen-fuer-jede-branche\/","url":"https:\/\/ocab.nl\/de\/beleuchtungsloesungen-fuer-jede-branche\/","name":"Beleuchtungsl\u00f6sungen f\u00fcr jede Branche | Ocab","isPartOf":{"@id":"https:\/\/ocab.nl\/de\/#website"},"datePublished":"2022-05-04T07:40:49+00:00","dateModified":"2024-05-30T06:29:30+00:00","description":"Wir von Ocab denken gerne mit Ihnen mit und bieten Ihnen professionelle Beleuchtung f\u00fcr Ihre Branche.","breadcrumb":{"@id":"https:\/\/ocab.nl\/de\/beleuchtungsloesungen-fuer-jede-branche\/#breadcrumb"},"inLanguage":"de","potentialAction":[{"@type":"ReadAction","target":["https:\/\/ocab.nl\/de\/beleuchtungsloesungen-fuer-jede-branche\/"]}]},{"@type":"BreadcrumbList","@id":"https:\/\/ocab.nl\/de\/beleuchtungsloesungen-fuer-jede-branche\/#breadcrumb","itemListElement":[{"@type":"ListItem","position":1,"name":"Home","item":"https:\/\/ocab.nl\/de\/startseite\/"},{"@type":"ListItem","position":2,"name":"Beleuchtungsl\u00f6sungen f\u00fcr jede Branche"}]},{"@type":"WebSite","@id":"https:\/\/ocab.nl\/de\/#website","url":"https:\/\/ocab.nl\/de\/","name":"Ocab","description":"De specialist in lichtoplossingen","publisher":{"@id":"https:\/\/ocab.nl\/de\/#organization"},"potentialAction":[{"@type":"SearchAction","target":{"@type":"EntryPoint","urlTemplate":"https:\/\/ocab.nl\/de\/?s={search_term_string}"},"query-input":{"@type":"PropertyValueSpecification","valueRequired":true,"valueName":"search_term_string"}}],"inLanguage":"de"},{"@type":"Organization","@id":"https:\/\/ocab.nl\/de\/#organization","name":"OCAB","url":"https:\/\/ocab.nl\/de\/","logo":{"@type":"ImageObject","inLanguage":"de","@id":"https:\/\/ocab.nl\/de\/#\/schema\/logo\/image\/","url":"https:\/\/ocab.nl\/wp-content\/uploads\/2023\/07\/cropped-favicon.png","contentUrl":"https:\/\/ocab.nl\/wp-content\/uploads\/2023\/07\/cropped-favicon.png","width":512,"height":512,"caption":"OCAB"},"image":{"@id":"https:\/\/ocab.nl\/de\/#\/schema\/logo\/image\/"},"sameAs":["https:\/\/www.facebook.com\/ocabNL\/","https:\/\/x.com\/Ocablights","https:\/\/www.linkedin.com\/showcase\/ocab-nl\/","https:\/\/switchtron.nl\/"]}]}},"_links":{"self":[{"href":"https:\/\/ocab.nl\/de\/wp-json\/wp\/v2\/pages\/1975","targetHints":{"allow":["GET"]}}],"collection":[{"href":"https:\/\/ocab.nl\/de\/wp-json\/wp\/v2\/pages"}],"about":[{"href":"https:\/\/ocab.nl\/de\/wp-json\/wp\/v2\/types\/page"}],"author":[{"embeddable":true,"href":"https:\/\/ocab.nl\/de\/wp-json\/wp\/v2\/users\/3"}],"replies":[{"embeddable":true,"href":"https:\/\/ocab.nl\/de\/wp-json\/wp\/v2\/comments?post=1975"}],"version-history":[{"count":0,"href":"https:\/\/ocab.nl\/de\/wp-json\/wp\/v2\/pages\/1975\/revisions"}],"wp:attachment":[{"href":"https:\/\/ocab.nl\/de\/wp-json\/wp\/v2\/media?parent=1975"}],"curies":[{"name":"wp","href":"https:\/\/api.w.org\/{rel}","templated":true}]}}