{"id":1962,"date":"2022-08-17T14:25:07","date_gmt":"2022-08-17T12:25:07","guid":{"rendered":"https:\/\/ocab.flywheelsites.com\/beleuchtung-der-sporthalle\/"},"modified":"2024-07-25T10:17:56","modified_gmt":"2024-07-25T08:17:56","slug":"beleuchtung-der-sporthalle","status":"publish","type":"page","link":"https:\/\/ocab.nl\/de\/beleuchtung-der-sporthalle\/","title":{"rendered":"Beleuchtung der Sporthalle"},"content":{"rendered":"\n<p class=\"has-text-align-center\">Suchen Sie eine LED-Beleuchtung f\u00fcr die Sporthalle? Eine gute Beleuchtung in einer Sporthalle ist f\u00fcr die Sportler, die Zuschauer und das Personal im Raum unerl\u00e4sslich. Mit der richtigen Beleuchtung werden die sportlichen Leistungen deutlich verbessert und die Freude am Sport gesteigert. Neben den positiven Auswirkungen einer guten Beleuchtung ist auch eine gleichm\u00e4\u00dfige Lichtverteilung sehr wichtig, damit die Beleuchtung die Sicherheit gew\u00e4hrleistet. Ein Unfall befindet sich in einer kleinen Ecke, insbesondere bei Mannschaftssportarten. Wussten Sie au\u00dferdem, dass die Beleuchtung von Sporthallen eine Reihe von Richtlinien erf\u00fcllen muss? Wir sind mit den Richtlinien vertraut und k\u00f6nnen einen individuellen Beleuchtungsplan f\u00fcr die neue Beleuchtung in Ihrer Sporthalle erstellen.<\/p>\n<div class=\"information\"><a class=\"btn\" href=\"https:\/\/ocab.nl\/contact\/\">Stellen Sie uns eine Frage<\/a><a class=\"btn btn-outline icon-phone\" href=\"tel:+31321328050\">+31 321 328 050<\/a><\/div>\n","protected":false},"excerpt":{"rendered":"<p>Suchen Sie eine LED-Beleuchtung f\u00fcr die Sporthalle? Eine gute Beleuchtung in einer Sporthalle ist f\u00fcr die Sportler, die Zuschauer und das Personal im Raum unerl\u00e4sslich. Mit der richtigen Beleuchtung werden die sportlichen Leistungen deutlich verbessert und die Freude am Sport gesteigert. Neben den positiven Auswirkungen einer guten Beleuchtung ist auch eine gleichm\u00e4\u00dfige Lichtverteilung sehr wichtig, [&hellip;]<\/p>\n","protected":false},"author":3,"featured_media":0,"parent":0,"menu_order":0,"comment_status":"closed","ping_status":"closed","template":"template-lp.php","meta":{"_acf_changed":false,"inline_featured_image":false,"footnotes":""},"class_list":["post-1962","page","type-page","status-publish","hentry"],"acf":[],"yoast_head":"<!-- This site is optimized with the Yoast SEO plugin v27.2 - https:\/\/yoast.com\/product\/yoast-seo-wordpress\/ -->\n<title>Beleuchtung der Sporthalle | Ocab<\/title>\n<meta name=\"description\" content=\"Eine gute Beleuchtung in einer Sporthalle ist f\u00fcr die Sportler unerl\u00e4sslich. Dar\u00fcber hinaus sollte die Beleuchtung von Sporthallen auch eine Reihe von Anforderungen erf\u00fcllen.\" \/>\n<meta name=\"robots\" content=\"index, follow, max-snippet:-1, max-image-preview:large, max-video-preview:-1\" \/>\n<link rel=\"canonical\" href=\"https:\/\/ocab.nl\/de\/beleuchtung-der-sporthalle\/\" \/>\n<meta property=\"og:locale\" content=\"de_DE\" \/>\n<meta property=\"og:type\" content=\"article\" \/>\n<meta property=\"og:title\" content=\"Beleuchtung der Sporthalle | Ocab\" \/>\n<meta property=\"og:description\" content=\"Eine gute Beleuchtung in einer Sporthalle ist f\u00fcr die Sportler unerl\u00e4sslich. Dar\u00fcber hinaus sollte die Beleuchtung von Sporthallen auch eine Reihe von Anforderungen erf\u00fcllen.\" \/>\n<meta property=\"og:url\" content=\"https:\/\/ocab.nl\/de\/beleuchtung-der-sporthalle\/\" \/>\n<meta property=\"og:site_name\" content=\"Ocab\" \/>\n<meta property=\"article:publisher\" content=\"https:\/\/www.facebook.com\/ocabNL\/\" \/>\n<meta property=\"article:modified_time\" content=\"2024-07-25T08:17:56+00:00\" \/>\n<meta property=\"og:image\" content=\"https:\/\/ocab.nl\/wp-content\/uploads\/2023\/07\/favicon.png\" \/>\n\t<meta property=\"og:image:width\" content=\"512\" \/>\n\t<meta property=\"og:image:height\" content=\"512\" \/>\n\t<meta property=\"og:image:type\" content=\"image\/png\" \/>\n<meta name=\"twitter:card\" content=\"summary_large_image\" \/>\n<meta name=\"twitter:site\" content=\"@Ocablights\" \/>\n<meta name=\"twitter:label1\" content=\"Gesch\u00e4tzte Lesezeit\" \/>\n\t<meta name=\"twitter:data1\" content=\"1\u00a0Minute\" \/>\n<script type=\"application\/ld+json\" class=\"yoast-schema-graph\">{\"@context\":\"https:\/\/schema.org\",\"@graph\":[{\"@type\":\"WebPage\",\"@id\":\"https:\/\/ocab.nl\/de\/beleuchtung-der-sporthalle\/\",\"url\":\"https:\/\/ocab.nl\/de\/beleuchtung-der-sporthalle\/\",\"name\":\"Beleuchtung der Sporthalle | Ocab\",\"isPartOf\":{\"@id\":\"https:\/\/ocab.nl\/de\/#website\"},\"datePublished\":\"2022-08-17T12:25:07+00:00\",\"dateModified\":\"2024-07-25T08:17:56+00:00\",\"description\":\"Eine gute Beleuchtung in einer Sporthalle ist f\u00fcr die Sportler unerl\u00e4sslich. Dar\u00fcber hinaus sollte die Beleuchtung von Sporthallen auch eine Reihe von Anforderungen erf\u00fcllen.\",\"breadcrumb\":{\"@id\":\"https:\/\/ocab.nl\/de\/beleuchtung-der-sporthalle\/#breadcrumb\"},\"inLanguage\":\"de\",\"potentialAction\":[{\"@type\":\"ReadAction\",\"target\":[\"https:\/\/ocab.nl\/de\/beleuchtung-der-sporthalle\/\"]}]},{\"@type\":\"BreadcrumbList\",\"@id\":\"https:\/\/ocab.nl\/de\/beleuchtung-der-sporthalle\/#breadcrumb\",\"itemListElement\":[{\"@type\":\"ListItem\",\"position\":1,\"name\":\"Home\",\"item\":\"https:\/\/ocab.nl\/de\/startseite\/\"},{\"@type\":\"ListItem\",\"position\":2,\"name\":\"Beleuchtung der Sporthalle\"}]},{\"@type\":\"WebSite\",\"@id\":\"https:\/\/ocab.nl\/de\/#website\",\"url\":\"https:\/\/ocab.nl\/de\/\",\"name\":\"Ocab\",\"description\":\"De specialist in lichtoplossingen\",\"publisher\":{\"@id\":\"https:\/\/ocab.nl\/de\/#organization\"},\"potentialAction\":[{\"@type\":\"SearchAction\",\"target\":{\"@type\":\"EntryPoint\",\"urlTemplate\":\"https:\/\/ocab.nl\/de\/?s={search_term_string}\"},\"query-input\":{\"@type\":\"PropertyValueSpecification\",\"valueRequired\":true,\"valueName\":\"search_term_string\"}}],\"inLanguage\":\"de\"},{\"@type\":\"Organization\",\"@id\":\"https:\/\/ocab.nl\/de\/#organization\",\"name\":\"OCAB\",\"url\":\"https:\/\/ocab.nl\/de\/\",\"logo\":{\"@type\":\"ImageObject\",\"inLanguage\":\"de\",\"@id\":\"https:\/\/ocab.nl\/de\/#\/schema\/logo\/image\/\",\"url\":\"https:\/\/ocab.nl\/wp-content\/uploads\/2023\/07\/cropped-favicon.png\",\"contentUrl\":\"https:\/\/ocab.nl\/wp-content\/uploads\/2023\/07\/cropped-favicon.png\",\"width\":512,\"height\":512,\"caption\":\"OCAB\"},\"image\":{\"@id\":\"https:\/\/ocab.nl\/de\/#\/schema\/logo\/image\/\"},\"sameAs\":[\"https:\/\/www.facebook.com\/ocabNL\/\",\"https:\/\/x.com\/Ocablights\",\"https:\/\/www.linkedin.com\/showcase\/ocab-nl\/\",\"https:\/\/switchtron.nl\/\"]}]}<\/script>\n<!-- \/ Yoast SEO plugin. -->","yoast_head_json":{"title":"Beleuchtung der Sporthalle | Ocab","description":"Eine gute Beleuchtung in einer Sporthalle ist f\u00fcr die Sportler unerl\u00e4sslich. Dar\u00fcber hinaus sollte die Beleuchtung von Sporthallen auch eine Reihe von Anforderungen erf\u00fcllen.","robots":{"index":"index","follow":"follow","max-snippet":"max-snippet:-1","max-image-preview":"max-image-preview:large","max-video-preview":"max-video-preview:-1"},"canonical":"https:\/\/ocab.nl\/de\/beleuchtung-der-sporthalle\/","og_locale":"de_DE","og_type":"article","og_title":"Beleuchtung der Sporthalle | Ocab","og_description":"Eine gute Beleuchtung in einer Sporthalle ist f\u00fcr die Sportler unerl\u00e4sslich. Dar\u00fcber hinaus sollte die Beleuchtung von Sporthallen auch eine Reihe von Anforderungen erf\u00fcllen.","og_url":"https:\/\/ocab.nl\/de\/beleuchtung-der-sporthalle\/","og_site_name":"Ocab","article_publisher":"https:\/\/www.facebook.com\/ocabNL\/","article_modified_time":"2024-07-25T08:17:56+00:00","og_image":[{"width":512,"height":512,"url":"https:\/\/ocab.nl\/wp-content\/uploads\/2023\/07\/favicon.png","type":"image\/png"}],"twitter_card":"summary_large_image","twitter_site":"@Ocablights","twitter_misc":{"Gesch\u00e4tzte Lesezeit":"1\u00a0Minute"},"schema":{"@context":"https:\/\/schema.org","@graph":[{"@type":"WebPage","@id":"https:\/\/ocab.nl\/de\/beleuchtung-der-sporthalle\/","url":"https:\/\/ocab.nl\/de\/beleuchtung-der-sporthalle\/","name":"Beleuchtung der Sporthalle | Ocab","isPartOf":{"@id":"https:\/\/ocab.nl\/de\/#website"},"datePublished":"2022-08-17T12:25:07+00:00","dateModified":"2024-07-25T08:17:56+00:00","description":"Eine gute Beleuchtung in einer Sporthalle ist f\u00fcr die Sportler unerl\u00e4sslich. Dar\u00fcber hinaus sollte die Beleuchtung von Sporthallen auch eine Reihe von Anforderungen erf\u00fcllen.","breadcrumb":{"@id":"https:\/\/ocab.nl\/de\/beleuchtung-der-sporthalle\/#breadcrumb"},"inLanguage":"de","potentialAction":[{"@type":"ReadAction","target":["https:\/\/ocab.nl\/de\/beleuchtung-der-sporthalle\/"]}]},{"@type":"BreadcrumbList","@id":"https:\/\/ocab.nl\/de\/beleuchtung-der-sporthalle\/#breadcrumb","itemListElement":[{"@type":"ListItem","position":1,"name":"Home","item":"https:\/\/ocab.nl\/de\/startseite\/"},{"@type":"ListItem","position":2,"name":"Beleuchtung der Sporthalle"}]},{"@type":"WebSite","@id":"https:\/\/ocab.nl\/de\/#website","url":"https:\/\/ocab.nl\/de\/","name":"Ocab","description":"De specialist in lichtoplossingen","publisher":{"@id":"https:\/\/ocab.nl\/de\/#organization"},"potentialAction":[{"@type":"SearchAction","target":{"@type":"EntryPoint","urlTemplate":"https:\/\/ocab.nl\/de\/?s={search_term_string}"},"query-input":{"@type":"PropertyValueSpecification","valueRequired":true,"valueName":"search_term_string"}}],"inLanguage":"de"},{"@type":"Organization","@id":"https:\/\/ocab.nl\/de\/#organization","name":"OCAB","url":"https:\/\/ocab.nl\/de\/","logo":{"@type":"ImageObject","inLanguage":"de","@id":"https:\/\/ocab.nl\/de\/#\/schema\/logo\/image\/","url":"https:\/\/ocab.nl\/wp-content\/uploads\/2023\/07\/cropped-favicon.png","contentUrl":"https:\/\/ocab.nl\/wp-content\/uploads\/2023\/07\/cropped-favicon.png","width":512,"height":512,"caption":"OCAB"},"image":{"@id":"https:\/\/ocab.nl\/de\/#\/schema\/logo\/image\/"},"sameAs":["https:\/\/www.facebook.com\/ocabNL\/","https:\/\/x.com\/Ocablights","https:\/\/www.linkedin.com\/showcase\/ocab-nl\/","https:\/\/switchtron.nl\/"]}]}},"_links":{"self":[{"href":"https:\/\/ocab.nl\/de\/wp-json\/wp\/v2\/pages\/1962","targetHints":{"allow":["GET"]}}],"collection":[{"href":"https:\/\/ocab.nl\/de\/wp-json\/wp\/v2\/pages"}],"about":[{"href":"https:\/\/ocab.nl\/de\/wp-json\/wp\/v2\/types\/page"}],"author":[{"embeddable":true,"href":"https:\/\/ocab.nl\/de\/wp-json\/wp\/v2\/users\/3"}],"replies":[{"embeddable":true,"href":"https:\/\/ocab.nl\/de\/wp-json\/wp\/v2\/comments?post=1962"}],"version-history":[{"count":0,"href":"https:\/\/ocab.nl\/de\/wp-json\/wp\/v2\/pages\/1962\/revisions"}],"wp:attachment":[{"href":"https:\/\/ocab.nl\/de\/wp-json\/wp\/v2\/media?parent=1962"}],"curies":[{"name":"wp","href":"https:\/\/api.w.org\/{rel}","templated":true}]}}