{"id":1955,"date":"2022-08-17T15:05:13","date_gmt":"2022-08-17T13:05:13","guid":{"rendered":"https:\/\/ocab.flywheelsites.com\/beleuchtung-fuer-die-bildung\/"},"modified":"2024-02-28T10:28:12","modified_gmt":"2024-02-28T09:28:12","slug":"beleuchtung-fuer-die-bildung","status":"publish","type":"page","link":"https:\/\/ocab.nl\/de\/beleuchtung-fuer-die-bildung\/","title":{"rendered":"Beleuchtung f\u00fcr die Bildung"},"content":{"rendered":"\n<p class=\"has-text-align-center\">Gute Beleuchtung an Orten, an denen sich Menschen aufhalten, verbessert nachweislich die <strong>Konzentration<\/strong>, <strong>die Stimmung<\/strong><strong>,<\/strong> <strong>Kopfschmerzen<\/strong> und <strong>die Arbeitseffizienz<\/strong>. Im Bildungswesen, wo Kinder, Jugendliche und Erwachsene tagelang an den Schreibtischen sitzen, um sich neues Wissen anzueignen, ist es von immenser Bedeutung, dass die Beleuchtung hier zum Lernfortschritt beitr\u00e4gt. Es ist auch eine gute Idee, auf eine nachhaltige Beleuchtung zu achten, zum Beispiel durch die Installation von LED-Beleuchtung. Ocab ist ein Experte auf dem Gebiet der p\u00e4dagogischen Beleuchtung und denkt gerne in Lichtl\u00f6sungen mit. Wir haben bereits viele verschiedene Arten von LED-Beleuchtung f\u00fcr Schulen geliefert. Neugierig auf die M\u00f6glichkeiten? Nehmen Sie Kontakt mit uns auf!<\/p>\n<div class=\"information\"><a class=\"btn\" href=\"https:\/\/ocab.nl\/contact\/\">Stellen Sie uns eine Frage<\/a><a class=\"btn btn-outline icon-phone\" href=\"tel:+31321328050\">+31 321 328 050<\/a><\/div>\n","protected":false},"excerpt":{"rendered":"<p>Gute Beleuchtung an Orten, an denen sich Menschen aufhalten, verbessert nachweislich die Konzentration, die Stimmung, Kopfschmerzen und die Arbeitseffizienz. Im Bildungswesen, wo Kinder, Jugendliche und Erwachsene tagelang an den Schreibtischen sitzen, um sich neues Wissen anzueignen, ist es von immenser Bedeutung, dass die Beleuchtung hier zum Lernfortschritt beitr\u00e4gt. Es ist auch eine gute Idee, auf [&hellip;]<\/p>\n","protected":false},"author":3,"featured_media":1671,"parent":0,"menu_order":0,"comment_status":"closed","ping_status":"closed","template":"template-lp.php","meta":{"_acf_changed":false,"inline_featured_image":false,"footnotes":""},"class_list":["post-1955","page","type-page","status-publish","has-post-thumbnail","hentry"],"acf":[],"yoast_head":"<!-- This site is optimized with the Yoast SEO plugin v27.2 - https:\/\/yoast.com\/product\/yoast-seo-wordpress\/ -->\n<title>Beleuchtung f\u00fcr die Bildung | Ocab<\/title>\n<meta name=\"description\" content=\"Gute Beleuchtung an Orten, an denen sich Menschen aufhalten, verbessert nachweislich die Konzentration, die Stimmung, Kopfschmerzen und die Arbeitseffizienz.\" \/>\n<meta name=\"robots\" content=\"index, follow, max-snippet:-1, max-image-preview:large, max-video-preview:-1\" \/>\n<link rel=\"canonical\" href=\"https:\/\/ocab.nl\/de\/beleuchtung-fuer-die-bildung\/\" \/>\n<meta property=\"og:locale\" content=\"de_DE\" \/>\n<meta property=\"og:type\" content=\"article\" \/>\n<meta property=\"og:title\" content=\"Beleuchtung f\u00fcr die Bildung | Ocab\" \/>\n<meta property=\"og:description\" content=\"Gute Beleuchtung an Orten, an denen sich Menschen aufhalten, verbessert nachweislich die Konzentration, die Stimmung, Kopfschmerzen und die Arbeitseffizienz.\" \/>\n<meta property=\"og:url\" content=\"https:\/\/ocab.nl\/de\/beleuchtung-fuer-die-bildung\/\" \/>\n<meta property=\"og:site_name\" content=\"Ocab\" \/>\n<meta property=\"article:publisher\" content=\"https:\/\/www.facebook.com\/ocabNL\/\" \/>\n<meta property=\"article:modified_time\" content=\"2024-02-28T09:28:12+00:00\" \/>\n<meta property=\"og:image\" content=\"https:\/\/ocab.nl\/wp-content\/uploads\/2023\/01\/ROC-02.jpg\" \/>\n\t<meta property=\"og:image:width\" content=\"1000\" \/>\n\t<meta property=\"og:image:height\" content=\"554\" \/>\n\t<meta property=\"og:image:type\" content=\"image\/jpeg\" \/>\n<meta name=\"twitter:card\" content=\"summary_large_image\" \/>\n<meta name=\"twitter:site\" content=\"@Ocablights\" \/>\n<meta name=\"twitter:label1\" content=\"Gesch\u00e4tzte Lesezeit\" \/>\n\t<meta name=\"twitter:data1\" content=\"1\u00a0Minute\" \/>\n<script type=\"application\/ld+json\" class=\"yoast-schema-graph\">{\"@context\":\"https:\/\/schema.org\",\"@graph\":[{\"@type\":\"WebPage\",\"@id\":\"https:\/\/ocab.nl\/de\/beleuchtung-fuer-die-bildung\/\",\"url\":\"https:\/\/ocab.nl\/de\/beleuchtung-fuer-die-bildung\/\",\"name\":\"Beleuchtung f\u00fcr die Bildung | Ocab\",\"isPartOf\":{\"@id\":\"https:\/\/ocab.nl\/de\/#website\"},\"primaryImageOfPage\":{\"@id\":\"https:\/\/ocab.nl\/de\/beleuchtung-fuer-die-bildung\/#primaryimage\"},\"image\":{\"@id\":\"https:\/\/ocab.nl\/de\/beleuchtung-fuer-die-bildung\/#primaryimage\"},\"thumbnailUrl\":\"https:\/\/ocab.nl\/wp-content\/uploads\/2023\/01\/ROC-02.jpg\",\"datePublished\":\"2022-08-17T13:05:13+00:00\",\"dateModified\":\"2024-02-28T09:28:12+00:00\",\"description\":\"Gute Beleuchtung an Orten, an denen sich Menschen aufhalten, verbessert nachweislich die Konzentration, die Stimmung, Kopfschmerzen und die Arbeitseffizienz.\",\"breadcrumb\":{\"@id\":\"https:\/\/ocab.nl\/de\/beleuchtung-fuer-die-bildung\/#breadcrumb\"},\"inLanguage\":\"de\",\"potentialAction\":[{\"@type\":\"ReadAction\",\"target\":[\"https:\/\/ocab.nl\/de\/beleuchtung-fuer-die-bildung\/\"]}]},{\"@type\":\"ImageObject\",\"inLanguage\":\"de\",\"@id\":\"https:\/\/ocab.nl\/de\/beleuchtung-fuer-die-bildung\/#primaryimage\",\"url\":\"https:\/\/ocab.nl\/wp-content\/uploads\/2023\/01\/ROC-02.jpg\",\"contentUrl\":\"https:\/\/ocab.nl\/wp-content\/uploads\/2023\/01\/ROC-02.jpg\",\"width\":1000,\"height\":554},{\"@type\":\"BreadcrumbList\",\"@id\":\"https:\/\/ocab.nl\/de\/beleuchtung-fuer-die-bildung\/#breadcrumb\",\"itemListElement\":[{\"@type\":\"ListItem\",\"position\":1,\"name\":\"Home\",\"item\":\"https:\/\/ocab.nl\/de\/startseite\/\"},{\"@type\":\"ListItem\",\"position\":2,\"name\":\"Beleuchtung f\u00fcr die Bildung\"}]},{\"@type\":\"WebSite\",\"@id\":\"https:\/\/ocab.nl\/de\/#website\",\"url\":\"https:\/\/ocab.nl\/de\/\",\"name\":\"Ocab\",\"description\":\"De specialist in lichtoplossingen\",\"publisher\":{\"@id\":\"https:\/\/ocab.nl\/de\/#organization\"},\"potentialAction\":[{\"@type\":\"SearchAction\",\"target\":{\"@type\":\"EntryPoint\",\"urlTemplate\":\"https:\/\/ocab.nl\/de\/?s={search_term_string}\"},\"query-input\":{\"@type\":\"PropertyValueSpecification\",\"valueRequired\":true,\"valueName\":\"search_term_string\"}}],\"inLanguage\":\"de\"},{\"@type\":\"Organization\",\"@id\":\"https:\/\/ocab.nl\/de\/#organization\",\"name\":\"OCAB\",\"url\":\"https:\/\/ocab.nl\/de\/\",\"logo\":{\"@type\":\"ImageObject\",\"inLanguage\":\"de\",\"@id\":\"https:\/\/ocab.nl\/de\/#\/schema\/logo\/image\/\",\"url\":\"https:\/\/ocab.nl\/wp-content\/uploads\/2023\/07\/cropped-favicon.png\",\"contentUrl\":\"https:\/\/ocab.nl\/wp-content\/uploads\/2023\/07\/cropped-favicon.png\",\"width\":512,\"height\":512,\"caption\":\"OCAB\"},\"image\":{\"@id\":\"https:\/\/ocab.nl\/de\/#\/schema\/logo\/image\/\"},\"sameAs\":[\"https:\/\/www.facebook.com\/ocabNL\/\",\"https:\/\/x.com\/Ocablights\",\"https:\/\/www.linkedin.com\/showcase\/ocab-nl\/\",\"https:\/\/switchtron.nl\/\"]}]}<\/script>\n<!-- \/ Yoast SEO plugin. -->","yoast_head_json":{"title":"Beleuchtung f\u00fcr die Bildung | Ocab","description":"Gute Beleuchtung an Orten, an denen sich Menschen aufhalten, verbessert nachweislich die Konzentration, die Stimmung, Kopfschmerzen und die Arbeitseffizienz.","robots":{"index":"index","follow":"follow","max-snippet":"max-snippet:-1","max-image-preview":"max-image-preview:large","max-video-preview":"max-video-preview:-1"},"canonical":"https:\/\/ocab.nl\/de\/beleuchtung-fuer-die-bildung\/","og_locale":"de_DE","og_type":"article","og_title":"Beleuchtung f\u00fcr die Bildung | Ocab","og_description":"Gute Beleuchtung an Orten, an denen sich Menschen aufhalten, verbessert nachweislich die Konzentration, die Stimmung, Kopfschmerzen und die Arbeitseffizienz.","og_url":"https:\/\/ocab.nl\/de\/beleuchtung-fuer-die-bildung\/","og_site_name":"Ocab","article_publisher":"https:\/\/www.facebook.com\/ocabNL\/","article_modified_time":"2024-02-28T09:28:12+00:00","og_image":[{"width":1000,"height":554,"url":"https:\/\/ocab.nl\/wp-content\/uploads\/2023\/01\/ROC-02.jpg","type":"image\/jpeg"}],"twitter_card":"summary_large_image","twitter_site":"@Ocablights","twitter_misc":{"Gesch\u00e4tzte Lesezeit":"1\u00a0Minute"},"schema":{"@context":"https:\/\/schema.org","@graph":[{"@type":"WebPage","@id":"https:\/\/ocab.nl\/de\/beleuchtung-fuer-die-bildung\/","url":"https:\/\/ocab.nl\/de\/beleuchtung-fuer-die-bildung\/","name":"Beleuchtung f\u00fcr die Bildung | Ocab","isPartOf":{"@id":"https:\/\/ocab.nl\/de\/#website"},"primaryImageOfPage":{"@id":"https:\/\/ocab.nl\/de\/beleuchtung-fuer-die-bildung\/#primaryimage"},"image":{"@id":"https:\/\/ocab.nl\/de\/beleuchtung-fuer-die-bildung\/#primaryimage"},"thumbnailUrl":"https:\/\/ocab.nl\/wp-content\/uploads\/2023\/01\/ROC-02.jpg","datePublished":"2022-08-17T13:05:13+00:00","dateModified":"2024-02-28T09:28:12+00:00","description":"Gute Beleuchtung an Orten, an denen sich Menschen aufhalten, verbessert nachweislich die Konzentration, die Stimmung, Kopfschmerzen und die Arbeitseffizienz.","breadcrumb":{"@id":"https:\/\/ocab.nl\/de\/beleuchtung-fuer-die-bildung\/#breadcrumb"},"inLanguage":"de","potentialAction":[{"@type":"ReadAction","target":["https:\/\/ocab.nl\/de\/beleuchtung-fuer-die-bildung\/"]}]},{"@type":"ImageObject","inLanguage":"de","@id":"https:\/\/ocab.nl\/de\/beleuchtung-fuer-die-bildung\/#primaryimage","url":"https:\/\/ocab.nl\/wp-content\/uploads\/2023\/01\/ROC-02.jpg","contentUrl":"https:\/\/ocab.nl\/wp-content\/uploads\/2023\/01\/ROC-02.jpg","width":1000,"height":554},{"@type":"BreadcrumbList","@id":"https:\/\/ocab.nl\/de\/beleuchtung-fuer-die-bildung\/#breadcrumb","itemListElement":[{"@type":"ListItem","position":1,"name":"Home","item":"https:\/\/ocab.nl\/de\/startseite\/"},{"@type":"ListItem","position":2,"name":"Beleuchtung f\u00fcr die Bildung"}]},{"@type":"WebSite","@id":"https:\/\/ocab.nl\/de\/#website","url":"https:\/\/ocab.nl\/de\/","name":"Ocab","description":"De specialist in lichtoplossingen","publisher":{"@id":"https:\/\/ocab.nl\/de\/#organization"},"potentialAction":[{"@type":"SearchAction","target":{"@type":"EntryPoint","urlTemplate":"https:\/\/ocab.nl\/de\/?s={search_term_string}"},"query-input":{"@type":"PropertyValueSpecification","valueRequired":true,"valueName":"search_term_string"}}],"inLanguage":"de"},{"@type":"Organization","@id":"https:\/\/ocab.nl\/de\/#organization","name":"OCAB","url":"https:\/\/ocab.nl\/de\/","logo":{"@type":"ImageObject","inLanguage":"de","@id":"https:\/\/ocab.nl\/de\/#\/schema\/logo\/image\/","url":"https:\/\/ocab.nl\/wp-content\/uploads\/2023\/07\/cropped-favicon.png","contentUrl":"https:\/\/ocab.nl\/wp-content\/uploads\/2023\/07\/cropped-favicon.png","width":512,"height":512,"caption":"OCAB"},"image":{"@id":"https:\/\/ocab.nl\/de\/#\/schema\/logo\/image\/"},"sameAs":["https:\/\/www.facebook.com\/ocabNL\/","https:\/\/x.com\/Ocablights","https:\/\/www.linkedin.com\/showcase\/ocab-nl\/","https:\/\/switchtron.nl\/"]}]}},"_links":{"self":[{"href":"https:\/\/ocab.nl\/de\/wp-json\/wp\/v2\/pages\/1955","targetHints":{"allow":["GET"]}}],"collection":[{"href":"https:\/\/ocab.nl\/de\/wp-json\/wp\/v2\/pages"}],"about":[{"href":"https:\/\/ocab.nl\/de\/wp-json\/wp\/v2\/types\/page"}],"author":[{"embeddable":true,"href":"https:\/\/ocab.nl\/de\/wp-json\/wp\/v2\/users\/3"}],"replies":[{"embeddable":true,"href":"https:\/\/ocab.nl\/de\/wp-json\/wp\/v2\/comments?post=1955"}],"version-history":[{"count":0,"href":"https:\/\/ocab.nl\/de\/wp-json\/wp\/v2\/pages\/1955\/revisions"}],"wp:featuredmedia":[{"embeddable":true,"href":"https:\/\/ocab.nl\/de\/wp-json\/wp\/v2\/media\/1671"}],"wp:attachment":[{"href":"https:\/\/ocab.nl\/de\/wp-json\/wp\/v2\/media?parent=1955"}],"curies":[{"name":"wp","href":"https:\/\/api.w.org\/{rel}","templated":true}]}}