{"id":1949,"date":"2022-08-17T14:44:51","date_gmt":"2022-08-17T12:44:51","guid":{"rendered":"https:\/\/ocab.flywheelsites.com\/beleuchtung-im-einzelhandel\/"},"modified":"2024-05-30T08:32:37","modified_gmt":"2024-05-30T06:32:37","slug":"beleuchtung-im-einzelhandel","status":"publish","type":"page","link":"https:\/\/ocab.nl\/de\/beleuchtung-im-einzelhandel\/","title":{"rendered":"Beleuchtung im Einzelhandel"},"content":{"rendered":"\n<p class=\"has-text-align-center\">Die Beleuchtung im Einzelhandel ist sehr wichtig f\u00fcr das Kauferlebnis des Kunden. Die richtige Beleuchtung vermittelt schon beim ersten Schritt \u00fcber die T\u00fcrschwelle einen ersten Eindruck. Sie hoffen nat\u00fcrlich, dass dieser Eindruck positiv ist. Dies erh\u00f6ht die Wahrscheinlichkeit, dass die Kunden einen Kauf t\u00e4tigen oder wiederkommen. Es ist wichtig, daran zu denken, dass es im Einzelhandel nicht nur um die allgemeine Beleuchtung geht, sondern auch um die Akzentbeleuchtung f\u00fcr bestimmte Produkte oder Regale. Die richtige Akzentbeleuchtung lenkt den Kunden auf ein bestimmtes Produkt.  <\/p>\n<div class=\"information\"><a class=\"btn\" href=\"https:\/\/ocab.nl\/contact\/\">Stellen Sie uns eine Frage<\/a><a class=\"btn btn-outline icon-phone\" href=\"tel:+31321328050\">+31 321 328 050<\/a><\/div>\n","protected":false},"excerpt":{"rendered":"<p>Die Beleuchtung im Einzelhandel ist sehr wichtig f\u00fcr das Kauferlebnis des Kunden. Die richtige Beleuchtung vermittelt schon beim ersten Schritt \u00fcber die T\u00fcrschwelle einen ersten Eindruck. Sie hoffen nat\u00fcrlich, dass dieser Eindruck positiv ist. Dies erh\u00f6ht die Wahrscheinlichkeit, dass die Kunden einen Kauf t\u00e4tigen oder wiederkommen. Es ist wichtig, daran zu denken, dass es im [&hellip;]<\/p>\n","protected":false},"author":3,"featured_media":0,"parent":0,"menu_order":0,"comment_status":"closed","ping_status":"closed","template":"template-lp.php","meta":{"_acf_changed":false,"inline_featured_image":false,"footnotes":""},"class_list":["post-1949","page","type-page","status-publish","hentry"],"acf":[],"yoast_head":"<!-- This site is optimized with the Yoast SEO plugin v27.2 - https:\/\/yoast.com\/product\/yoast-seo-wordpress\/ -->\n<title>Beleuchtung im Einzelhandel | Ocab<\/title>\n<meta name=\"description\" content=\"Die Beleuchtung im Einzelhandel ist sehr wichtig f\u00fcr das Kauferlebnis des Kunden. Mit der richtigen Beleuchtung machen Sie einen guten ersten Eindruck.\" \/>\n<meta name=\"robots\" content=\"index, follow, max-snippet:-1, max-image-preview:large, max-video-preview:-1\" \/>\n<link rel=\"canonical\" href=\"https:\/\/ocab.nl\/de\/beleuchtung-im-einzelhandel\/\" \/>\n<meta property=\"og:locale\" content=\"de_DE\" \/>\n<meta property=\"og:type\" content=\"article\" \/>\n<meta property=\"og:title\" content=\"Beleuchtung im Einzelhandel | Ocab\" \/>\n<meta property=\"og:description\" content=\"Die Beleuchtung im Einzelhandel ist sehr wichtig f\u00fcr das Kauferlebnis des Kunden. Mit der richtigen Beleuchtung machen Sie einen guten ersten Eindruck.\" \/>\n<meta property=\"og:url\" content=\"https:\/\/ocab.nl\/de\/beleuchtung-im-einzelhandel\/\" \/>\n<meta property=\"og:site_name\" content=\"Ocab\" \/>\n<meta property=\"article:publisher\" content=\"https:\/\/www.facebook.com\/ocabNL\/\" \/>\n<meta property=\"article:modified_time\" content=\"2024-05-30T06:32:37+00:00\" \/>\n<meta property=\"og:image\" content=\"https:\/\/ocab.nl\/wp-content\/uploads\/2023\/07\/favicon.png\" \/>\n\t<meta property=\"og:image:width\" content=\"512\" \/>\n\t<meta property=\"og:image:height\" content=\"512\" \/>\n\t<meta property=\"og:image:type\" content=\"image\/png\" \/>\n<meta name=\"twitter:card\" content=\"summary_large_image\" \/>\n<meta name=\"twitter:site\" content=\"@Ocablights\" \/>\n<script type=\"application\/ld+json\" class=\"yoast-schema-graph\">{\"@context\":\"https:\/\/schema.org\",\"@graph\":[{\"@type\":\"WebPage\",\"@id\":\"https:\/\/ocab.nl\/de\/beleuchtung-im-einzelhandel\/\",\"url\":\"https:\/\/ocab.nl\/de\/beleuchtung-im-einzelhandel\/\",\"name\":\"Beleuchtung im Einzelhandel | Ocab\",\"isPartOf\":{\"@id\":\"https:\/\/ocab.nl\/de\/#website\"},\"datePublished\":\"2022-08-17T12:44:51+00:00\",\"dateModified\":\"2024-05-30T06:32:37+00:00\",\"description\":\"Die Beleuchtung im Einzelhandel ist sehr wichtig f\u00fcr das Kauferlebnis des Kunden. Mit der richtigen Beleuchtung machen Sie einen guten ersten Eindruck.\",\"breadcrumb\":{\"@id\":\"https:\/\/ocab.nl\/de\/beleuchtung-im-einzelhandel\/#breadcrumb\"},\"inLanguage\":\"de\",\"potentialAction\":[{\"@type\":\"ReadAction\",\"target\":[\"https:\/\/ocab.nl\/de\/beleuchtung-im-einzelhandel\/\"]}]},{\"@type\":\"BreadcrumbList\",\"@id\":\"https:\/\/ocab.nl\/de\/beleuchtung-im-einzelhandel\/#breadcrumb\",\"itemListElement\":[{\"@type\":\"ListItem\",\"position\":1,\"name\":\"Home\",\"item\":\"https:\/\/ocab.nl\/de\/startseite\/\"},{\"@type\":\"ListItem\",\"position\":2,\"name\":\"Beleuchtung im Einzelhandel\"}]},{\"@type\":\"WebSite\",\"@id\":\"https:\/\/ocab.nl\/de\/#website\",\"url\":\"https:\/\/ocab.nl\/de\/\",\"name\":\"Ocab\",\"description\":\"De specialist in lichtoplossingen\",\"publisher\":{\"@id\":\"https:\/\/ocab.nl\/de\/#organization\"},\"potentialAction\":[{\"@type\":\"SearchAction\",\"target\":{\"@type\":\"EntryPoint\",\"urlTemplate\":\"https:\/\/ocab.nl\/de\/?s={search_term_string}\"},\"query-input\":{\"@type\":\"PropertyValueSpecification\",\"valueRequired\":true,\"valueName\":\"search_term_string\"}}],\"inLanguage\":\"de\"},{\"@type\":\"Organization\",\"@id\":\"https:\/\/ocab.nl\/de\/#organization\",\"name\":\"OCAB\",\"url\":\"https:\/\/ocab.nl\/de\/\",\"logo\":{\"@type\":\"ImageObject\",\"inLanguage\":\"de\",\"@id\":\"https:\/\/ocab.nl\/de\/#\/schema\/logo\/image\/\",\"url\":\"https:\/\/ocab.nl\/wp-content\/uploads\/2023\/07\/cropped-favicon.png\",\"contentUrl\":\"https:\/\/ocab.nl\/wp-content\/uploads\/2023\/07\/cropped-favicon.png\",\"width\":512,\"height\":512,\"caption\":\"OCAB\"},\"image\":{\"@id\":\"https:\/\/ocab.nl\/de\/#\/schema\/logo\/image\/\"},\"sameAs\":[\"https:\/\/www.facebook.com\/ocabNL\/\",\"https:\/\/x.com\/Ocablights\",\"https:\/\/www.linkedin.com\/showcase\/ocab-nl\/\",\"https:\/\/switchtron.nl\/\"]}]}<\/script>\n<!-- \/ Yoast SEO plugin. -->","yoast_head_json":{"title":"Beleuchtung im Einzelhandel | Ocab","description":"Die Beleuchtung im Einzelhandel ist sehr wichtig f\u00fcr das Kauferlebnis des Kunden. Mit der richtigen Beleuchtung machen Sie einen guten ersten Eindruck.","robots":{"index":"index","follow":"follow","max-snippet":"max-snippet:-1","max-image-preview":"max-image-preview:large","max-video-preview":"max-video-preview:-1"},"canonical":"https:\/\/ocab.nl\/de\/beleuchtung-im-einzelhandel\/","og_locale":"de_DE","og_type":"article","og_title":"Beleuchtung im Einzelhandel | Ocab","og_description":"Die Beleuchtung im Einzelhandel ist sehr wichtig f\u00fcr das Kauferlebnis des Kunden. Mit der richtigen Beleuchtung machen Sie einen guten ersten Eindruck.","og_url":"https:\/\/ocab.nl\/de\/beleuchtung-im-einzelhandel\/","og_site_name":"Ocab","article_publisher":"https:\/\/www.facebook.com\/ocabNL\/","article_modified_time":"2024-05-30T06:32:37+00:00","og_image":[{"width":512,"height":512,"url":"https:\/\/ocab.nl\/wp-content\/uploads\/2023\/07\/favicon.png","type":"image\/png"}],"twitter_card":"summary_large_image","twitter_site":"@Ocablights","schema":{"@context":"https:\/\/schema.org","@graph":[{"@type":"WebPage","@id":"https:\/\/ocab.nl\/de\/beleuchtung-im-einzelhandel\/","url":"https:\/\/ocab.nl\/de\/beleuchtung-im-einzelhandel\/","name":"Beleuchtung im Einzelhandel | Ocab","isPartOf":{"@id":"https:\/\/ocab.nl\/de\/#website"},"datePublished":"2022-08-17T12:44:51+00:00","dateModified":"2024-05-30T06:32:37+00:00","description":"Die Beleuchtung im Einzelhandel ist sehr wichtig f\u00fcr das Kauferlebnis des Kunden. Mit der richtigen Beleuchtung machen Sie einen guten ersten Eindruck.","breadcrumb":{"@id":"https:\/\/ocab.nl\/de\/beleuchtung-im-einzelhandel\/#breadcrumb"},"inLanguage":"de","potentialAction":[{"@type":"ReadAction","target":["https:\/\/ocab.nl\/de\/beleuchtung-im-einzelhandel\/"]}]},{"@type":"BreadcrumbList","@id":"https:\/\/ocab.nl\/de\/beleuchtung-im-einzelhandel\/#breadcrumb","itemListElement":[{"@type":"ListItem","position":1,"name":"Home","item":"https:\/\/ocab.nl\/de\/startseite\/"},{"@type":"ListItem","position":2,"name":"Beleuchtung im Einzelhandel"}]},{"@type":"WebSite","@id":"https:\/\/ocab.nl\/de\/#website","url":"https:\/\/ocab.nl\/de\/","name":"Ocab","description":"De specialist in lichtoplossingen","publisher":{"@id":"https:\/\/ocab.nl\/de\/#organization"},"potentialAction":[{"@type":"SearchAction","target":{"@type":"EntryPoint","urlTemplate":"https:\/\/ocab.nl\/de\/?s={search_term_string}"},"query-input":{"@type":"PropertyValueSpecification","valueRequired":true,"valueName":"search_term_string"}}],"inLanguage":"de"},{"@type":"Organization","@id":"https:\/\/ocab.nl\/de\/#organization","name":"OCAB","url":"https:\/\/ocab.nl\/de\/","logo":{"@type":"ImageObject","inLanguage":"de","@id":"https:\/\/ocab.nl\/de\/#\/schema\/logo\/image\/","url":"https:\/\/ocab.nl\/wp-content\/uploads\/2023\/07\/cropped-favicon.png","contentUrl":"https:\/\/ocab.nl\/wp-content\/uploads\/2023\/07\/cropped-favicon.png","width":512,"height":512,"caption":"OCAB"},"image":{"@id":"https:\/\/ocab.nl\/de\/#\/schema\/logo\/image\/"},"sameAs":["https:\/\/www.facebook.com\/ocabNL\/","https:\/\/x.com\/Ocablights","https:\/\/www.linkedin.com\/showcase\/ocab-nl\/","https:\/\/switchtron.nl\/"]}]}},"_links":{"self":[{"href":"https:\/\/ocab.nl\/de\/wp-json\/wp\/v2\/pages\/1949","targetHints":{"allow":["GET"]}}],"collection":[{"href":"https:\/\/ocab.nl\/de\/wp-json\/wp\/v2\/pages"}],"about":[{"href":"https:\/\/ocab.nl\/de\/wp-json\/wp\/v2\/types\/page"}],"author":[{"embeddable":true,"href":"https:\/\/ocab.nl\/de\/wp-json\/wp\/v2\/users\/3"}],"replies":[{"embeddable":true,"href":"https:\/\/ocab.nl\/de\/wp-json\/wp\/v2\/comments?post=1949"}],"version-history":[{"count":0,"href":"https:\/\/ocab.nl\/de\/wp-json\/wp\/v2\/pages\/1949\/revisions"}],"wp:attachment":[{"href":"https:\/\/ocab.nl\/de\/wp-json\/wp\/v2\/media?parent=1949"}],"curies":[{"name":"wp","href":"https:\/\/api.w.org\/{rel}","templated":true}]}}