{"id":1943,"date":"2022-05-04T09:36:58","date_gmt":"2022-05-04T07:36:58","guid":{"rendered":"https:\/\/ocab.flywheelsites.com\/dienst\/"},"modified":"2023-11-20T15:03:33","modified_gmt":"2023-11-20T14:03:33","slug":"dienst","status":"publish","type":"page","link":"https:\/\/ocab.nl\/de\/dienst\/","title":{"rendered":"Dienst"},"content":{"rendered":"\n<p>Ocab hat sich auf die Herstellung hochwertiger und zuverl\u00e4ssiger LED-Beleuchtung f\u00fcr B\u00fcros, Bildungseinrichtungen, Gesundheitswesen, Einzelhandel und Industrie spezialisiert. Kundenorientierung hat f\u00fcr uns oberste Priorit\u00e4t, und wir bem\u00fchen uns, Ihnen das Gef\u00fchl zu geben, dass Sie mit Ihren Fragen immer willkommen sind. Wir stehen Ihnen dann mit fachkundiger Beratung zur Seite oder f\u00fchren f\u00fcr Sie die gesamte Installation auf hohem Niveau durch.<\/p>\n\n<h2 class=\"wp-block-heading\">Garantien<\/h2>\n\n<p>Ocab steht f\u00fcr Qualit\u00e4t. Daher gew\u00e4hren wir eine f\u00fcnfj\u00e4hrige Garantie auf unsere eigenen OCAB-LED-Produkte, sofern auf den spezifischen Produktbl\u00e4ttern im Katalog und\/oder auf der Website nichts anderes angegeben ist. Wir untermauern diese Garantie durch die Verwendung von Qualit\u00e4tsprodukten in unserer Beleuchtung. Als stolzer OEM-Partner arbeiten wir zum Beispiel mit Philips (Signify) und anderen A-Marken zusammen.<\/p>\n\n<h2 class=\"wp-block-heading\">Versagen<\/h2>\n\n<p>Haben Sie eine Panne oder einen anderen Bericht, der nicht bis morgen warten kann? Sie k\u00f6nnen uns unter unserer regul\u00e4ren Nummer (0321 32 80 50) erreichen. Sie werden automatisch mit einem unserer Mitarbeiter verbunden. Wir helfen Ihnen gerne am Telefon weiter!<\/p>\n\n<h2 class=\"wp-block-heading\">Montage<\/h2>\n\n<p>Die Montage der Produkte von Ocab wird von unserem spezialisierten Team fachm\u00e4nnisch und schnell durchgef\u00fchrt. Unser Team hat jahrelange Erfahrung mit der Installation von Ocab-Produkten und wei\u00df besser als jeder andere, wie man ein Produkt am schnellsten und sichersten installiert.<\/p>\n\n<h2 class=\"wp-block-heading\">Fachkundige Beratung<\/h2>\n\n<p>Bei Ocab verf\u00fcgen wir \u00fcber ein gro\u00dfes Wissen und K\u00f6nnen im Bereich Beleuchtung. F\u00fcr uns ist kein Beleuchtungsplan und keine Beleuchtungsl\u00f6sung zu verr\u00fcckt. Unsere Spezialisten sind bereit, Sie von A bis Z zu betreuen. Sie k\u00f6nnen sich mit allen m\u00f6glichen Fragen und Installationspl\u00e4nen an uns wenden, z. B. mit Lichtberechnungen und Beleuchtungspl\u00e4nen. Wir glauben, dass Kundenorientierung wichtig ist, und deshalb hat der Service f\u00fcr uns oberste Priorit\u00e4t. Nennen Sie uns Ihren Bedarf und wir werden mit Ihnen schauen, wo Sie uns brauchen.<\/p>\n\n<h2 class=\"wp-block-heading\">Bedingungen<\/h2>\n\n<p>Gibt es irgendwo in der Fachsprache einen Begriff, dessen Bedeutung Sie nicht sofort kennen? Daran haben wir auch gedacht! Nat\u00fcrlich versuchen wir immer, dies auf der Seite selbst so deutlich wie m\u00f6glich zu beschreiben. Sollte dies nicht der Fall sein, k\u00f6nnen Sie hier unser vollst\u00e4ndiges Glossar einsehen, in dem wir alle Fachbegriffe erkl\u00e4ren.<\/p>\n","protected":false},"excerpt":{"rendered":"<p>Ocab hat sich auf die Herstellung hochwertiger und zuverl\u00e4ssiger LED-Beleuchtung f\u00fcr B\u00fcros, Bildungseinrichtungen, Gesundheitswesen, Einzelhandel und Industrie spezialisiert. Kundenorientierung hat f\u00fcr uns oberste Priorit\u00e4t, und wir bem\u00fchen uns, Ihnen das Gef\u00fchl zu geben, dass Sie mit Ihren Fragen immer willkommen sind. Wir stehen Ihnen dann mit fachkundiger Beratung zur Seite oder f\u00fchren f\u00fcr Sie die [&hellip;]<\/p>\n","protected":false},"author":1,"featured_media":0,"parent":0,"menu_order":0,"comment_status":"closed","ping_status":"closed","template":"","meta":{"_acf_changed":false,"inline_featured_image":false,"footnotes":""},"class_list":["post-1943","page","type-page","status-publish","hentry"],"acf":[],"yoast_head":"<!-- This site is optimized with the Yoast SEO plugin v27.2 - https:\/\/yoast.com\/product\/yoast-seo-wordpress\/ -->\n<title>Dienst | Ocab<\/title>\n<meta name=\"description\" content=\"Ocab hat sich auf die Herstellung hochwertiger und zuverl\u00e4ssiger LED-Beleuchtung f\u00fcr B\u00fcros, Bildungseinrichtungen, Gesundheitswesen, Einzelhandel und Industrie spezialisiert.\" \/>\n<meta name=\"robots\" content=\"index, follow, max-snippet:-1, max-image-preview:large, max-video-preview:-1\" \/>\n<link rel=\"canonical\" href=\"https:\/\/ocab.nl\/de\/dienst\/\" \/>\n<meta property=\"og:locale\" content=\"de_DE\" \/>\n<meta property=\"og:type\" content=\"article\" \/>\n<meta property=\"og:title\" content=\"Dienst | Ocab\" \/>\n<meta property=\"og:description\" content=\"Ocab hat sich auf die Herstellung hochwertiger und zuverl\u00e4ssiger LED-Beleuchtung f\u00fcr B\u00fcros, Bildungseinrichtungen, Gesundheitswesen, Einzelhandel und Industrie spezialisiert.\" \/>\n<meta property=\"og:url\" content=\"https:\/\/ocab.nl\/de\/dienst\/\" \/>\n<meta property=\"og:site_name\" content=\"Ocab\" \/>\n<meta property=\"article:publisher\" content=\"https:\/\/www.facebook.com\/ocabNL\/\" \/>\n<meta property=\"article:modified_time\" content=\"2023-11-20T14:03:33+00:00\" \/>\n<meta property=\"og:image\" content=\"https:\/\/ocab.nl\/wp-content\/uploads\/2023\/07\/favicon.png\" \/>\n\t<meta property=\"og:image:width\" content=\"512\" \/>\n\t<meta property=\"og:image:height\" content=\"512\" \/>\n\t<meta property=\"og:image:type\" content=\"image\/png\" \/>\n<meta name=\"twitter:card\" content=\"summary_large_image\" \/>\n<meta name=\"twitter:site\" content=\"@Ocablights\" \/>\n<meta name=\"twitter:label1\" content=\"Gesch\u00e4tzte Lesezeit\" \/>\n\t<meta name=\"twitter:data1\" content=\"2\u00a0Minuten\" \/>\n<script type=\"application\/ld+json\" class=\"yoast-schema-graph\">{\"@context\":\"https:\/\/schema.org\",\"@graph\":[{\"@type\":\"WebPage\",\"@id\":\"https:\/\/ocab.nl\/de\/dienst\/\",\"url\":\"https:\/\/ocab.nl\/de\/dienst\/\",\"name\":\"Dienst | Ocab\",\"isPartOf\":{\"@id\":\"https:\/\/ocab.nl\/de\/#website\"},\"datePublished\":\"2022-05-04T07:36:58+00:00\",\"dateModified\":\"2023-11-20T14:03:33+00:00\",\"description\":\"Ocab hat sich auf die Herstellung hochwertiger und zuverl\u00e4ssiger LED-Beleuchtung f\u00fcr B\u00fcros, Bildungseinrichtungen, Gesundheitswesen, Einzelhandel und Industrie spezialisiert.\",\"breadcrumb\":{\"@id\":\"https:\/\/ocab.nl\/de\/dienst\/#breadcrumb\"},\"inLanguage\":\"de\",\"potentialAction\":[{\"@type\":\"ReadAction\",\"target\":[\"https:\/\/ocab.nl\/de\/dienst\/\"]}]},{\"@type\":\"BreadcrumbList\",\"@id\":\"https:\/\/ocab.nl\/de\/dienst\/#breadcrumb\",\"itemListElement\":[{\"@type\":\"ListItem\",\"position\":1,\"name\":\"Home\",\"item\":\"https:\/\/ocab.nl\/de\/startseite\/\"},{\"@type\":\"ListItem\",\"position\":2,\"name\":\"Dienst\"}]},{\"@type\":\"WebSite\",\"@id\":\"https:\/\/ocab.nl\/de\/#website\",\"url\":\"https:\/\/ocab.nl\/de\/\",\"name\":\"Ocab\",\"description\":\"De specialist in lichtoplossingen\",\"publisher\":{\"@id\":\"https:\/\/ocab.nl\/de\/#organization\"},\"potentialAction\":[{\"@type\":\"SearchAction\",\"target\":{\"@type\":\"EntryPoint\",\"urlTemplate\":\"https:\/\/ocab.nl\/de\/?s={search_term_string}\"},\"query-input\":{\"@type\":\"PropertyValueSpecification\",\"valueRequired\":true,\"valueName\":\"search_term_string\"}}],\"inLanguage\":\"de\"},{\"@type\":\"Organization\",\"@id\":\"https:\/\/ocab.nl\/de\/#organization\",\"name\":\"OCAB\",\"url\":\"https:\/\/ocab.nl\/de\/\",\"logo\":{\"@type\":\"ImageObject\",\"inLanguage\":\"de\",\"@id\":\"https:\/\/ocab.nl\/de\/#\/schema\/logo\/image\/\",\"url\":\"https:\/\/ocab.nl\/wp-content\/uploads\/2023\/07\/cropped-favicon.png\",\"contentUrl\":\"https:\/\/ocab.nl\/wp-content\/uploads\/2023\/07\/cropped-favicon.png\",\"width\":512,\"height\":512,\"caption\":\"OCAB\"},\"image\":{\"@id\":\"https:\/\/ocab.nl\/de\/#\/schema\/logo\/image\/\"},\"sameAs\":[\"https:\/\/www.facebook.com\/ocabNL\/\",\"https:\/\/x.com\/Ocablights\",\"https:\/\/www.linkedin.com\/showcase\/ocab-nl\/\",\"https:\/\/switchtron.nl\/\"]}]}<\/script>\n<!-- \/ Yoast SEO plugin. -->","yoast_head_json":{"title":"Dienst | Ocab","description":"Ocab hat sich auf die Herstellung hochwertiger und zuverl\u00e4ssiger LED-Beleuchtung f\u00fcr B\u00fcros, Bildungseinrichtungen, Gesundheitswesen, Einzelhandel und Industrie spezialisiert.","robots":{"index":"index","follow":"follow","max-snippet":"max-snippet:-1","max-image-preview":"max-image-preview:large","max-video-preview":"max-video-preview:-1"},"canonical":"https:\/\/ocab.nl\/de\/dienst\/","og_locale":"de_DE","og_type":"article","og_title":"Dienst | Ocab","og_description":"Ocab hat sich auf die Herstellung hochwertiger und zuverl\u00e4ssiger LED-Beleuchtung f\u00fcr B\u00fcros, Bildungseinrichtungen, Gesundheitswesen, Einzelhandel und Industrie spezialisiert.","og_url":"https:\/\/ocab.nl\/de\/dienst\/","og_site_name":"Ocab","article_publisher":"https:\/\/www.facebook.com\/ocabNL\/","article_modified_time":"2023-11-20T14:03:33+00:00","og_image":[{"width":512,"height":512,"url":"https:\/\/ocab.nl\/wp-content\/uploads\/2023\/07\/favicon.png","type":"image\/png"}],"twitter_card":"summary_large_image","twitter_site":"@Ocablights","twitter_misc":{"Gesch\u00e4tzte Lesezeit":"2\u00a0Minuten"},"schema":{"@context":"https:\/\/schema.org","@graph":[{"@type":"WebPage","@id":"https:\/\/ocab.nl\/de\/dienst\/","url":"https:\/\/ocab.nl\/de\/dienst\/","name":"Dienst | Ocab","isPartOf":{"@id":"https:\/\/ocab.nl\/de\/#website"},"datePublished":"2022-05-04T07:36:58+00:00","dateModified":"2023-11-20T14:03:33+00:00","description":"Ocab hat sich auf die Herstellung hochwertiger und zuverl\u00e4ssiger LED-Beleuchtung f\u00fcr B\u00fcros, Bildungseinrichtungen, Gesundheitswesen, Einzelhandel und Industrie spezialisiert.","breadcrumb":{"@id":"https:\/\/ocab.nl\/de\/dienst\/#breadcrumb"},"inLanguage":"de","potentialAction":[{"@type":"ReadAction","target":["https:\/\/ocab.nl\/de\/dienst\/"]}]},{"@type":"BreadcrumbList","@id":"https:\/\/ocab.nl\/de\/dienst\/#breadcrumb","itemListElement":[{"@type":"ListItem","position":1,"name":"Home","item":"https:\/\/ocab.nl\/de\/startseite\/"},{"@type":"ListItem","position":2,"name":"Dienst"}]},{"@type":"WebSite","@id":"https:\/\/ocab.nl\/de\/#website","url":"https:\/\/ocab.nl\/de\/","name":"Ocab","description":"De specialist in lichtoplossingen","publisher":{"@id":"https:\/\/ocab.nl\/de\/#organization"},"potentialAction":[{"@type":"SearchAction","target":{"@type":"EntryPoint","urlTemplate":"https:\/\/ocab.nl\/de\/?s={search_term_string}"},"query-input":{"@type":"PropertyValueSpecification","valueRequired":true,"valueName":"search_term_string"}}],"inLanguage":"de"},{"@type":"Organization","@id":"https:\/\/ocab.nl\/de\/#organization","name":"OCAB","url":"https:\/\/ocab.nl\/de\/","logo":{"@type":"ImageObject","inLanguage":"de","@id":"https:\/\/ocab.nl\/de\/#\/schema\/logo\/image\/","url":"https:\/\/ocab.nl\/wp-content\/uploads\/2023\/07\/cropped-favicon.png","contentUrl":"https:\/\/ocab.nl\/wp-content\/uploads\/2023\/07\/cropped-favicon.png","width":512,"height":512,"caption":"OCAB"},"image":{"@id":"https:\/\/ocab.nl\/de\/#\/schema\/logo\/image\/"},"sameAs":["https:\/\/www.facebook.com\/ocabNL\/","https:\/\/x.com\/Ocablights","https:\/\/www.linkedin.com\/showcase\/ocab-nl\/","https:\/\/switchtron.nl\/"]}]}},"_links":{"self":[{"href":"https:\/\/ocab.nl\/de\/wp-json\/wp\/v2\/pages\/1943","targetHints":{"allow":["GET"]}}],"collection":[{"href":"https:\/\/ocab.nl\/de\/wp-json\/wp\/v2\/pages"}],"about":[{"href":"https:\/\/ocab.nl\/de\/wp-json\/wp\/v2\/types\/page"}],"author":[{"embeddable":true,"href":"https:\/\/ocab.nl\/de\/wp-json\/wp\/v2\/users\/1"}],"replies":[{"embeddable":true,"href":"https:\/\/ocab.nl\/de\/wp-json\/wp\/v2\/comments?post=1943"}],"version-history":[{"count":0,"href":"https:\/\/ocab.nl\/de\/wp-json\/wp\/v2\/pages\/1943\/revisions"}],"wp:attachment":[{"href":"https:\/\/ocab.nl\/de\/wp-json\/wp\/v2\/media?parent=1943"}],"curies":[{"name":"wp","href":"https:\/\/api.w.org\/{rel}","templated":true}]}}