{"id":1938,"date":"2022-08-17T15:06:50","date_gmt":"2022-08-17T13:06:50","guid":{"rendered":"https:\/\/ocab.flywheelsites.com\/beleuchtung-des-gelaendes\/"},"modified":"2024-05-30T08:28:21","modified_gmt":"2024-05-30T06:28:21","slug":"beleuchtung-des-gelaendes","status":"publish","type":"page","link":"https:\/\/ocab.nl\/de\/beleuchtung-des-gelaendes\/","title":{"rendered":"Beleuchtung des Gel\u00e4ndes"},"content":{"rendered":"\n<p class=\"has-text-align-center\">Um eine Baustelle zu beleuchten, braucht man in der Regel viel Licht, und aus Sicherheitsgr\u00fcnden sollte es m\u00f6glichst hell sein. In einigen F\u00e4llen ist es wichtig, dass Sie den gesamten Bereich auf die gleiche Weise beleuchten und dass das Licht weit genug strahlt. Andererseits kann es z. B. in Ferienparks tats\u00e4chlich notwendig sein, neben einer sicheren Beleuchtung entlang der Waldwege auch eine stimmungsvolle Beleuchtung einzusetzen, damit die G\u00e4ste das Gef\u00fchl haben, das Ferienhaus zu betreten.  <\/p>\n<div class=\"information\"><a class=\"btn\" href=\"https:\/\/ocab.nl\/contact\/\">Stellen Sie uns eine Frage<\/a><a class=\"btn btn-outline icon-phone\" href=\"tel:+31321328050\">+31 321 328 050<\/a><\/div>\n","protected":false},"excerpt":{"rendered":"<p>Um eine Baustelle zu beleuchten, braucht man in der Regel viel Licht, und aus Sicherheitsgr\u00fcnden sollte es m\u00f6glichst hell sein. In einigen F\u00e4llen ist es wichtig, dass Sie den gesamten Bereich auf die gleiche Weise beleuchten und dass das Licht weit genug strahlt. Andererseits kann es z. B. in Ferienparks tats\u00e4chlich notwendig sein, neben einer [&hellip;]<\/p>\n","protected":false},"author":3,"featured_media":0,"parent":0,"menu_order":0,"comment_status":"closed","ping_status":"closed","template":"template-lp.php","meta":{"_acf_changed":false,"inline_featured_image":false,"footnotes":""},"class_list":["post-1938","page","type-page","status-publish","hentry"],"acf":[],"yoast_head":"<!-- This site is optimized with the Yoast SEO plugin v27.2 - https:\/\/yoast.com\/product\/yoast-seo-wordpress\/ -->\n<title>Beleuchtung des Gel\u00e4ndes | Ocab<\/title>\n<meta name=\"description\" content=\"Um eine Baustelle zu beleuchten, braucht man in der Regel viel Licht, das aus Sicherheitsgr\u00fcnden m\u00f6glichst hell sein sollte.\" \/>\n<meta name=\"robots\" content=\"index, follow, max-snippet:-1, max-image-preview:large, max-video-preview:-1\" \/>\n<link rel=\"canonical\" href=\"https:\/\/ocab.nl\/de\/beleuchtung-des-gelaendes\/\" \/>\n<meta property=\"og:locale\" content=\"de_DE\" \/>\n<meta property=\"og:type\" content=\"article\" \/>\n<meta property=\"og:title\" content=\"Beleuchtung des Gel\u00e4ndes | Ocab\" \/>\n<meta property=\"og:description\" content=\"Um eine Baustelle zu beleuchten, braucht man in der Regel viel Licht, das aus Sicherheitsgr\u00fcnden m\u00f6glichst hell sein sollte.\" \/>\n<meta property=\"og:url\" content=\"https:\/\/ocab.nl\/de\/beleuchtung-des-gelaendes\/\" \/>\n<meta property=\"og:site_name\" content=\"Ocab\" \/>\n<meta property=\"article:publisher\" content=\"https:\/\/www.facebook.com\/ocabNL\/\" \/>\n<meta property=\"article:modified_time\" content=\"2024-05-30T06:28:21+00:00\" \/>\n<meta property=\"og:image\" content=\"https:\/\/ocab.nl\/wp-content\/uploads\/2023\/07\/favicon.png\" \/>\n\t<meta property=\"og:image:width\" content=\"512\" \/>\n\t<meta property=\"og:image:height\" content=\"512\" \/>\n\t<meta property=\"og:image:type\" content=\"image\/png\" \/>\n<meta name=\"twitter:card\" content=\"summary_large_image\" \/>\n<meta name=\"twitter:site\" content=\"@Ocablights\" \/>\n<script type=\"application\/ld+json\" class=\"yoast-schema-graph\">{\"@context\":\"https:\/\/schema.org\",\"@graph\":[{\"@type\":\"WebPage\",\"@id\":\"https:\/\/ocab.nl\/de\/beleuchtung-des-gelaendes\/\",\"url\":\"https:\/\/ocab.nl\/de\/beleuchtung-des-gelaendes\/\",\"name\":\"Beleuchtung des Gel\u00e4ndes | Ocab\",\"isPartOf\":{\"@id\":\"https:\/\/ocab.nl\/de\/#website\"},\"datePublished\":\"2022-08-17T13:06:50+00:00\",\"dateModified\":\"2024-05-30T06:28:21+00:00\",\"description\":\"Um eine Baustelle zu beleuchten, braucht man in der Regel viel Licht, das aus Sicherheitsgr\u00fcnden m\u00f6glichst hell sein sollte.\",\"breadcrumb\":{\"@id\":\"https:\/\/ocab.nl\/de\/beleuchtung-des-gelaendes\/#breadcrumb\"},\"inLanguage\":\"de\",\"potentialAction\":[{\"@type\":\"ReadAction\",\"target\":[\"https:\/\/ocab.nl\/de\/beleuchtung-des-gelaendes\/\"]}]},{\"@type\":\"BreadcrumbList\",\"@id\":\"https:\/\/ocab.nl\/de\/beleuchtung-des-gelaendes\/#breadcrumb\",\"itemListElement\":[{\"@type\":\"ListItem\",\"position\":1,\"name\":\"Home\",\"item\":\"https:\/\/ocab.nl\/de\/startseite\/\"},{\"@type\":\"ListItem\",\"position\":2,\"name\":\"Beleuchtung des Gel\u00e4ndes\"}]},{\"@type\":\"WebSite\",\"@id\":\"https:\/\/ocab.nl\/de\/#website\",\"url\":\"https:\/\/ocab.nl\/de\/\",\"name\":\"Ocab\",\"description\":\"De specialist in lichtoplossingen\",\"publisher\":{\"@id\":\"https:\/\/ocab.nl\/de\/#organization\"},\"potentialAction\":[{\"@type\":\"SearchAction\",\"target\":{\"@type\":\"EntryPoint\",\"urlTemplate\":\"https:\/\/ocab.nl\/de\/?s={search_term_string}\"},\"query-input\":{\"@type\":\"PropertyValueSpecification\",\"valueRequired\":true,\"valueName\":\"search_term_string\"}}],\"inLanguage\":\"de\"},{\"@type\":\"Organization\",\"@id\":\"https:\/\/ocab.nl\/de\/#organization\",\"name\":\"OCAB\",\"url\":\"https:\/\/ocab.nl\/de\/\",\"logo\":{\"@type\":\"ImageObject\",\"inLanguage\":\"de\",\"@id\":\"https:\/\/ocab.nl\/de\/#\/schema\/logo\/image\/\",\"url\":\"https:\/\/ocab.nl\/wp-content\/uploads\/2023\/07\/cropped-favicon.png\",\"contentUrl\":\"https:\/\/ocab.nl\/wp-content\/uploads\/2023\/07\/cropped-favicon.png\",\"width\":512,\"height\":512,\"caption\":\"OCAB\"},\"image\":{\"@id\":\"https:\/\/ocab.nl\/de\/#\/schema\/logo\/image\/\"},\"sameAs\":[\"https:\/\/www.facebook.com\/ocabNL\/\",\"https:\/\/x.com\/Ocablights\",\"https:\/\/www.linkedin.com\/showcase\/ocab-nl\/\",\"https:\/\/switchtron.nl\/\"]}]}<\/script>\n<!-- \/ Yoast SEO plugin. -->","yoast_head_json":{"title":"Beleuchtung des Gel\u00e4ndes | Ocab","description":"Um eine Baustelle zu beleuchten, braucht man in der Regel viel Licht, das aus Sicherheitsgr\u00fcnden m\u00f6glichst hell sein sollte.","robots":{"index":"index","follow":"follow","max-snippet":"max-snippet:-1","max-image-preview":"max-image-preview:large","max-video-preview":"max-video-preview:-1"},"canonical":"https:\/\/ocab.nl\/de\/beleuchtung-des-gelaendes\/","og_locale":"de_DE","og_type":"article","og_title":"Beleuchtung des Gel\u00e4ndes | Ocab","og_description":"Um eine Baustelle zu beleuchten, braucht man in der Regel viel Licht, das aus Sicherheitsgr\u00fcnden m\u00f6glichst hell sein sollte.","og_url":"https:\/\/ocab.nl\/de\/beleuchtung-des-gelaendes\/","og_site_name":"Ocab","article_publisher":"https:\/\/www.facebook.com\/ocabNL\/","article_modified_time":"2024-05-30T06:28:21+00:00","og_image":[{"width":512,"height":512,"url":"https:\/\/ocab.nl\/wp-content\/uploads\/2023\/07\/favicon.png","type":"image\/png"}],"twitter_card":"summary_large_image","twitter_site":"@Ocablights","schema":{"@context":"https:\/\/schema.org","@graph":[{"@type":"WebPage","@id":"https:\/\/ocab.nl\/de\/beleuchtung-des-gelaendes\/","url":"https:\/\/ocab.nl\/de\/beleuchtung-des-gelaendes\/","name":"Beleuchtung des Gel\u00e4ndes | Ocab","isPartOf":{"@id":"https:\/\/ocab.nl\/de\/#website"},"datePublished":"2022-08-17T13:06:50+00:00","dateModified":"2024-05-30T06:28:21+00:00","description":"Um eine Baustelle zu beleuchten, braucht man in der Regel viel Licht, das aus Sicherheitsgr\u00fcnden m\u00f6glichst hell sein sollte.","breadcrumb":{"@id":"https:\/\/ocab.nl\/de\/beleuchtung-des-gelaendes\/#breadcrumb"},"inLanguage":"de","potentialAction":[{"@type":"ReadAction","target":["https:\/\/ocab.nl\/de\/beleuchtung-des-gelaendes\/"]}]},{"@type":"BreadcrumbList","@id":"https:\/\/ocab.nl\/de\/beleuchtung-des-gelaendes\/#breadcrumb","itemListElement":[{"@type":"ListItem","position":1,"name":"Home","item":"https:\/\/ocab.nl\/de\/startseite\/"},{"@type":"ListItem","position":2,"name":"Beleuchtung des Gel\u00e4ndes"}]},{"@type":"WebSite","@id":"https:\/\/ocab.nl\/de\/#website","url":"https:\/\/ocab.nl\/de\/","name":"Ocab","description":"De specialist in lichtoplossingen","publisher":{"@id":"https:\/\/ocab.nl\/de\/#organization"},"potentialAction":[{"@type":"SearchAction","target":{"@type":"EntryPoint","urlTemplate":"https:\/\/ocab.nl\/de\/?s={search_term_string}"},"query-input":{"@type":"PropertyValueSpecification","valueRequired":true,"valueName":"search_term_string"}}],"inLanguage":"de"},{"@type":"Organization","@id":"https:\/\/ocab.nl\/de\/#organization","name":"OCAB","url":"https:\/\/ocab.nl\/de\/","logo":{"@type":"ImageObject","inLanguage":"de","@id":"https:\/\/ocab.nl\/de\/#\/schema\/logo\/image\/","url":"https:\/\/ocab.nl\/wp-content\/uploads\/2023\/07\/cropped-favicon.png","contentUrl":"https:\/\/ocab.nl\/wp-content\/uploads\/2023\/07\/cropped-favicon.png","width":512,"height":512,"caption":"OCAB"},"image":{"@id":"https:\/\/ocab.nl\/de\/#\/schema\/logo\/image\/"},"sameAs":["https:\/\/www.facebook.com\/ocabNL\/","https:\/\/x.com\/Ocablights","https:\/\/www.linkedin.com\/showcase\/ocab-nl\/","https:\/\/switchtron.nl\/"]}]}},"_links":{"self":[{"href":"https:\/\/ocab.nl\/de\/wp-json\/wp\/v2\/pages\/1938","targetHints":{"allow":["GET"]}}],"collection":[{"href":"https:\/\/ocab.nl\/de\/wp-json\/wp\/v2\/pages"}],"about":[{"href":"https:\/\/ocab.nl\/de\/wp-json\/wp\/v2\/types\/page"}],"author":[{"embeddable":true,"href":"https:\/\/ocab.nl\/de\/wp-json\/wp\/v2\/users\/3"}],"replies":[{"embeddable":true,"href":"https:\/\/ocab.nl\/de\/wp-json\/wp\/v2\/comments?post=1938"}],"version-history":[{"count":0,"href":"https:\/\/ocab.nl\/de\/wp-json\/wp\/v2\/pages\/1938\/revisions"}],"wp:attachment":[{"href":"https:\/\/ocab.nl\/de\/wp-json\/wp\/v2\/media?parent=1938"}],"curies":[{"name":"wp","href":"https:\/\/api.w.org\/{rel}","templated":true}]}}