{"id":1933,"date":"2022-08-17T14:48:57","date_gmt":"2022-08-17T12:48:57","guid":{"rendered":"https:\/\/ocab.flywheelsites.com\/werkstattbeleuchtung\/"},"modified":"2024-04-10T09:22:01","modified_gmt":"2024-04-10T07:22:01","slug":"werkstattbeleuchtung","status":"publish","type":"page","link":"https:\/\/ocab.nl\/de\/werkstattbeleuchtung\/","title":{"rendered":"Werkstattbeleuchtung"},"content":{"rendered":"\n<p class=\"has-text-align-center\">Wo auch immer gearbeitet wird, ist es wichtig, f\u00fcr eine gute Beleuchtung zu sorgen, damit die Mitarbeiter optimal arbeiten k\u00f6nnen und m\u00f6glichst wenig Fehler machen. Dar\u00fcber hinaus wurden von der Regierung Leitlinien f\u00fcr die Beleuchtung von Arbeitspl\u00e4tzen herausgegeben. Eine gute Beleuchtung ist ein unverzichtbares Element in der Werkstatt. Bei Ocab haben wir eine gro\u00dfe Auswahl an LED-Lampen und LED-Leuchtstoffr\u00f6hren, so dass alles gut beleuchtet ist, was zu einer gesunden Arbeitsumgebung und besserer Konzentration beitr\u00e4gt. Wir tun dies unter anderem f\u00fcr Werkst\u00e4tten, B\u00fcros und Lagerhallen. Lesen Sie im Folgenden mehr \u00fcber Werkstattbeleuchtung und die wichtigsten Vorteile von LED-Lampen f\u00fcr Werkst\u00e4tten.<\/p>\n<div class=\"information\"><a class=\"btn\" href=\"https:\/\/ocab.nl\/contact\/\">Stellen Sie uns eine Frage<\/a><a class=\"btn btn-outline icon-phone\" href=\"tel:+31321328050\">+31 321 328 050<\/a><\/div>\n","protected":false},"excerpt":{"rendered":"<p>Wo auch immer gearbeitet wird, ist es wichtig, f\u00fcr eine gute Beleuchtung zu sorgen, damit die Mitarbeiter optimal arbeiten k\u00f6nnen und m\u00f6glichst wenig Fehler machen. Dar\u00fcber hinaus wurden von der Regierung Leitlinien f\u00fcr die Beleuchtung von Arbeitspl\u00e4tzen herausgegeben. Eine gute Beleuchtung ist ein unverzichtbares Element in der Werkstatt. Bei Ocab haben wir eine gro\u00dfe Auswahl [&hellip;]<\/p>\n","protected":false},"author":3,"featured_media":0,"parent":0,"menu_order":0,"comment_status":"closed","ping_status":"closed","template":"template-lp.php","meta":{"_acf_changed":false,"inline_featured_image":false,"footnotes":""},"class_list":["post-1933","page","type-page","status-publish","hentry"],"acf":[],"yoast_head":"<!-- This site is optimized with the Yoast SEO plugin v27.2 - https:\/\/yoast.com\/product\/yoast-seo-wordpress\/ -->\n<title>Werkstattbeleuchtung | Ocab<\/title>\n<meta name=\"description\" content=\"Wo auch immer gearbeitet wird, ist es wichtig, f\u00fcr eine gute Beleuchtung zu sorgen, damit die Mitarbeiter ihr Bestes geben k\u00f6nnen.\" \/>\n<meta name=\"robots\" content=\"index, follow, max-snippet:-1, max-image-preview:large, max-video-preview:-1\" \/>\n<link rel=\"canonical\" href=\"https:\/\/ocab.nl\/de\/werkstattbeleuchtung\/\" \/>\n<meta property=\"og:locale\" content=\"de_DE\" \/>\n<meta property=\"og:type\" content=\"article\" \/>\n<meta property=\"og:title\" content=\"Werkstattbeleuchtung | Ocab\" \/>\n<meta property=\"og:description\" content=\"Wo auch immer gearbeitet wird, ist es wichtig, f\u00fcr eine gute Beleuchtung zu sorgen, damit die Mitarbeiter ihr Bestes geben k\u00f6nnen.\" \/>\n<meta property=\"og:url\" content=\"https:\/\/ocab.nl\/de\/werkstattbeleuchtung\/\" \/>\n<meta property=\"og:site_name\" content=\"Ocab\" \/>\n<meta property=\"article:publisher\" content=\"https:\/\/www.facebook.com\/ocabNL\/\" \/>\n<meta property=\"article:modified_time\" content=\"2024-04-10T07:22:01+00:00\" \/>\n<meta property=\"og:image\" content=\"https:\/\/ocab.nl\/wp-content\/uploads\/2023\/07\/favicon.png\" \/>\n\t<meta property=\"og:image:width\" content=\"512\" \/>\n\t<meta property=\"og:image:height\" content=\"512\" \/>\n\t<meta property=\"og:image:type\" content=\"image\/png\" \/>\n<meta name=\"twitter:card\" content=\"summary_large_image\" \/>\n<meta name=\"twitter:site\" content=\"@Ocablights\" \/>\n<meta name=\"twitter:label1\" content=\"Gesch\u00e4tzte Lesezeit\" \/>\n\t<meta name=\"twitter:data1\" content=\"1\u00a0Minute\" \/>\n<script type=\"application\/ld+json\" class=\"yoast-schema-graph\">{\"@context\":\"https:\/\/schema.org\",\"@graph\":[{\"@type\":\"WebPage\",\"@id\":\"https:\/\/ocab.nl\/de\/werkstattbeleuchtung\/\",\"url\":\"https:\/\/ocab.nl\/de\/werkstattbeleuchtung\/\",\"name\":\"Werkstattbeleuchtung | Ocab\",\"isPartOf\":{\"@id\":\"https:\/\/ocab.nl\/de\/#website\"},\"datePublished\":\"2022-08-17T12:48:57+00:00\",\"dateModified\":\"2024-04-10T07:22:01+00:00\",\"description\":\"Wo auch immer gearbeitet wird, ist es wichtig, f\u00fcr eine gute Beleuchtung zu sorgen, damit die Mitarbeiter ihr Bestes geben k\u00f6nnen.\",\"breadcrumb\":{\"@id\":\"https:\/\/ocab.nl\/de\/werkstattbeleuchtung\/#breadcrumb\"},\"inLanguage\":\"de\",\"potentialAction\":[{\"@type\":\"ReadAction\",\"target\":[\"https:\/\/ocab.nl\/de\/werkstattbeleuchtung\/\"]}]},{\"@type\":\"BreadcrumbList\",\"@id\":\"https:\/\/ocab.nl\/de\/werkstattbeleuchtung\/#breadcrumb\",\"itemListElement\":[{\"@type\":\"ListItem\",\"position\":1,\"name\":\"Home\",\"item\":\"https:\/\/ocab.nl\/de\/startseite\/\"},{\"@type\":\"ListItem\",\"position\":2,\"name\":\"Werkstattbeleuchtung\"}]},{\"@type\":\"WebSite\",\"@id\":\"https:\/\/ocab.nl\/de\/#website\",\"url\":\"https:\/\/ocab.nl\/de\/\",\"name\":\"Ocab\",\"description\":\"De specialist in lichtoplossingen\",\"publisher\":{\"@id\":\"https:\/\/ocab.nl\/de\/#organization\"},\"potentialAction\":[{\"@type\":\"SearchAction\",\"target\":{\"@type\":\"EntryPoint\",\"urlTemplate\":\"https:\/\/ocab.nl\/de\/?s={search_term_string}\"},\"query-input\":{\"@type\":\"PropertyValueSpecification\",\"valueRequired\":true,\"valueName\":\"search_term_string\"}}],\"inLanguage\":\"de\"},{\"@type\":\"Organization\",\"@id\":\"https:\/\/ocab.nl\/de\/#organization\",\"name\":\"OCAB\",\"url\":\"https:\/\/ocab.nl\/de\/\",\"logo\":{\"@type\":\"ImageObject\",\"inLanguage\":\"de\",\"@id\":\"https:\/\/ocab.nl\/de\/#\/schema\/logo\/image\/\",\"url\":\"https:\/\/ocab.nl\/wp-content\/uploads\/2023\/07\/cropped-favicon.png\",\"contentUrl\":\"https:\/\/ocab.nl\/wp-content\/uploads\/2023\/07\/cropped-favicon.png\",\"width\":512,\"height\":512,\"caption\":\"OCAB\"},\"image\":{\"@id\":\"https:\/\/ocab.nl\/de\/#\/schema\/logo\/image\/\"},\"sameAs\":[\"https:\/\/www.facebook.com\/ocabNL\/\",\"https:\/\/x.com\/Ocablights\",\"https:\/\/www.linkedin.com\/showcase\/ocab-nl\/\",\"https:\/\/switchtron.nl\/\"]}]}<\/script>\n<!-- \/ Yoast SEO plugin. -->","yoast_head_json":{"title":"Werkstattbeleuchtung | Ocab","description":"Wo auch immer gearbeitet wird, ist es wichtig, f\u00fcr eine gute Beleuchtung zu sorgen, damit die Mitarbeiter ihr Bestes geben k\u00f6nnen.","robots":{"index":"index","follow":"follow","max-snippet":"max-snippet:-1","max-image-preview":"max-image-preview:large","max-video-preview":"max-video-preview:-1"},"canonical":"https:\/\/ocab.nl\/de\/werkstattbeleuchtung\/","og_locale":"de_DE","og_type":"article","og_title":"Werkstattbeleuchtung | Ocab","og_description":"Wo auch immer gearbeitet wird, ist es wichtig, f\u00fcr eine gute Beleuchtung zu sorgen, damit die Mitarbeiter ihr Bestes geben k\u00f6nnen.","og_url":"https:\/\/ocab.nl\/de\/werkstattbeleuchtung\/","og_site_name":"Ocab","article_publisher":"https:\/\/www.facebook.com\/ocabNL\/","article_modified_time":"2024-04-10T07:22:01+00:00","og_image":[{"width":512,"height":512,"url":"https:\/\/ocab.nl\/wp-content\/uploads\/2023\/07\/favicon.png","type":"image\/png"}],"twitter_card":"summary_large_image","twitter_site":"@Ocablights","twitter_misc":{"Gesch\u00e4tzte Lesezeit":"1\u00a0Minute"},"schema":{"@context":"https:\/\/schema.org","@graph":[{"@type":"WebPage","@id":"https:\/\/ocab.nl\/de\/werkstattbeleuchtung\/","url":"https:\/\/ocab.nl\/de\/werkstattbeleuchtung\/","name":"Werkstattbeleuchtung | Ocab","isPartOf":{"@id":"https:\/\/ocab.nl\/de\/#website"},"datePublished":"2022-08-17T12:48:57+00:00","dateModified":"2024-04-10T07:22:01+00:00","description":"Wo auch immer gearbeitet wird, ist es wichtig, f\u00fcr eine gute Beleuchtung zu sorgen, damit die Mitarbeiter ihr Bestes geben k\u00f6nnen.","breadcrumb":{"@id":"https:\/\/ocab.nl\/de\/werkstattbeleuchtung\/#breadcrumb"},"inLanguage":"de","potentialAction":[{"@type":"ReadAction","target":["https:\/\/ocab.nl\/de\/werkstattbeleuchtung\/"]}]},{"@type":"BreadcrumbList","@id":"https:\/\/ocab.nl\/de\/werkstattbeleuchtung\/#breadcrumb","itemListElement":[{"@type":"ListItem","position":1,"name":"Home","item":"https:\/\/ocab.nl\/de\/startseite\/"},{"@type":"ListItem","position":2,"name":"Werkstattbeleuchtung"}]},{"@type":"WebSite","@id":"https:\/\/ocab.nl\/de\/#website","url":"https:\/\/ocab.nl\/de\/","name":"Ocab","description":"De specialist in lichtoplossingen","publisher":{"@id":"https:\/\/ocab.nl\/de\/#organization"},"potentialAction":[{"@type":"SearchAction","target":{"@type":"EntryPoint","urlTemplate":"https:\/\/ocab.nl\/de\/?s={search_term_string}"},"query-input":{"@type":"PropertyValueSpecification","valueRequired":true,"valueName":"search_term_string"}}],"inLanguage":"de"},{"@type":"Organization","@id":"https:\/\/ocab.nl\/de\/#organization","name":"OCAB","url":"https:\/\/ocab.nl\/de\/","logo":{"@type":"ImageObject","inLanguage":"de","@id":"https:\/\/ocab.nl\/de\/#\/schema\/logo\/image\/","url":"https:\/\/ocab.nl\/wp-content\/uploads\/2023\/07\/cropped-favicon.png","contentUrl":"https:\/\/ocab.nl\/wp-content\/uploads\/2023\/07\/cropped-favicon.png","width":512,"height":512,"caption":"OCAB"},"image":{"@id":"https:\/\/ocab.nl\/de\/#\/schema\/logo\/image\/"},"sameAs":["https:\/\/www.facebook.com\/ocabNL\/","https:\/\/x.com\/Ocablights","https:\/\/www.linkedin.com\/showcase\/ocab-nl\/","https:\/\/switchtron.nl\/"]}]}},"_links":{"self":[{"href":"https:\/\/ocab.nl\/de\/wp-json\/wp\/v2\/pages\/1933","targetHints":{"allow":["GET"]}}],"collection":[{"href":"https:\/\/ocab.nl\/de\/wp-json\/wp\/v2\/pages"}],"about":[{"href":"https:\/\/ocab.nl\/de\/wp-json\/wp\/v2\/types\/page"}],"author":[{"embeddable":true,"href":"https:\/\/ocab.nl\/de\/wp-json\/wp\/v2\/users\/3"}],"replies":[{"embeddable":true,"href":"https:\/\/ocab.nl\/de\/wp-json\/wp\/v2\/comments?post=1933"}],"version-history":[{"count":0,"href":"https:\/\/ocab.nl\/de\/wp-json\/wp\/v2\/pages\/1933\/revisions"}],"wp:attachment":[{"href":"https:\/\/ocab.nl\/de\/wp-json\/wp\/v2\/media?parent=1933"}],"curies":[{"name":"wp","href":"https:\/\/api.w.org\/{rel}","templated":true}]}}