{"id":1927,"date":"2022-05-04T09:37:41","date_gmt":"2022-05-04T07:37:41","guid":{"rendered":"https:\/\/ocab.flywheelsites.com\/ueber-uns\/"},"modified":"2024-04-17T10:00:21","modified_gmt":"2024-04-17T08:00:21","slug":"ueber-uns","status":"publish","type":"page","link":"https:\/\/ocab.nl\/de\/ueber-uns\/","title":{"rendered":"\u00dcber uns"},"content":{"rendered":"\n<p>Ocab ist eine hochwertige und \u00e4u\u00dferst zuverl\u00e4ssige Marke im Bereich der LED-Beleuchtung f\u00fcr B\u00fcros, Bildungseinrichtungen, Gesundheitswesen, Einzelhandel und Industrie. Unser Team freut sich auf ein Gespr\u00e4ch mit Ihnen, empf\u00e4ngt Sie in unserem Ausstellungsraum oder f\u00fchrt eine Installation vor Ort durch!<\/p>\n\n<p>Das Herzst\u00fcck von Ocab ist unser Team aus passionierten Fachleuten, deren Leidenschaft f\u00fcr die Beleuchtung alles antreibt, was wir tun. Dies gew\u00e4hrleistet, dass wir stets nach M\u00f6glichkeiten zur Verbesserung unserer Produkte und Dienstleistungen suchen und innovative L\u00f6sungen anbieten, die wirklich etwas bewirken.<\/p>\n\n<div class=\"information\"><a class=\"btn\" href=\"https:\/\/ocab.nl\/contact\/\">Stellen Sie uns eine Frage<\/a><a class=\"btn btn-outline icon-phone\" href=\"tel:+31321328050\">+31 321 328 050<\/a><\/div>\n\n<h2 class=\"wp-block-heading\">Der Spezialist f\u00fcr Beleuchtungsl\u00f6sungen<\/h2>\n\n<p>Ocab bietet Beleuchtungsl\u00f6sungen f\u00fcr jede Branche. Wir betrachten Ihre Frage sorgf\u00e4ltig und aus fachlicher Sicht und verlieren dabei den Zweck Ihrer Beleuchtung nicht aus den Augen. Unser Team von passionierten Fachleuten steht Ihnen jederzeit zur Verf\u00fcgung, sei es f\u00fcr eine pers\u00f6nliche Beratung, einen Besuch in unserem Ausstellungsraum oder die Durchf\u00fchrung einer Installation vor Ort.<\/p>\n\n<h2 class=\"wp-block-heading\">Fachkundige Beratung<\/h2>\n\n<p>Unser Team ist mit dem richtigen Wissen geschult und kann daher jede Branche mit der richtigen, ma\u00dfgeschneiderten Beratung versorgen. Weil Kundenorientierung f\u00fcr uns an erster Stelle steht, stellen wir den pers\u00f6nlichen Kontakt sicher und helfen Ihnen gerne, die richtige Lichtl\u00f6sung zu finden.<\/p>\n\n<h2 class=\"wp-block-heading\">Eigene Produktion<\/h2>\n\n<p>Die Beleuchtung von Ocab wird von uns selbst hergestellt, was es uns erm\u00f6glicht, speziell f\u00fcr Kunden hergestellte Produkte zu vermarkten. Wir denken gerne mit unseren Kunden mit und liefern die beste L\u00f6sung, nicht die teuerste. Die Produkte werden in den Niederlanden hergestellt. Auf diese Weise k\u00f6nnen wir Beleuchtungen anbieten, die nicht nur h\u00f6chsten Anspr\u00fcchen an Energieeffizienz und Lichtleistung gen\u00fcgen, sondern auch schnelle Lieferzeiten garantieren.  <\/p>\n\n<h2 class=\"wp-block-heading\">Dienst<\/h2>\n\n<p>Kundenorientierung hat f\u00fcr uns oberste Priorit\u00e4t und das wollen wir auch ausstrahlen. <\/p>\n\n<div class=\"information\"><a class=\"btn\" href=\"https:\/\/ocab.nl\/contact\/\">Stellen Sie uns eine Frage<\/a><a class=\"btn btn-outline icon-phone\" href=\"tel:+31321328050\">+31 321 328 050<\/a><\/div>\n","protected":false},"excerpt":{"rendered":"<p>Ocab ist eine hochwertige und \u00e4u\u00dferst zuverl\u00e4ssige Marke im Bereich der LED-Beleuchtung f\u00fcr B\u00fcros, Bildungseinrichtungen, Gesundheitswesen, Einzelhandel und Industrie. Unser Team freut sich auf ein Gespr\u00e4ch mit Ihnen, empf\u00e4ngt Sie in unserem Ausstellungsraum oder f\u00fchrt eine Installation vor Ort durch! Das Herzst\u00fcck von Ocab ist unser Team aus passionierten Fachleuten, deren Leidenschaft f\u00fcr die Beleuchtung [&hellip;]<\/p>\n","protected":false},"author":1,"featured_media":0,"parent":0,"menu_order":0,"comment_status":"closed","ping_status":"closed","template":"","meta":{"_acf_changed":false,"inline_featured_image":false,"footnotes":""},"class_list":["post-1927","page","type-page","status-publish","hentry"],"acf":[],"yoast_head":"<!-- This site is optimized with the Yoast SEO plugin v27.2 - https:\/\/yoast.com\/product\/yoast-seo-wordpress\/ -->\n<title>\u00dcber uns | Ocab<\/title>\n<meta name=\"description\" content=\"Ocab ist eine hochwertige und zuverl\u00e4ssige Marke f\u00fcr LED-Beleuchtung f\u00fcr B\u00fcros, Bildungseinrichtungen, Gesundheitswesen, Einzelhandel und Industrie.\" \/>\n<meta name=\"robots\" content=\"index, follow, max-snippet:-1, max-image-preview:large, max-video-preview:-1\" \/>\n<link rel=\"canonical\" href=\"https:\/\/ocab.nl\/de\/ueber-uns\/\" \/>\n<meta property=\"og:locale\" content=\"de_DE\" \/>\n<meta property=\"og:type\" content=\"article\" \/>\n<meta property=\"og:title\" content=\"\u00dcber uns | Ocab\" \/>\n<meta property=\"og:description\" content=\"Ocab ist eine hochwertige und zuverl\u00e4ssige Marke f\u00fcr LED-Beleuchtung f\u00fcr B\u00fcros, Bildungseinrichtungen, Gesundheitswesen, Einzelhandel und Industrie.\" \/>\n<meta property=\"og:url\" content=\"https:\/\/ocab.nl\/de\/ueber-uns\/\" \/>\n<meta property=\"og:site_name\" content=\"Ocab\" \/>\n<meta property=\"article:publisher\" content=\"https:\/\/www.facebook.com\/ocabNL\/\" \/>\n<meta property=\"article:modified_time\" content=\"2024-04-17T08:00:21+00:00\" \/>\n<meta property=\"og:image\" content=\"https:\/\/ocab.nl\/wp-content\/uploads\/2023\/07\/favicon.png\" \/>\n\t<meta property=\"og:image:width\" content=\"512\" \/>\n\t<meta property=\"og:image:height\" content=\"512\" \/>\n\t<meta property=\"og:image:type\" content=\"image\/png\" \/>\n<meta name=\"twitter:card\" content=\"summary_large_image\" \/>\n<meta name=\"twitter:site\" content=\"@Ocablights\" \/>\n<meta name=\"twitter:label1\" content=\"Gesch\u00e4tzte Lesezeit\" \/>\n\t<meta name=\"twitter:data1\" content=\"1\u00a0Minute\" \/>\n<script type=\"application\/ld+json\" class=\"yoast-schema-graph\">{\"@context\":\"https:\/\/schema.org\",\"@graph\":[{\"@type\":\"WebPage\",\"@id\":\"https:\/\/ocab.nl\/de\/ueber-uns\/\",\"url\":\"https:\/\/ocab.nl\/de\/ueber-uns\/\",\"name\":\"\u00dcber uns | Ocab\",\"isPartOf\":{\"@id\":\"https:\/\/ocab.nl\/de\/#website\"},\"datePublished\":\"2022-05-04T07:37:41+00:00\",\"dateModified\":\"2024-04-17T08:00:21+00:00\",\"description\":\"Ocab ist eine hochwertige und zuverl\u00e4ssige Marke f\u00fcr LED-Beleuchtung f\u00fcr B\u00fcros, Bildungseinrichtungen, Gesundheitswesen, Einzelhandel und Industrie.\",\"breadcrumb\":{\"@id\":\"https:\/\/ocab.nl\/de\/ueber-uns\/#breadcrumb\"},\"inLanguage\":\"de\",\"potentialAction\":[{\"@type\":\"ReadAction\",\"target\":[\"https:\/\/ocab.nl\/de\/ueber-uns\/\"]}]},{\"@type\":\"BreadcrumbList\",\"@id\":\"https:\/\/ocab.nl\/de\/ueber-uns\/#breadcrumb\",\"itemListElement\":[{\"@type\":\"ListItem\",\"position\":1,\"name\":\"Home\",\"item\":\"https:\/\/ocab.nl\/de\/startseite\/\"},{\"@type\":\"ListItem\",\"position\":2,\"name\":\"\u00dcber uns\"}]},{\"@type\":\"WebSite\",\"@id\":\"https:\/\/ocab.nl\/de\/#website\",\"url\":\"https:\/\/ocab.nl\/de\/\",\"name\":\"Ocab\",\"description\":\"De specialist in lichtoplossingen\",\"publisher\":{\"@id\":\"https:\/\/ocab.nl\/de\/#organization\"},\"potentialAction\":[{\"@type\":\"SearchAction\",\"target\":{\"@type\":\"EntryPoint\",\"urlTemplate\":\"https:\/\/ocab.nl\/de\/?s={search_term_string}\"},\"query-input\":{\"@type\":\"PropertyValueSpecification\",\"valueRequired\":true,\"valueName\":\"search_term_string\"}}],\"inLanguage\":\"de\"},{\"@type\":\"Organization\",\"@id\":\"https:\/\/ocab.nl\/de\/#organization\",\"name\":\"OCAB\",\"url\":\"https:\/\/ocab.nl\/de\/\",\"logo\":{\"@type\":\"ImageObject\",\"inLanguage\":\"de\",\"@id\":\"https:\/\/ocab.nl\/de\/#\/schema\/logo\/image\/\",\"url\":\"https:\/\/ocab.nl\/wp-content\/uploads\/2023\/07\/cropped-favicon.png\",\"contentUrl\":\"https:\/\/ocab.nl\/wp-content\/uploads\/2023\/07\/cropped-favicon.png\",\"width\":512,\"height\":512,\"caption\":\"OCAB\"},\"image\":{\"@id\":\"https:\/\/ocab.nl\/de\/#\/schema\/logo\/image\/\"},\"sameAs\":[\"https:\/\/www.facebook.com\/ocabNL\/\",\"https:\/\/x.com\/Ocablights\",\"https:\/\/www.linkedin.com\/showcase\/ocab-nl\/\",\"https:\/\/switchtron.nl\/\"]}]}<\/script>\n<!-- \/ Yoast SEO plugin. -->","yoast_head_json":{"title":"\u00dcber uns | Ocab","description":"Ocab ist eine hochwertige und zuverl\u00e4ssige Marke f\u00fcr LED-Beleuchtung f\u00fcr B\u00fcros, Bildungseinrichtungen, Gesundheitswesen, Einzelhandel und Industrie.","robots":{"index":"index","follow":"follow","max-snippet":"max-snippet:-1","max-image-preview":"max-image-preview:large","max-video-preview":"max-video-preview:-1"},"canonical":"https:\/\/ocab.nl\/de\/ueber-uns\/","og_locale":"de_DE","og_type":"article","og_title":"\u00dcber uns | Ocab","og_description":"Ocab ist eine hochwertige und zuverl\u00e4ssige Marke f\u00fcr LED-Beleuchtung f\u00fcr B\u00fcros, Bildungseinrichtungen, Gesundheitswesen, Einzelhandel und Industrie.","og_url":"https:\/\/ocab.nl\/de\/ueber-uns\/","og_site_name":"Ocab","article_publisher":"https:\/\/www.facebook.com\/ocabNL\/","article_modified_time":"2024-04-17T08:00:21+00:00","og_image":[{"width":512,"height":512,"url":"https:\/\/ocab.nl\/wp-content\/uploads\/2023\/07\/favicon.png","type":"image\/png"}],"twitter_card":"summary_large_image","twitter_site":"@Ocablights","twitter_misc":{"Gesch\u00e4tzte Lesezeit":"1\u00a0Minute"},"schema":{"@context":"https:\/\/schema.org","@graph":[{"@type":"WebPage","@id":"https:\/\/ocab.nl\/de\/ueber-uns\/","url":"https:\/\/ocab.nl\/de\/ueber-uns\/","name":"\u00dcber uns | Ocab","isPartOf":{"@id":"https:\/\/ocab.nl\/de\/#website"},"datePublished":"2022-05-04T07:37:41+00:00","dateModified":"2024-04-17T08:00:21+00:00","description":"Ocab ist eine hochwertige und zuverl\u00e4ssige Marke f\u00fcr LED-Beleuchtung f\u00fcr B\u00fcros, Bildungseinrichtungen, Gesundheitswesen, Einzelhandel und Industrie.","breadcrumb":{"@id":"https:\/\/ocab.nl\/de\/ueber-uns\/#breadcrumb"},"inLanguage":"de","potentialAction":[{"@type":"ReadAction","target":["https:\/\/ocab.nl\/de\/ueber-uns\/"]}]},{"@type":"BreadcrumbList","@id":"https:\/\/ocab.nl\/de\/ueber-uns\/#breadcrumb","itemListElement":[{"@type":"ListItem","position":1,"name":"Home","item":"https:\/\/ocab.nl\/de\/startseite\/"},{"@type":"ListItem","position":2,"name":"\u00dcber uns"}]},{"@type":"WebSite","@id":"https:\/\/ocab.nl\/de\/#website","url":"https:\/\/ocab.nl\/de\/","name":"Ocab","description":"De specialist in lichtoplossingen","publisher":{"@id":"https:\/\/ocab.nl\/de\/#organization"},"potentialAction":[{"@type":"SearchAction","target":{"@type":"EntryPoint","urlTemplate":"https:\/\/ocab.nl\/de\/?s={search_term_string}"},"query-input":{"@type":"PropertyValueSpecification","valueRequired":true,"valueName":"search_term_string"}}],"inLanguage":"de"},{"@type":"Organization","@id":"https:\/\/ocab.nl\/de\/#organization","name":"OCAB","url":"https:\/\/ocab.nl\/de\/","logo":{"@type":"ImageObject","inLanguage":"de","@id":"https:\/\/ocab.nl\/de\/#\/schema\/logo\/image\/","url":"https:\/\/ocab.nl\/wp-content\/uploads\/2023\/07\/cropped-favicon.png","contentUrl":"https:\/\/ocab.nl\/wp-content\/uploads\/2023\/07\/cropped-favicon.png","width":512,"height":512,"caption":"OCAB"},"image":{"@id":"https:\/\/ocab.nl\/de\/#\/schema\/logo\/image\/"},"sameAs":["https:\/\/www.facebook.com\/ocabNL\/","https:\/\/x.com\/Ocablights","https:\/\/www.linkedin.com\/showcase\/ocab-nl\/","https:\/\/switchtron.nl\/"]}]}},"_links":{"self":[{"href":"https:\/\/ocab.nl\/de\/wp-json\/wp\/v2\/pages\/1927","targetHints":{"allow":["GET"]}}],"collection":[{"href":"https:\/\/ocab.nl\/de\/wp-json\/wp\/v2\/pages"}],"about":[{"href":"https:\/\/ocab.nl\/de\/wp-json\/wp\/v2\/types\/page"}],"author":[{"embeddable":true,"href":"https:\/\/ocab.nl\/de\/wp-json\/wp\/v2\/users\/1"}],"replies":[{"embeddable":true,"href":"https:\/\/ocab.nl\/de\/wp-json\/wp\/v2\/comments?post=1927"}],"version-history":[{"count":0,"href":"https:\/\/ocab.nl\/de\/wp-json\/wp\/v2\/pages\/1927\/revisions"}],"wp:attachment":[{"href":"https:\/\/ocab.nl\/de\/wp-json\/wp\/v2\/media?parent=1927"}],"curies":[{"name":"wp","href":"https:\/\/api.w.org\/{rel}","templated":true}]}}