{"id":1918,"date":"2022-08-17T15:33:57","date_gmt":"2022-08-17T13:33:57","guid":{"rendered":"https:\/\/ocab.flywheelsites.com\/beleuchtung-des-lagers\/"},"modified":"2024-04-17T09:59:45","modified_gmt":"2024-04-17T07:59:45","slug":"beleuchtung-des-lagers","status":"publish","type":"page","link":"https:\/\/ocab.nl\/de\/beleuchtung-des-lagers\/","title":{"rendered":"Beleuchtung des Lagers"},"content":{"rendered":"\n<p class=\"has-text-align-center\">Die richtige Beleuchtung ist in jedem Raum wichtig, aber noch wichtiger ist sie dort, wo die Mitarbeiter arbeiten. Sie verbringen den halben, manchmal den ganzen Tag in einer Lagerhalle und sind daher auf das dort h\u00e4ngende Licht angewiesen. Gutes Licht kann die <strong>Konzentration<\/strong> steigern und die Stimmung und Produktivit\u00e4t verbessern. Aufgrund der hohen Decken ist eine angemessene Beleuchtung wichtig. Auch das Gesetz \u00fcber die Arbeitsbedingungen enth\u00e4lt Richtlinien zur Beleuchtung von Arbeitspl\u00e4tzen. Wir sind uns dieser Regeln bewusst und k\u00f6nnen einen ma\u00dfgeschneiderten Beleuchtungsplan f\u00fcr Ihre Lagerbeleuchtung erstellen. Sie k\u00f6nnen uns gerne kontaktieren.<\/p>\n<div class=\"information\"><a class=\"btn\" href=\"https:\/\/ocab.nl\/contact\/\">Stellen Sie uns eine Frage<\/a><a class=\"btn btn-outline icon-phone\" href=\"tel:+31321328050\">+31 321 328 050<\/a><\/div>\n","protected":false},"excerpt":{"rendered":"<p>Die richtige Beleuchtung ist in jedem Raum wichtig, aber noch wichtiger ist sie dort, wo die Mitarbeiter arbeiten. Sie verbringen den halben, manchmal den ganzen Tag in einer Lagerhalle und sind daher auf das dort h\u00e4ngende Licht angewiesen. Gutes Licht kann die Konzentration steigern und die Stimmung und Produktivit\u00e4t verbessern. Aufgrund der hohen Decken ist [&hellip;]<\/p>\n","protected":false},"author":1,"featured_media":0,"parent":0,"menu_order":0,"comment_status":"closed","ping_status":"closed","template":"template-lp.php","meta":{"_acf_changed":false,"inline_featured_image":false,"footnotes":""},"class_list":["post-1918","page","type-page","status-publish","hentry"],"acf":[],"yoast_head":"<!-- This site is optimized with the Yoast SEO plugin v27.2 - https:\/\/yoast.com\/product\/yoast-seo-wordpress\/ -->\n<title>Beleuchtung des Lagers | Ocab<\/title>\n<meta name=\"description\" content=\"Gutes Licht kann die Konzentration steigern und die Produktivit\u00e4t erh\u00f6hen. Auch f\u00fcr die Beleuchtung am Arbeitsplatz gibt es Richtlinien.\" \/>\n<meta name=\"robots\" content=\"index, follow, max-snippet:-1, max-image-preview:large, max-video-preview:-1\" \/>\n<link rel=\"canonical\" href=\"https:\/\/ocab.nl\/de\/beleuchtung-des-lagers\/\" \/>\n<meta property=\"og:locale\" content=\"de_DE\" \/>\n<meta property=\"og:type\" content=\"article\" \/>\n<meta property=\"og:title\" content=\"Beleuchtung des Lagers | Ocab\" \/>\n<meta property=\"og:description\" content=\"Gutes Licht kann die Konzentration steigern und die Produktivit\u00e4t erh\u00f6hen. Auch f\u00fcr die Beleuchtung am Arbeitsplatz gibt es Richtlinien.\" \/>\n<meta property=\"og:url\" content=\"https:\/\/ocab.nl\/de\/beleuchtung-des-lagers\/\" \/>\n<meta property=\"og:site_name\" content=\"Ocab\" \/>\n<meta property=\"article:publisher\" content=\"https:\/\/www.facebook.com\/ocabNL\/\" \/>\n<meta property=\"article:modified_time\" content=\"2024-04-17T07:59:45+00:00\" \/>\n<meta property=\"og:image\" content=\"https:\/\/ocab.nl\/wp-content\/uploads\/2023\/07\/favicon.png\" \/>\n\t<meta property=\"og:image:width\" content=\"512\" \/>\n\t<meta property=\"og:image:height\" content=\"512\" \/>\n\t<meta property=\"og:image:type\" content=\"image\/png\" \/>\n<meta name=\"twitter:card\" content=\"summary_large_image\" \/>\n<meta name=\"twitter:site\" content=\"@Ocablights\" \/>\n<meta name=\"twitter:label1\" content=\"Gesch\u00e4tzte Lesezeit\" \/>\n\t<meta name=\"twitter:data1\" content=\"1\u00a0Minute\" \/>\n<script type=\"application\/ld+json\" class=\"yoast-schema-graph\">{\"@context\":\"https:\/\/schema.org\",\"@graph\":[{\"@type\":\"WebPage\",\"@id\":\"https:\/\/ocab.nl\/de\/beleuchtung-des-lagers\/\",\"url\":\"https:\/\/ocab.nl\/de\/beleuchtung-des-lagers\/\",\"name\":\"Beleuchtung des Lagers | Ocab\",\"isPartOf\":{\"@id\":\"https:\/\/ocab.nl\/de\/#website\"},\"datePublished\":\"2022-08-17T13:33:57+00:00\",\"dateModified\":\"2024-04-17T07:59:45+00:00\",\"description\":\"Gutes Licht kann die Konzentration steigern und die Produktivit\u00e4t erh\u00f6hen. Auch f\u00fcr die Beleuchtung am Arbeitsplatz gibt es Richtlinien.\",\"breadcrumb\":{\"@id\":\"https:\/\/ocab.nl\/de\/beleuchtung-des-lagers\/#breadcrumb\"},\"inLanguage\":\"de\",\"potentialAction\":[{\"@type\":\"ReadAction\",\"target\":[\"https:\/\/ocab.nl\/de\/beleuchtung-des-lagers\/\"]}]},{\"@type\":\"BreadcrumbList\",\"@id\":\"https:\/\/ocab.nl\/de\/beleuchtung-des-lagers\/#breadcrumb\",\"itemListElement\":[{\"@type\":\"ListItem\",\"position\":1,\"name\":\"Home\",\"item\":\"https:\/\/ocab.nl\/de\/startseite\/\"},{\"@type\":\"ListItem\",\"position\":2,\"name\":\"Beleuchtung des Lagers\"}]},{\"@type\":\"WebSite\",\"@id\":\"https:\/\/ocab.nl\/de\/#website\",\"url\":\"https:\/\/ocab.nl\/de\/\",\"name\":\"Ocab\",\"description\":\"De specialist in lichtoplossingen\",\"publisher\":{\"@id\":\"https:\/\/ocab.nl\/de\/#organization\"},\"potentialAction\":[{\"@type\":\"SearchAction\",\"target\":{\"@type\":\"EntryPoint\",\"urlTemplate\":\"https:\/\/ocab.nl\/de\/?s={search_term_string}\"},\"query-input\":{\"@type\":\"PropertyValueSpecification\",\"valueRequired\":true,\"valueName\":\"search_term_string\"}}],\"inLanguage\":\"de\"},{\"@type\":\"Organization\",\"@id\":\"https:\/\/ocab.nl\/de\/#organization\",\"name\":\"OCAB\",\"url\":\"https:\/\/ocab.nl\/de\/\",\"logo\":{\"@type\":\"ImageObject\",\"inLanguage\":\"de\",\"@id\":\"https:\/\/ocab.nl\/de\/#\/schema\/logo\/image\/\",\"url\":\"https:\/\/ocab.nl\/wp-content\/uploads\/2023\/07\/cropped-favicon.png\",\"contentUrl\":\"https:\/\/ocab.nl\/wp-content\/uploads\/2023\/07\/cropped-favicon.png\",\"width\":512,\"height\":512,\"caption\":\"OCAB\"},\"image\":{\"@id\":\"https:\/\/ocab.nl\/de\/#\/schema\/logo\/image\/\"},\"sameAs\":[\"https:\/\/www.facebook.com\/ocabNL\/\",\"https:\/\/x.com\/Ocablights\",\"https:\/\/www.linkedin.com\/showcase\/ocab-nl\/\",\"https:\/\/switchtron.nl\/\"]}]}<\/script>\n<!-- \/ Yoast SEO plugin. -->","yoast_head_json":{"title":"Beleuchtung des Lagers | Ocab","description":"Gutes Licht kann die Konzentration steigern und die Produktivit\u00e4t erh\u00f6hen. Auch f\u00fcr die Beleuchtung am Arbeitsplatz gibt es Richtlinien.","robots":{"index":"index","follow":"follow","max-snippet":"max-snippet:-1","max-image-preview":"max-image-preview:large","max-video-preview":"max-video-preview:-1"},"canonical":"https:\/\/ocab.nl\/de\/beleuchtung-des-lagers\/","og_locale":"de_DE","og_type":"article","og_title":"Beleuchtung des Lagers | Ocab","og_description":"Gutes Licht kann die Konzentration steigern und die Produktivit\u00e4t erh\u00f6hen. Auch f\u00fcr die Beleuchtung am Arbeitsplatz gibt es Richtlinien.","og_url":"https:\/\/ocab.nl\/de\/beleuchtung-des-lagers\/","og_site_name":"Ocab","article_publisher":"https:\/\/www.facebook.com\/ocabNL\/","article_modified_time":"2024-04-17T07:59:45+00:00","og_image":[{"width":512,"height":512,"url":"https:\/\/ocab.nl\/wp-content\/uploads\/2023\/07\/favicon.png","type":"image\/png"}],"twitter_card":"summary_large_image","twitter_site":"@Ocablights","twitter_misc":{"Gesch\u00e4tzte Lesezeit":"1\u00a0Minute"},"schema":{"@context":"https:\/\/schema.org","@graph":[{"@type":"WebPage","@id":"https:\/\/ocab.nl\/de\/beleuchtung-des-lagers\/","url":"https:\/\/ocab.nl\/de\/beleuchtung-des-lagers\/","name":"Beleuchtung des Lagers | Ocab","isPartOf":{"@id":"https:\/\/ocab.nl\/de\/#website"},"datePublished":"2022-08-17T13:33:57+00:00","dateModified":"2024-04-17T07:59:45+00:00","description":"Gutes Licht kann die Konzentration steigern und die Produktivit\u00e4t erh\u00f6hen. Auch f\u00fcr die Beleuchtung am Arbeitsplatz gibt es Richtlinien.","breadcrumb":{"@id":"https:\/\/ocab.nl\/de\/beleuchtung-des-lagers\/#breadcrumb"},"inLanguage":"de","potentialAction":[{"@type":"ReadAction","target":["https:\/\/ocab.nl\/de\/beleuchtung-des-lagers\/"]}]},{"@type":"BreadcrumbList","@id":"https:\/\/ocab.nl\/de\/beleuchtung-des-lagers\/#breadcrumb","itemListElement":[{"@type":"ListItem","position":1,"name":"Home","item":"https:\/\/ocab.nl\/de\/startseite\/"},{"@type":"ListItem","position":2,"name":"Beleuchtung des Lagers"}]},{"@type":"WebSite","@id":"https:\/\/ocab.nl\/de\/#website","url":"https:\/\/ocab.nl\/de\/","name":"Ocab","description":"De specialist in lichtoplossingen","publisher":{"@id":"https:\/\/ocab.nl\/de\/#organization"},"potentialAction":[{"@type":"SearchAction","target":{"@type":"EntryPoint","urlTemplate":"https:\/\/ocab.nl\/de\/?s={search_term_string}"},"query-input":{"@type":"PropertyValueSpecification","valueRequired":true,"valueName":"search_term_string"}}],"inLanguage":"de"},{"@type":"Organization","@id":"https:\/\/ocab.nl\/de\/#organization","name":"OCAB","url":"https:\/\/ocab.nl\/de\/","logo":{"@type":"ImageObject","inLanguage":"de","@id":"https:\/\/ocab.nl\/de\/#\/schema\/logo\/image\/","url":"https:\/\/ocab.nl\/wp-content\/uploads\/2023\/07\/cropped-favicon.png","contentUrl":"https:\/\/ocab.nl\/wp-content\/uploads\/2023\/07\/cropped-favicon.png","width":512,"height":512,"caption":"OCAB"},"image":{"@id":"https:\/\/ocab.nl\/de\/#\/schema\/logo\/image\/"},"sameAs":["https:\/\/www.facebook.com\/ocabNL\/","https:\/\/x.com\/Ocablights","https:\/\/www.linkedin.com\/showcase\/ocab-nl\/","https:\/\/switchtron.nl\/"]}]}},"_links":{"self":[{"href":"https:\/\/ocab.nl\/de\/wp-json\/wp\/v2\/pages\/1918","targetHints":{"allow":["GET"]}}],"collection":[{"href":"https:\/\/ocab.nl\/de\/wp-json\/wp\/v2\/pages"}],"about":[{"href":"https:\/\/ocab.nl\/de\/wp-json\/wp\/v2\/types\/page"}],"author":[{"embeddable":true,"href":"https:\/\/ocab.nl\/de\/wp-json\/wp\/v2\/users\/1"}],"replies":[{"embeddable":true,"href":"https:\/\/ocab.nl\/de\/wp-json\/wp\/v2\/comments?post=1918"}],"version-history":[{"count":0,"href":"https:\/\/ocab.nl\/de\/wp-json\/wp\/v2\/pages\/1918\/revisions"}],"wp:attachment":[{"href":"https:\/\/ocab.nl\/de\/wp-json\/wp\/v2\/media?parent=1918"}],"curies":[{"name":"wp","href":"https:\/\/api.w.org\/{rel}","templated":true}]}}