{"id":1917,"date":"2022-09-05T09:19:14","date_gmt":"2022-09-05T07:19:14","guid":{"rendered":"https:\/\/ocab.flywheelsites.com\/beleuchtung-der-fassade-von-geschaeftsgebaeuden\/"},"modified":"2024-07-25T10:04:59","modified_gmt":"2024-07-25T08:04:59","slug":"beleuchtung-der-fassade-von-geschaeftsgebaeuden","status":"publish","type":"page","link":"https:\/\/ocab.nl\/de\/beleuchtung-der-fassade-von-geschaeftsgebaeuden\/","title":{"rendered":"Beleuchtung der Fassade von Gesch\u00e4ftsgeb\u00e4uden"},"content":{"rendered":"\n<p class=\"has-text-align-center\">Der erste Eindruck von G\u00e4sten, Kunden und anderen Besuchern entsteht bereits beim Anblick einer Immobilie aus der Ferne. Zum Beispiel auf der Autobahn oder beim Einparken auf dem Parkplatz. Die Fassade ist dabei ein wesentlicher Bestandteil: Sie ist wie ein herzlicher Empfang. Dar\u00fcber hinaus passt die Fassadenbeleuchtung gut zum Image Ihres Unternehmens: Welche Farben und welche Atmosph\u00e4re wollen Sie ausstrahlen und woran soll man Sie erkennen? Hinterlassen Sie einen guten Eindruck und investieren Sie in eine gute Beleuchtung der Fassade.  <\/p>\n<div class=\"information\"><a class=\"btn\" href=\"https:\/\/ocab.nl\/contact\/\">Stellen Sie uns eine Frage<\/a><a class=\"btn btn-outline icon-phone\" href=\"tel:+31321328050\">+31 321 328 050<\/a><\/div>\n","protected":false},"excerpt":{"rendered":"<p>Der erste Eindruck von G\u00e4sten, Kunden und anderen Besuchern entsteht bereits beim Anblick einer Immobilie aus der Ferne. Zum Beispiel auf der Autobahn oder beim Einparken auf dem Parkplatz. Die Fassade ist dabei ein wesentlicher Bestandteil: Sie ist wie ein herzlicher Empfang. Dar\u00fcber hinaus passt die Fassadenbeleuchtung gut zum Image Ihres Unternehmens: Welche Farben und [&hellip;]<\/p>\n","protected":false},"author":3,"featured_media":1791,"parent":0,"menu_order":0,"comment_status":"closed","ping_status":"closed","template":"template-lp.php","meta":{"_acf_changed":false,"inline_featured_image":false,"footnotes":""},"class_list":["post-1917","page","type-page","status-publish","has-post-thumbnail","hentry"],"acf":[],"yoast_head":"<!-- This site is optimized with the Yoast SEO plugin v27.2 - https:\/\/yoast.com\/product\/yoast-seo-wordpress\/ -->\n<title>Fassadenbeleuchtung f\u00fcr Gesch\u00e4ftsr\u00e4ume | %<\/title>\n<meta name=\"description\" content=\"Die Fassadenbeleuchtung ist oft das erste, was Kunden von Ihrem Unternehmen sehen. Hinterlassen Sie einen guten Eindruck mit einer guten Fassadenbeleuchtung.\" \/>\n<meta name=\"robots\" content=\"index, follow, max-snippet:-1, max-image-preview:large, max-video-preview:-1\" \/>\n<link rel=\"canonical\" href=\"https:\/\/ocab.nl\/de\/beleuchtung-der-fassade-von-geschaeftsgebaeuden\/\" \/>\n<meta property=\"og:locale\" content=\"de_DE\" \/>\n<meta property=\"og:type\" content=\"article\" \/>\n<meta property=\"og:title\" content=\"Fassadenbeleuchtung f\u00fcr Gesch\u00e4ftsr\u00e4ume | %\" \/>\n<meta property=\"og:description\" content=\"Die Fassadenbeleuchtung ist oft das erste, was Kunden von Ihrem Unternehmen sehen. Hinterlassen Sie einen guten Eindruck mit einer guten Fassadenbeleuchtung.\" \/>\n<meta property=\"og:url\" content=\"https:\/\/ocab.nl\/de\/beleuchtung-der-fassade-von-geschaeftsgebaeuden\/\" \/>\n<meta property=\"og:site_name\" content=\"Ocab\" \/>\n<meta property=\"article:publisher\" content=\"https:\/\/www.facebook.com\/ocabNL\/\" \/>\n<meta property=\"article:modified_time\" content=\"2024-07-25T08:04:59+00:00\" \/>\n<meta property=\"og:image\" content=\"https:\/\/ocab.nl\/wp-content\/uploads\/2023\/07\/favicon.png\" \/>\n\t<meta property=\"og:image:width\" content=\"512\" \/>\n\t<meta property=\"og:image:height\" content=\"512\" \/>\n\t<meta property=\"og:image:type\" content=\"image\/png\" \/>\n<meta name=\"twitter:card\" content=\"summary_large_image\" \/>\n<meta name=\"twitter:site\" content=\"@Ocablights\" \/>\n<script type=\"application\/ld+json\" class=\"yoast-schema-graph\">{\"@context\":\"https:\/\/schema.org\",\"@graph\":[{\"@type\":\"WebPage\",\"@id\":\"https:\/\/ocab.nl\/de\/beleuchtung-der-fassade-von-geschaeftsgebaeuden\/\",\"url\":\"https:\/\/ocab.nl\/de\/beleuchtung-der-fassade-von-geschaeftsgebaeuden\/\",\"name\":\"Fassadenbeleuchtung f\u00fcr Gesch\u00e4ftsr\u00e4ume | %\",\"isPartOf\":{\"@id\":\"https:\/\/ocab.nl\/de\/#website\"},\"primaryImageOfPage\":{\"@id\":\"https:\/\/ocab.nl\/de\/beleuchtung-der-fassade-von-geschaeftsgebaeuden\/#primaryimage\"},\"image\":{\"@id\":\"https:\/\/ocab.nl\/de\/beleuchtung-der-fassade-von-geschaeftsgebaeuden\/#primaryimage\"},\"thumbnailUrl\":\"https:\/\/ocab.nl\/wp-content\/uploads\/2023\/07\/favicon.png\",\"datePublished\":\"2022-09-05T07:19:14+00:00\",\"dateModified\":\"2024-07-25T08:04:59+00:00\",\"description\":\"Die Fassadenbeleuchtung ist oft das erste, was Kunden von Ihrem Unternehmen sehen. Hinterlassen Sie einen guten Eindruck mit einer guten Fassadenbeleuchtung.\",\"breadcrumb\":{\"@id\":\"https:\/\/ocab.nl\/de\/beleuchtung-der-fassade-von-geschaeftsgebaeuden\/#breadcrumb\"},\"inLanguage\":\"de\",\"potentialAction\":[{\"@type\":\"ReadAction\",\"target\":[\"https:\/\/ocab.nl\/de\/beleuchtung-der-fassade-von-geschaeftsgebaeuden\/\"]}]},{\"@type\":\"ImageObject\",\"inLanguage\":\"de\",\"@id\":\"https:\/\/ocab.nl\/de\/beleuchtung-der-fassade-von-geschaeftsgebaeuden\/#primaryimage\",\"url\":\"https:\/\/ocab.nl\/wp-content\/uploads\/2023\/07\/favicon.png\",\"contentUrl\":\"https:\/\/ocab.nl\/wp-content\/uploads\/2023\/07\/favicon.png\",\"width\":512,\"height\":512},{\"@type\":\"BreadcrumbList\",\"@id\":\"https:\/\/ocab.nl\/de\/beleuchtung-der-fassade-von-geschaeftsgebaeuden\/#breadcrumb\",\"itemListElement\":[{\"@type\":\"ListItem\",\"position\":1,\"name\":\"Home\",\"item\":\"https:\/\/ocab.nl\/de\/startseite\/\"},{\"@type\":\"ListItem\",\"position\":2,\"name\":\"Beleuchtung der Fassade von Gesch\u00e4ftsgeb\u00e4uden\"}]},{\"@type\":\"WebSite\",\"@id\":\"https:\/\/ocab.nl\/de\/#website\",\"url\":\"https:\/\/ocab.nl\/de\/\",\"name\":\"Ocab\",\"description\":\"De specialist in lichtoplossingen\",\"publisher\":{\"@id\":\"https:\/\/ocab.nl\/de\/#organization\"},\"potentialAction\":[{\"@type\":\"SearchAction\",\"target\":{\"@type\":\"EntryPoint\",\"urlTemplate\":\"https:\/\/ocab.nl\/de\/?s={search_term_string}\"},\"query-input\":{\"@type\":\"PropertyValueSpecification\",\"valueRequired\":true,\"valueName\":\"search_term_string\"}}],\"inLanguage\":\"de\"},{\"@type\":\"Organization\",\"@id\":\"https:\/\/ocab.nl\/de\/#organization\",\"name\":\"OCAB\",\"url\":\"https:\/\/ocab.nl\/de\/\",\"logo\":{\"@type\":\"ImageObject\",\"inLanguage\":\"de\",\"@id\":\"https:\/\/ocab.nl\/de\/#\/schema\/logo\/image\/\",\"url\":\"https:\/\/ocab.nl\/wp-content\/uploads\/2023\/07\/cropped-favicon.png\",\"contentUrl\":\"https:\/\/ocab.nl\/wp-content\/uploads\/2023\/07\/cropped-favicon.png\",\"width\":512,\"height\":512,\"caption\":\"OCAB\"},\"image\":{\"@id\":\"https:\/\/ocab.nl\/de\/#\/schema\/logo\/image\/\"},\"sameAs\":[\"https:\/\/www.facebook.com\/ocabNL\/\",\"https:\/\/x.com\/Ocablights\",\"https:\/\/www.linkedin.com\/showcase\/ocab-nl\/\",\"https:\/\/switchtron.nl\/\"]}]}<\/script>\n<!-- \/ Yoast SEO plugin. -->","yoast_head_json":{"title":"Fassadenbeleuchtung f\u00fcr Gesch\u00e4ftsr\u00e4ume | %","description":"Die Fassadenbeleuchtung ist oft das erste, was Kunden von Ihrem Unternehmen sehen. Hinterlassen Sie einen guten Eindruck mit einer guten Fassadenbeleuchtung.","robots":{"index":"index","follow":"follow","max-snippet":"max-snippet:-1","max-image-preview":"max-image-preview:large","max-video-preview":"max-video-preview:-1"},"canonical":"https:\/\/ocab.nl\/de\/beleuchtung-der-fassade-von-geschaeftsgebaeuden\/","og_locale":"de_DE","og_type":"article","og_title":"Fassadenbeleuchtung f\u00fcr Gesch\u00e4ftsr\u00e4ume | %","og_description":"Die Fassadenbeleuchtung ist oft das erste, was Kunden von Ihrem Unternehmen sehen. Hinterlassen Sie einen guten Eindruck mit einer guten Fassadenbeleuchtung.","og_url":"https:\/\/ocab.nl\/de\/beleuchtung-der-fassade-von-geschaeftsgebaeuden\/","og_site_name":"Ocab","article_publisher":"https:\/\/www.facebook.com\/ocabNL\/","article_modified_time":"2024-07-25T08:04:59+00:00","og_image":[{"width":512,"height":512,"url":"https:\/\/ocab.nl\/wp-content\/uploads\/2023\/07\/favicon.png","type":"image\/png"}],"twitter_card":"summary_large_image","twitter_site":"@Ocablights","schema":{"@context":"https:\/\/schema.org","@graph":[{"@type":"WebPage","@id":"https:\/\/ocab.nl\/de\/beleuchtung-der-fassade-von-geschaeftsgebaeuden\/","url":"https:\/\/ocab.nl\/de\/beleuchtung-der-fassade-von-geschaeftsgebaeuden\/","name":"Fassadenbeleuchtung f\u00fcr Gesch\u00e4ftsr\u00e4ume | %","isPartOf":{"@id":"https:\/\/ocab.nl\/de\/#website"},"primaryImageOfPage":{"@id":"https:\/\/ocab.nl\/de\/beleuchtung-der-fassade-von-geschaeftsgebaeuden\/#primaryimage"},"image":{"@id":"https:\/\/ocab.nl\/de\/beleuchtung-der-fassade-von-geschaeftsgebaeuden\/#primaryimage"},"thumbnailUrl":"https:\/\/ocab.nl\/wp-content\/uploads\/2023\/07\/favicon.png","datePublished":"2022-09-05T07:19:14+00:00","dateModified":"2024-07-25T08:04:59+00:00","description":"Die Fassadenbeleuchtung ist oft das erste, was Kunden von Ihrem Unternehmen sehen. Hinterlassen Sie einen guten Eindruck mit einer guten Fassadenbeleuchtung.","breadcrumb":{"@id":"https:\/\/ocab.nl\/de\/beleuchtung-der-fassade-von-geschaeftsgebaeuden\/#breadcrumb"},"inLanguage":"de","potentialAction":[{"@type":"ReadAction","target":["https:\/\/ocab.nl\/de\/beleuchtung-der-fassade-von-geschaeftsgebaeuden\/"]}]},{"@type":"ImageObject","inLanguage":"de","@id":"https:\/\/ocab.nl\/de\/beleuchtung-der-fassade-von-geschaeftsgebaeuden\/#primaryimage","url":"https:\/\/ocab.nl\/wp-content\/uploads\/2023\/07\/favicon.png","contentUrl":"https:\/\/ocab.nl\/wp-content\/uploads\/2023\/07\/favicon.png","width":512,"height":512},{"@type":"BreadcrumbList","@id":"https:\/\/ocab.nl\/de\/beleuchtung-der-fassade-von-geschaeftsgebaeuden\/#breadcrumb","itemListElement":[{"@type":"ListItem","position":1,"name":"Home","item":"https:\/\/ocab.nl\/de\/startseite\/"},{"@type":"ListItem","position":2,"name":"Beleuchtung der Fassade von Gesch\u00e4ftsgeb\u00e4uden"}]},{"@type":"WebSite","@id":"https:\/\/ocab.nl\/de\/#website","url":"https:\/\/ocab.nl\/de\/","name":"Ocab","description":"De specialist in lichtoplossingen","publisher":{"@id":"https:\/\/ocab.nl\/de\/#organization"},"potentialAction":[{"@type":"SearchAction","target":{"@type":"EntryPoint","urlTemplate":"https:\/\/ocab.nl\/de\/?s={search_term_string}"},"query-input":{"@type":"PropertyValueSpecification","valueRequired":true,"valueName":"search_term_string"}}],"inLanguage":"de"},{"@type":"Organization","@id":"https:\/\/ocab.nl\/de\/#organization","name":"OCAB","url":"https:\/\/ocab.nl\/de\/","logo":{"@type":"ImageObject","inLanguage":"de","@id":"https:\/\/ocab.nl\/de\/#\/schema\/logo\/image\/","url":"https:\/\/ocab.nl\/wp-content\/uploads\/2023\/07\/cropped-favicon.png","contentUrl":"https:\/\/ocab.nl\/wp-content\/uploads\/2023\/07\/cropped-favicon.png","width":512,"height":512,"caption":"OCAB"},"image":{"@id":"https:\/\/ocab.nl\/de\/#\/schema\/logo\/image\/"},"sameAs":["https:\/\/www.facebook.com\/ocabNL\/","https:\/\/x.com\/Ocablights","https:\/\/www.linkedin.com\/showcase\/ocab-nl\/","https:\/\/switchtron.nl\/"]}]}},"_links":{"self":[{"href":"https:\/\/ocab.nl\/de\/wp-json\/wp\/v2\/pages\/1917","targetHints":{"allow":["GET"]}}],"collection":[{"href":"https:\/\/ocab.nl\/de\/wp-json\/wp\/v2\/pages"}],"about":[{"href":"https:\/\/ocab.nl\/de\/wp-json\/wp\/v2\/types\/page"}],"author":[{"embeddable":true,"href":"https:\/\/ocab.nl\/de\/wp-json\/wp\/v2\/users\/3"}],"replies":[{"embeddable":true,"href":"https:\/\/ocab.nl\/de\/wp-json\/wp\/v2\/comments?post=1917"}],"version-history":[{"count":0,"href":"https:\/\/ocab.nl\/de\/wp-json\/wp\/v2\/pages\/1917\/revisions"}],"wp:featuredmedia":[{"embeddable":true,"href":"https:\/\/ocab.nl\/de\/wp-json\/wp\/v2\/media\/1791"}],"wp:attachment":[{"href":"https:\/\/ocab.nl\/de\/wp-json\/wp\/v2\/media?parent=1917"}],"curies":[{"name":"wp","href":"https:\/\/api.w.org\/{rel}","templated":true}]}}