{"id":1910,"date":"2022-09-05T09:52:31","date_gmt":"2022-09-05T07:52:31","guid":{"rendered":"https:\/\/ocab.flywheelsites.com\/industrielle-beleuchtung\/"},"modified":"2024-07-25T10:09:58","modified_gmt":"2024-07-25T08:09:58","slug":"industrielle-beleuchtung","status":"publish","type":"page","link":"https:\/\/ocab.nl\/de\/industrielle-beleuchtung\/","title":{"rendered":"Industrielle Beleuchtung"},"content":{"rendered":"\n<p class=\"has-text-align-center\">Ihre Firmenhalle, Ihr Lager oder Ihr Produktionsbereich ist der Ort, an dem viele Ihrer Mitarbeiter den Tag verbringen. Es ist daher sehr wichtig, die Beleuchtung so einzustellen, dass die <strong>Produktivit\u00e4t <\/strong>und die<strong> Konzentration<\/strong> der Mitarbeiter gesteigert werden und dass sie w\u00e4hrend der Arbeit Energie gewinnen und erhalten. Die Beleuchtung f\u00fcr gro\u00dfe Industriehallen und \u00e4hnliche R\u00e4ume wird als <strong>Industriebeleuchtung<\/strong> bezeichnet. Wir von Ocab helfen Ihnen gerne mit industrieller Beleuchtung f\u00fcr Ihre R\u00e4umlichkeiten.<\/p>\n<div class=\"information\"><a class=\"btn\" href=\"https:\/\/ocab.nl\/contact\/\">Stellen Sie uns eine Frage<\/a><a class=\"btn btn-outline icon-phone\" href=\"tel:+31321328050\">+31 321 328 050<\/a><\/div>\n","protected":false},"excerpt":{"rendered":"<p>Ihre Firmenhalle, Ihr Lager oder Ihr Produktionsbereich ist der Ort, an dem viele Ihrer Mitarbeiter den Tag verbringen. Es ist daher sehr wichtig, die Beleuchtung so einzustellen, dass die Produktivit\u00e4t und die Konzentration der Mitarbeiter gesteigert werden und dass sie w\u00e4hrend der Arbeit Energie gewinnen und erhalten. Die Beleuchtung f\u00fcr gro\u00dfe Industriehallen und \u00e4hnliche R\u00e4ume [&hellip;]<\/p>\n","protected":false},"author":3,"featured_media":1552,"parent":0,"menu_order":0,"comment_status":"closed","ping_status":"closed","template":"template-lp.php","meta":{"_acf_changed":false,"inline_featured_image":false,"footnotes":""},"class_list":["post-1910","page","type-page","status-publish","has-post-thumbnail","hentry"],"acf":[],"yoast_head":"<!-- This site is optimized with the Yoast SEO plugin v27.2 - https:\/\/yoast.com\/product\/yoast-seo-wordpress\/ -->\n<title>Industrielle Beleuchtung | Ocab<\/title>\n<meta name=\"description\" content=\"Die Beleuchtung von Industriehallen und -r\u00e4umen wird als Industriebeleuchtung bezeichnet. Wir von Switchtron helfen Ihnen gerne bei der industriellen Beleuchtung.\" \/>\n<meta name=\"robots\" content=\"index, follow, max-snippet:-1, max-image-preview:large, max-video-preview:-1\" \/>\n<link rel=\"canonical\" href=\"https:\/\/ocab.nl\/de\/industrielle-beleuchtung\/\" \/>\n<meta property=\"og:locale\" content=\"de_DE\" \/>\n<meta property=\"og:type\" content=\"article\" \/>\n<meta property=\"og:title\" content=\"Industrielle Beleuchtung | Ocab\" \/>\n<meta property=\"og:description\" content=\"Die Beleuchtung von Industriehallen und -r\u00e4umen wird als Industriebeleuchtung bezeichnet. Wir von Switchtron helfen Ihnen gerne bei der industriellen Beleuchtung.\" \/>\n<meta property=\"og:url\" content=\"https:\/\/ocab.nl\/de\/industrielle-beleuchtung\/\" \/>\n<meta property=\"og:site_name\" content=\"Ocab\" \/>\n<meta property=\"article:publisher\" content=\"https:\/\/www.facebook.com\/ocabNL\/\" \/>\n<meta property=\"article:modified_time\" content=\"2024-07-25T08:09:58+00:00\" \/>\n<meta property=\"og:image\" content=\"https:\/\/ocab.nl\/wp-content\/uploads\/2022\/12\/Bangma-verpakkingen-09.jpeg\" \/>\n\t<meta property=\"og:image:width\" content=\"1000\" \/>\n\t<meta property=\"og:image:height\" content=\"554\" \/>\n\t<meta property=\"og:image:type\" content=\"image\/jpeg\" \/>\n<meta name=\"twitter:card\" content=\"summary_large_image\" \/>\n<meta name=\"twitter:site\" content=\"@Ocablights\" \/>\n<script type=\"application\/ld+json\" class=\"yoast-schema-graph\">{\"@context\":\"https:\/\/schema.org\",\"@graph\":[{\"@type\":\"WebPage\",\"@id\":\"https:\/\/ocab.nl\/de\/industrielle-beleuchtung\/\",\"url\":\"https:\/\/ocab.nl\/de\/industrielle-beleuchtung\/\",\"name\":\"Industrielle Beleuchtung | Ocab\",\"isPartOf\":{\"@id\":\"https:\/\/ocab.nl\/de\/#website\"},\"primaryImageOfPage\":{\"@id\":\"https:\/\/ocab.nl\/de\/industrielle-beleuchtung\/#primaryimage\"},\"image\":{\"@id\":\"https:\/\/ocab.nl\/de\/industrielle-beleuchtung\/#primaryimage\"},\"thumbnailUrl\":\"https:\/\/ocab.nl\/wp-content\/uploads\/2022\/12\/Bangma-verpakkingen-09.jpeg\",\"datePublished\":\"2022-09-05T07:52:31+00:00\",\"dateModified\":\"2024-07-25T08:09:58+00:00\",\"description\":\"Die Beleuchtung von Industriehallen und -r\u00e4umen wird als Industriebeleuchtung bezeichnet. Wir von Switchtron helfen Ihnen gerne bei der industriellen Beleuchtung.\",\"breadcrumb\":{\"@id\":\"https:\/\/ocab.nl\/de\/industrielle-beleuchtung\/#breadcrumb\"},\"inLanguage\":\"de\",\"potentialAction\":[{\"@type\":\"ReadAction\",\"target\":[\"https:\/\/ocab.nl\/de\/industrielle-beleuchtung\/\"]}]},{\"@type\":\"ImageObject\",\"inLanguage\":\"de\",\"@id\":\"https:\/\/ocab.nl\/de\/industrielle-beleuchtung\/#primaryimage\",\"url\":\"https:\/\/ocab.nl\/wp-content\/uploads\/2022\/12\/Bangma-verpakkingen-09.jpeg\",\"contentUrl\":\"https:\/\/ocab.nl\/wp-content\/uploads\/2022\/12\/Bangma-verpakkingen-09.jpeg\",\"width\":1000,\"height\":554},{\"@type\":\"BreadcrumbList\",\"@id\":\"https:\/\/ocab.nl\/de\/industrielle-beleuchtung\/#breadcrumb\",\"itemListElement\":[{\"@type\":\"ListItem\",\"position\":1,\"name\":\"Home\",\"item\":\"https:\/\/ocab.nl\/de\/startseite\/\"},{\"@type\":\"ListItem\",\"position\":2,\"name\":\"Industrielle Beleuchtung\"}]},{\"@type\":\"WebSite\",\"@id\":\"https:\/\/ocab.nl\/de\/#website\",\"url\":\"https:\/\/ocab.nl\/de\/\",\"name\":\"Ocab\",\"description\":\"De specialist in lichtoplossingen\",\"publisher\":{\"@id\":\"https:\/\/ocab.nl\/de\/#organization\"},\"potentialAction\":[{\"@type\":\"SearchAction\",\"target\":{\"@type\":\"EntryPoint\",\"urlTemplate\":\"https:\/\/ocab.nl\/de\/?s={search_term_string}\"},\"query-input\":{\"@type\":\"PropertyValueSpecification\",\"valueRequired\":true,\"valueName\":\"search_term_string\"}}],\"inLanguage\":\"de\"},{\"@type\":\"Organization\",\"@id\":\"https:\/\/ocab.nl\/de\/#organization\",\"name\":\"OCAB\",\"url\":\"https:\/\/ocab.nl\/de\/\",\"logo\":{\"@type\":\"ImageObject\",\"inLanguage\":\"de\",\"@id\":\"https:\/\/ocab.nl\/de\/#\/schema\/logo\/image\/\",\"url\":\"https:\/\/ocab.nl\/wp-content\/uploads\/2023\/07\/cropped-favicon.png\",\"contentUrl\":\"https:\/\/ocab.nl\/wp-content\/uploads\/2023\/07\/cropped-favicon.png\",\"width\":512,\"height\":512,\"caption\":\"OCAB\"},\"image\":{\"@id\":\"https:\/\/ocab.nl\/de\/#\/schema\/logo\/image\/\"},\"sameAs\":[\"https:\/\/www.facebook.com\/ocabNL\/\",\"https:\/\/x.com\/Ocablights\",\"https:\/\/www.linkedin.com\/showcase\/ocab-nl\/\",\"https:\/\/switchtron.nl\/\"]}]}<\/script>\n<!-- \/ Yoast SEO plugin. -->","yoast_head_json":{"title":"Industrielle Beleuchtung | Ocab","description":"Die Beleuchtung von Industriehallen und -r\u00e4umen wird als Industriebeleuchtung bezeichnet. Wir von Switchtron helfen Ihnen gerne bei der industriellen Beleuchtung.","robots":{"index":"index","follow":"follow","max-snippet":"max-snippet:-1","max-image-preview":"max-image-preview:large","max-video-preview":"max-video-preview:-1"},"canonical":"https:\/\/ocab.nl\/de\/industrielle-beleuchtung\/","og_locale":"de_DE","og_type":"article","og_title":"Industrielle Beleuchtung | Ocab","og_description":"Die Beleuchtung von Industriehallen und -r\u00e4umen wird als Industriebeleuchtung bezeichnet. Wir von Switchtron helfen Ihnen gerne bei der industriellen Beleuchtung.","og_url":"https:\/\/ocab.nl\/de\/industrielle-beleuchtung\/","og_site_name":"Ocab","article_publisher":"https:\/\/www.facebook.com\/ocabNL\/","article_modified_time":"2024-07-25T08:09:58+00:00","og_image":[{"width":1000,"height":554,"url":"https:\/\/ocab.nl\/wp-content\/uploads\/2022\/12\/Bangma-verpakkingen-09.jpeg","type":"image\/jpeg"}],"twitter_card":"summary_large_image","twitter_site":"@Ocablights","schema":{"@context":"https:\/\/schema.org","@graph":[{"@type":"WebPage","@id":"https:\/\/ocab.nl\/de\/industrielle-beleuchtung\/","url":"https:\/\/ocab.nl\/de\/industrielle-beleuchtung\/","name":"Industrielle Beleuchtung | Ocab","isPartOf":{"@id":"https:\/\/ocab.nl\/de\/#website"},"primaryImageOfPage":{"@id":"https:\/\/ocab.nl\/de\/industrielle-beleuchtung\/#primaryimage"},"image":{"@id":"https:\/\/ocab.nl\/de\/industrielle-beleuchtung\/#primaryimage"},"thumbnailUrl":"https:\/\/ocab.nl\/wp-content\/uploads\/2022\/12\/Bangma-verpakkingen-09.jpeg","datePublished":"2022-09-05T07:52:31+00:00","dateModified":"2024-07-25T08:09:58+00:00","description":"Die Beleuchtung von Industriehallen und -r\u00e4umen wird als Industriebeleuchtung bezeichnet. Wir von Switchtron helfen Ihnen gerne bei der industriellen Beleuchtung.","breadcrumb":{"@id":"https:\/\/ocab.nl\/de\/industrielle-beleuchtung\/#breadcrumb"},"inLanguage":"de","potentialAction":[{"@type":"ReadAction","target":["https:\/\/ocab.nl\/de\/industrielle-beleuchtung\/"]}]},{"@type":"ImageObject","inLanguage":"de","@id":"https:\/\/ocab.nl\/de\/industrielle-beleuchtung\/#primaryimage","url":"https:\/\/ocab.nl\/wp-content\/uploads\/2022\/12\/Bangma-verpakkingen-09.jpeg","contentUrl":"https:\/\/ocab.nl\/wp-content\/uploads\/2022\/12\/Bangma-verpakkingen-09.jpeg","width":1000,"height":554},{"@type":"BreadcrumbList","@id":"https:\/\/ocab.nl\/de\/industrielle-beleuchtung\/#breadcrumb","itemListElement":[{"@type":"ListItem","position":1,"name":"Home","item":"https:\/\/ocab.nl\/de\/startseite\/"},{"@type":"ListItem","position":2,"name":"Industrielle Beleuchtung"}]},{"@type":"WebSite","@id":"https:\/\/ocab.nl\/de\/#website","url":"https:\/\/ocab.nl\/de\/","name":"Ocab","description":"De specialist in lichtoplossingen","publisher":{"@id":"https:\/\/ocab.nl\/de\/#organization"},"potentialAction":[{"@type":"SearchAction","target":{"@type":"EntryPoint","urlTemplate":"https:\/\/ocab.nl\/de\/?s={search_term_string}"},"query-input":{"@type":"PropertyValueSpecification","valueRequired":true,"valueName":"search_term_string"}}],"inLanguage":"de"},{"@type":"Organization","@id":"https:\/\/ocab.nl\/de\/#organization","name":"OCAB","url":"https:\/\/ocab.nl\/de\/","logo":{"@type":"ImageObject","inLanguage":"de","@id":"https:\/\/ocab.nl\/de\/#\/schema\/logo\/image\/","url":"https:\/\/ocab.nl\/wp-content\/uploads\/2023\/07\/cropped-favicon.png","contentUrl":"https:\/\/ocab.nl\/wp-content\/uploads\/2023\/07\/cropped-favicon.png","width":512,"height":512,"caption":"OCAB"},"image":{"@id":"https:\/\/ocab.nl\/de\/#\/schema\/logo\/image\/"},"sameAs":["https:\/\/www.facebook.com\/ocabNL\/","https:\/\/x.com\/Ocablights","https:\/\/www.linkedin.com\/showcase\/ocab-nl\/","https:\/\/switchtron.nl\/"]}]}},"_links":{"self":[{"href":"https:\/\/ocab.nl\/de\/wp-json\/wp\/v2\/pages\/1910","targetHints":{"allow":["GET"]}}],"collection":[{"href":"https:\/\/ocab.nl\/de\/wp-json\/wp\/v2\/pages"}],"about":[{"href":"https:\/\/ocab.nl\/de\/wp-json\/wp\/v2\/types\/page"}],"author":[{"embeddable":true,"href":"https:\/\/ocab.nl\/de\/wp-json\/wp\/v2\/users\/3"}],"replies":[{"embeddable":true,"href":"https:\/\/ocab.nl\/de\/wp-json\/wp\/v2\/comments?post=1910"}],"version-history":[{"count":0,"href":"https:\/\/ocab.nl\/de\/wp-json\/wp\/v2\/pages\/1910\/revisions"}],"wp:featuredmedia":[{"embeddable":true,"href":"https:\/\/ocab.nl\/de\/wp-json\/wp\/v2\/media\/1552"}],"wp:attachment":[{"href":"https:\/\/ocab.nl\/de\/wp-json\/wp\/v2\/media?parent=1910"}],"curies":[{"name":"wp","href":"https:\/\/api.w.org\/{rel}","templated":true}]}}