{"id":1883,"date":"2022-12-02T12:20:19","date_gmt":"2022-12-02T11:20:19","guid":{"rendered":"https:\/\/ocab.flywheelsites.com\/buerobeleuchtung\/"},"modified":"2024-02-28T11:22:43","modified_gmt":"2024-02-28T10:22:43","slug":"buerobeleuchtung","status":"publish","type":"page","link":"https:\/\/ocab.nl\/de\/buerobeleuchtung\/","title":{"rendered":"B\u00fcrobeleuchtung"},"content":{"rendered":"\n<p class=\"has-text-align-center\">Den ganzen Tag in einem B\u00fcro zu sitzen, kostet Ihre Mitarbeiter viel Energie. Gutes Licht kann einen gro\u00dfen Unterschied machen: Es macht die Menschen sofort produktiver und sorgt f\u00fcr eine gute Stimmung. Dies wirkt sich wiederum auf das gesamte Team und die t\u00e4glich erzielten Ergebnisse aus. Eine gute LED-B\u00fcrobeleuchtung ist enorm wichtig! Und wussten Sie, dass es im Arbeitsschutzgesetz sogar verbindliche Richtlinien f\u00fcr die B\u00fcrobeleuchtung gibt? Wir sind mit allen Gesetzen und Vorschriften vertraut und k\u00f6nnen einen ma\u00dfgeschneiderten Beleuchtungsplan erstellen.<\/p>\n<div class=\"information\"><a class=\"btn\" href=\"https:\/\/ocab.nl\/contact\/\">Stellen Sie uns eine Frage<\/a><a class=\"btn btn-outline icon-phone\" href=\"tel:+31321328050\">+31 321 328 050<\/a><\/div>\n","protected":false},"excerpt":{"rendered":"<p>Den ganzen Tag in einem B\u00fcro zu sitzen, kostet Ihre Mitarbeiter viel Energie. Gutes Licht kann einen gro\u00dfen Unterschied machen: Es macht die Menschen sofort produktiver und sorgt f\u00fcr eine gute Stimmung. Dies wirkt sich wiederum auf das gesamte Team und die t\u00e4glich erzielten Ergebnisse aus. Eine gute LED-B\u00fcrobeleuchtung ist enorm wichtig! Und wussten Sie, [&hellip;]<\/p>\n","protected":false},"author":3,"featured_media":1546,"parent":0,"menu_order":0,"comment_status":"closed","ping_status":"closed","template":"template-lp.php","meta":{"_acf_changed":false,"inline_featured_image":false,"footnotes":""},"class_list":["post-1883","page","type-page","status-publish","has-post-thumbnail","hentry"],"acf":[],"yoast_head":"<!-- This site is optimized with the Yoast SEO plugin v27.2 - https:\/\/yoast.com\/product\/yoast-seo-wordpress\/ -->\n<title>B\u00fcrobeleuchtung | Ocab<\/title>\n<meta name=\"description\" content=\"Eine gute B\u00fcrobeleuchtung ist enorm wichtig! Und wussten Sie, dass es im Arbeitsschutzgesetz sogar verbindliche Richtlinien f\u00fcr die B\u00fcrobeleuchtung gibt?\" \/>\n<meta name=\"robots\" content=\"index, follow, max-snippet:-1, max-image-preview:large, max-video-preview:-1\" \/>\n<link rel=\"canonical\" href=\"https:\/\/ocab.nl\/de\/buerobeleuchtung\/\" \/>\n<meta property=\"og:locale\" content=\"de_DE\" \/>\n<meta property=\"og:type\" content=\"article\" \/>\n<meta property=\"og:title\" content=\"B\u00fcrobeleuchtung | Ocab\" \/>\n<meta property=\"og:description\" content=\"Eine gute B\u00fcrobeleuchtung ist enorm wichtig! Und wussten Sie, dass es im Arbeitsschutzgesetz sogar verbindliche Richtlinien f\u00fcr die B\u00fcrobeleuchtung gibt?\" \/>\n<meta property=\"og:url\" content=\"https:\/\/ocab.nl\/de\/buerobeleuchtung\/\" \/>\n<meta property=\"og:site_name\" content=\"Ocab\" \/>\n<meta property=\"article:publisher\" content=\"https:\/\/www.facebook.com\/ocabNL\/\" \/>\n<meta property=\"article:modified_time\" content=\"2024-02-28T10:22:43+00:00\" \/>\n<meta property=\"og:image\" content=\"https:\/\/ocab.nl\/wp-content\/uploads\/2022\/12\/ACP-04.jpeg\" \/>\n\t<meta property=\"og:image:width\" content=\"1000\" \/>\n\t<meta property=\"og:image:height\" content=\"554\" \/>\n\t<meta property=\"og:image:type\" content=\"image\/jpeg\" \/>\n<meta name=\"twitter:card\" content=\"summary_large_image\" \/>\n<meta name=\"twitter:site\" content=\"@Ocablights\" \/>\n<script type=\"application\/ld+json\" class=\"yoast-schema-graph\">{\"@context\":\"https:\/\/schema.org\",\"@graph\":[{\"@type\":\"WebPage\",\"@id\":\"https:\/\/ocab.nl\/de\/buerobeleuchtung\/\",\"url\":\"https:\/\/ocab.nl\/de\/buerobeleuchtung\/\",\"name\":\"B\u00fcrobeleuchtung | Ocab\",\"isPartOf\":{\"@id\":\"https:\/\/ocab.nl\/de\/#website\"},\"primaryImageOfPage\":{\"@id\":\"https:\/\/ocab.nl\/de\/buerobeleuchtung\/#primaryimage\"},\"image\":{\"@id\":\"https:\/\/ocab.nl\/de\/buerobeleuchtung\/#primaryimage\"},\"thumbnailUrl\":\"https:\/\/ocab.nl\/wp-content\/uploads\/2022\/12\/ACP-04.jpeg\",\"datePublished\":\"2022-12-02T11:20:19+00:00\",\"dateModified\":\"2024-02-28T10:22:43+00:00\",\"description\":\"Eine gute B\u00fcrobeleuchtung ist enorm wichtig! Und wussten Sie, dass es im Arbeitsschutzgesetz sogar verbindliche Richtlinien f\u00fcr die B\u00fcrobeleuchtung gibt?\",\"breadcrumb\":{\"@id\":\"https:\/\/ocab.nl\/de\/buerobeleuchtung\/#breadcrumb\"},\"inLanguage\":\"de\",\"potentialAction\":[{\"@type\":\"ReadAction\",\"target\":[\"https:\/\/ocab.nl\/de\/buerobeleuchtung\/\"]}]},{\"@type\":\"ImageObject\",\"inLanguage\":\"de\",\"@id\":\"https:\/\/ocab.nl\/de\/buerobeleuchtung\/#primaryimage\",\"url\":\"https:\/\/ocab.nl\/wp-content\/uploads\/2022\/12\/ACP-04.jpeg\",\"contentUrl\":\"https:\/\/ocab.nl\/wp-content\/uploads\/2022\/12\/ACP-04.jpeg\",\"width\":1000,\"height\":554},{\"@type\":\"BreadcrumbList\",\"@id\":\"https:\/\/ocab.nl\/de\/buerobeleuchtung\/#breadcrumb\",\"itemListElement\":[{\"@type\":\"ListItem\",\"position\":1,\"name\":\"Home\",\"item\":\"https:\/\/ocab.nl\/de\/startseite\/\"},{\"@type\":\"ListItem\",\"position\":2,\"name\":\"B\u00fcrobeleuchtung\"}]},{\"@type\":\"WebSite\",\"@id\":\"https:\/\/ocab.nl\/de\/#website\",\"url\":\"https:\/\/ocab.nl\/de\/\",\"name\":\"Ocab\",\"description\":\"De specialist in lichtoplossingen\",\"publisher\":{\"@id\":\"https:\/\/ocab.nl\/de\/#organization\"},\"potentialAction\":[{\"@type\":\"SearchAction\",\"target\":{\"@type\":\"EntryPoint\",\"urlTemplate\":\"https:\/\/ocab.nl\/de\/?s={search_term_string}\"},\"query-input\":{\"@type\":\"PropertyValueSpecification\",\"valueRequired\":true,\"valueName\":\"search_term_string\"}}],\"inLanguage\":\"de\"},{\"@type\":\"Organization\",\"@id\":\"https:\/\/ocab.nl\/de\/#organization\",\"name\":\"OCAB\",\"url\":\"https:\/\/ocab.nl\/de\/\",\"logo\":{\"@type\":\"ImageObject\",\"inLanguage\":\"de\",\"@id\":\"https:\/\/ocab.nl\/de\/#\/schema\/logo\/image\/\",\"url\":\"https:\/\/ocab.nl\/wp-content\/uploads\/2023\/07\/cropped-favicon.png\",\"contentUrl\":\"https:\/\/ocab.nl\/wp-content\/uploads\/2023\/07\/cropped-favicon.png\",\"width\":512,\"height\":512,\"caption\":\"OCAB\"},\"image\":{\"@id\":\"https:\/\/ocab.nl\/de\/#\/schema\/logo\/image\/\"},\"sameAs\":[\"https:\/\/www.facebook.com\/ocabNL\/\",\"https:\/\/x.com\/Ocablights\",\"https:\/\/www.linkedin.com\/showcase\/ocab-nl\/\",\"https:\/\/switchtron.nl\/\"]}]}<\/script>\n<!-- \/ Yoast SEO plugin. -->","yoast_head_json":{"title":"B\u00fcrobeleuchtung | Ocab","description":"Eine gute B\u00fcrobeleuchtung ist enorm wichtig! Und wussten Sie, dass es im Arbeitsschutzgesetz sogar verbindliche Richtlinien f\u00fcr die B\u00fcrobeleuchtung gibt?","robots":{"index":"index","follow":"follow","max-snippet":"max-snippet:-1","max-image-preview":"max-image-preview:large","max-video-preview":"max-video-preview:-1"},"canonical":"https:\/\/ocab.nl\/de\/buerobeleuchtung\/","og_locale":"de_DE","og_type":"article","og_title":"B\u00fcrobeleuchtung | Ocab","og_description":"Eine gute B\u00fcrobeleuchtung ist enorm wichtig! Und wussten Sie, dass es im Arbeitsschutzgesetz sogar verbindliche Richtlinien f\u00fcr die B\u00fcrobeleuchtung gibt?","og_url":"https:\/\/ocab.nl\/de\/buerobeleuchtung\/","og_site_name":"Ocab","article_publisher":"https:\/\/www.facebook.com\/ocabNL\/","article_modified_time":"2024-02-28T10:22:43+00:00","og_image":[{"width":1000,"height":554,"url":"https:\/\/ocab.nl\/wp-content\/uploads\/2022\/12\/ACP-04.jpeg","type":"image\/jpeg"}],"twitter_card":"summary_large_image","twitter_site":"@Ocablights","schema":{"@context":"https:\/\/schema.org","@graph":[{"@type":"WebPage","@id":"https:\/\/ocab.nl\/de\/buerobeleuchtung\/","url":"https:\/\/ocab.nl\/de\/buerobeleuchtung\/","name":"B\u00fcrobeleuchtung | Ocab","isPartOf":{"@id":"https:\/\/ocab.nl\/de\/#website"},"primaryImageOfPage":{"@id":"https:\/\/ocab.nl\/de\/buerobeleuchtung\/#primaryimage"},"image":{"@id":"https:\/\/ocab.nl\/de\/buerobeleuchtung\/#primaryimage"},"thumbnailUrl":"https:\/\/ocab.nl\/wp-content\/uploads\/2022\/12\/ACP-04.jpeg","datePublished":"2022-12-02T11:20:19+00:00","dateModified":"2024-02-28T10:22:43+00:00","description":"Eine gute B\u00fcrobeleuchtung ist enorm wichtig! Und wussten Sie, dass es im Arbeitsschutzgesetz sogar verbindliche Richtlinien f\u00fcr die B\u00fcrobeleuchtung gibt?","breadcrumb":{"@id":"https:\/\/ocab.nl\/de\/buerobeleuchtung\/#breadcrumb"},"inLanguage":"de","potentialAction":[{"@type":"ReadAction","target":["https:\/\/ocab.nl\/de\/buerobeleuchtung\/"]}]},{"@type":"ImageObject","inLanguage":"de","@id":"https:\/\/ocab.nl\/de\/buerobeleuchtung\/#primaryimage","url":"https:\/\/ocab.nl\/wp-content\/uploads\/2022\/12\/ACP-04.jpeg","contentUrl":"https:\/\/ocab.nl\/wp-content\/uploads\/2022\/12\/ACP-04.jpeg","width":1000,"height":554},{"@type":"BreadcrumbList","@id":"https:\/\/ocab.nl\/de\/buerobeleuchtung\/#breadcrumb","itemListElement":[{"@type":"ListItem","position":1,"name":"Home","item":"https:\/\/ocab.nl\/de\/startseite\/"},{"@type":"ListItem","position":2,"name":"B\u00fcrobeleuchtung"}]},{"@type":"WebSite","@id":"https:\/\/ocab.nl\/de\/#website","url":"https:\/\/ocab.nl\/de\/","name":"Ocab","description":"De specialist in lichtoplossingen","publisher":{"@id":"https:\/\/ocab.nl\/de\/#organization"},"potentialAction":[{"@type":"SearchAction","target":{"@type":"EntryPoint","urlTemplate":"https:\/\/ocab.nl\/de\/?s={search_term_string}"},"query-input":{"@type":"PropertyValueSpecification","valueRequired":true,"valueName":"search_term_string"}}],"inLanguage":"de"},{"@type":"Organization","@id":"https:\/\/ocab.nl\/de\/#organization","name":"OCAB","url":"https:\/\/ocab.nl\/de\/","logo":{"@type":"ImageObject","inLanguage":"de","@id":"https:\/\/ocab.nl\/de\/#\/schema\/logo\/image\/","url":"https:\/\/ocab.nl\/wp-content\/uploads\/2023\/07\/cropped-favicon.png","contentUrl":"https:\/\/ocab.nl\/wp-content\/uploads\/2023\/07\/cropped-favicon.png","width":512,"height":512,"caption":"OCAB"},"image":{"@id":"https:\/\/ocab.nl\/de\/#\/schema\/logo\/image\/"},"sameAs":["https:\/\/www.facebook.com\/ocabNL\/","https:\/\/x.com\/Ocablights","https:\/\/www.linkedin.com\/showcase\/ocab-nl\/","https:\/\/switchtron.nl\/"]}]}},"_links":{"self":[{"href":"https:\/\/ocab.nl\/de\/wp-json\/wp\/v2\/pages\/1883","targetHints":{"allow":["GET"]}}],"collection":[{"href":"https:\/\/ocab.nl\/de\/wp-json\/wp\/v2\/pages"}],"about":[{"href":"https:\/\/ocab.nl\/de\/wp-json\/wp\/v2\/types\/page"}],"author":[{"embeddable":true,"href":"https:\/\/ocab.nl\/de\/wp-json\/wp\/v2\/users\/3"}],"replies":[{"embeddable":true,"href":"https:\/\/ocab.nl\/de\/wp-json\/wp\/v2\/comments?post=1883"}],"version-history":[{"count":0,"href":"https:\/\/ocab.nl\/de\/wp-json\/wp\/v2\/pages\/1883\/revisions"}],"wp:featuredmedia":[{"embeddable":true,"href":"https:\/\/ocab.nl\/de\/wp-json\/wp\/v2\/media\/1546"}],"wp:attachment":[{"href":"https:\/\/ocab.nl\/de\/wp-json\/wp\/v2\/media?parent=1883"}],"curies":[{"name":"wp","href":"https:\/\/api.w.org\/{rel}","templated":true}]}}