{"id":1882,"date":"2022-08-26T14:37:22","date_gmt":"2022-08-26T12:37:22","guid":{"rendered":"https:\/\/ocab.flywheelsites.com\/led-beleuchtung-fuer-geschaefte\/"},"modified":"2024-05-23T16:53:56","modified_gmt":"2024-05-23T14:53:56","slug":"led-beleuchtung-fuer-geschaefte","status":"publish","type":"page","link":"https:\/\/ocab.nl\/de\/led-beleuchtung-fuer-geschaefte\/","title":{"rendered":"LED-Beleuchtung f\u00fcr Gesch\u00e4fte"},"content":{"rendered":"\n<p class=\"has-text-align-center\">Die Beleuchtung in Gesch\u00e4ften ist f\u00fcr jeden Gesch\u00e4ftsinhaber von gro\u00dfer Bedeutung. Mit der richtigen Beleuchtung schaffen Ladenbesitzer einen guten ersten Eindruck bei den Kunden, der sie eher dazu veranlasst, einen Kauf zu t\u00e4tigen oder wiederzukommen. Durch die Kombination von Allgemeinbeleuchtung und Akzentbeleuchtung k\u00f6nnen Sie bestimmte Produkte oder eine bestimmte Kollektion hervorheben, um den Kunden zu diesem Produkt zu f\u00fchren.  <\/p>\n<div class=\"information\"><a class=\"btn\" href=\"https:\/\/ocab.nl\/contact\/\">Stellen Sie uns eine Frage<\/a><a class=\"btn btn-outline icon-phone\" href=\"tel:+31321328050\">+31 321 328 050<\/a><\/div>\n","protected":false},"excerpt":{"rendered":"<p>Die Beleuchtung in Gesch\u00e4ften ist f\u00fcr jeden Gesch\u00e4ftsinhaber von gro\u00dfer Bedeutung. Mit der richtigen Beleuchtung schaffen Ladenbesitzer einen guten ersten Eindruck bei den Kunden, der sie eher dazu veranlasst, einen Kauf zu t\u00e4tigen oder wiederzukommen. Durch die Kombination von Allgemeinbeleuchtung und Akzentbeleuchtung k\u00f6nnen Sie bestimmte Produkte oder eine bestimmte Kollektion hervorheben, um den Kunden zu [&hellip;]<\/p>\n","protected":false},"author":3,"featured_media":0,"parent":0,"menu_order":0,"comment_status":"closed","ping_status":"closed","template":"template-lp.php","meta":{"_acf_changed":false,"inline_featured_image":false,"footnotes":""},"class_list":["post-1882","page","type-page","status-publish","hentry"],"acf":[],"yoast_head":"<!-- This site is optimized with the Yoast SEO plugin v27.2 - https:\/\/yoast.com\/product\/yoast-seo-wordpress\/ -->\n<title>LED-Beleuchtung f\u00fcr Gesch\u00e4fte | Ocab<\/title>\n<meta name=\"description\" content=\"Durch die Kombination von Allgemeinbeleuchtung und Akzentbeleuchtung k\u00f6nnen Sie bestimmte Produkte oder eine bestimmte Kollektion hervorheben.\" \/>\n<meta name=\"robots\" content=\"index, follow, max-snippet:-1, max-image-preview:large, max-video-preview:-1\" \/>\n<link rel=\"canonical\" href=\"https:\/\/ocab.nl\/de\/led-beleuchtung-fuer-geschaefte\/\" \/>\n<meta property=\"og:locale\" content=\"de_DE\" \/>\n<meta property=\"og:type\" content=\"article\" \/>\n<meta property=\"og:title\" content=\"LED-Beleuchtung f\u00fcr Gesch\u00e4fte | Ocab\" \/>\n<meta property=\"og:description\" content=\"Durch die Kombination von Allgemeinbeleuchtung und Akzentbeleuchtung k\u00f6nnen Sie bestimmte Produkte oder eine bestimmte Kollektion hervorheben.\" \/>\n<meta property=\"og:url\" content=\"https:\/\/ocab.nl\/de\/led-beleuchtung-fuer-geschaefte\/\" \/>\n<meta property=\"og:site_name\" content=\"Ocab\" \/>\n<meta property=\"article:publisher\" content=\"https:\/\/www.facebook.com\/ocabNL\/\" \/>\n<meta property=\"article:modified_time\" content=\"2024-05-23T14:53:56+00:00\" \/>\n<meta property=\"og:image\" content=\"https:\/\/ocab.nl\/wp-content\/uploads\/2023\/07\/favicon.png\" \/>\n\t<meta property=\"og:image:width\" content=\"512\" \/>\n\t<meta property=\"og:image:height\" content=\"512\" \/>\n\t<meta property=\"og:image:type\" content=\"image\/png\" \/>\n<meta name=\"twitter:card\" content=\"summary_large_image\" \/>\n<meta name=\"twitter:site\" content=\"@Ocablights\" \/>\n<script type=\"application\/ld+json\" class=\"yoast-schema-graph\">{\"@context\":\"https:\/\/schema.org\",\"@graph\":[{\"@type\":\"WebPage\",\"@id\":\"https:\/\/ocab.nl\/de\/led-beleuchtung-fuer-geschaefte\/\",\"url\":\"https:\/\/ocab.nl\/de\/led-beleuchtung-fuer-geschaefte\/\",\"name\":\"LED-Beleuchtung f\u00fcr Gesch\u00e4fte | Ocab\",\"isPartOf\":{\"@id\":\"https:\/\/ocab.nl\/de\/#website\"},\"datePublished\":\"2022-08-26T12:37:22+00:00\",\"dateModified\":\"2024-05-23T14:53:56+00:00\",\"description\":\"Durch die Kombination von Allgemeinbeleuchtung und Akzentbeleuchtung k\u00f6nnen Sie bestimmte Produkte oder eine bestimmte Kollektion hervorheben.\",\"breadcrumb\":{\"@id\":\"https:\/\/ocab.nl\/de\/led-beleuchtung-fuer-geschaefte\/#breadcrumb\"},\"inLanguage\":\"de\",\"potentialAction\":[{\"@type\":\"ReadAction\",\"target\":[\"https:\/\/ocab.nl\/de\/led-beleuchtung-fuer-geschaefte\/\"]}]},{\"@type\":\"BreadcrumbList\",\"@id\":\"https:\/\/ocab.nl\/de\/led-beleuchtung-fuer-geschaefte\/#breadcrumb\",\"itemListElement\":[{\"@type\":\"ListItem\",\"position\":1,\"name\":\"Home\",\"item\":\"https:\/\/ocab.nl\/de\/startseite\/\"},{\"@type\":\"ListItem\",\"position\":2,\"name\":\"LED-Beleuchtung f\u00fcr Gesch\u00e4fte\"}]},{\"@type\":\"WebSite\",\"@id\":\"https:\/\/ocab.nl\/de\/#website\",\"url\":\"https:\/\/ocab.nl\/de\/\",\"name\":\"Ocab\",\"description\":\"De specialist in lichtoplossingen\",\"publisher\":{\"@id\":\"https:\/\/ocab.nl\/de\/#organization\"},\"potentialAction\":[{\"@type\":\"SearchAction\",\"target\":{\"@type\":\"EntryPoint\",\"urlTemplate\":\"https:\/\/ocab.nl\/de\/?s={search_term_string}\"},\"query-input\":{\"@type\":\"PropertyValueSpecification\",\"valueRequired\":true,\"valueName\":\"search_term_string\"}}],\"inLanguage\":\"de\"},{\"@type\":\"Organization\",\"@id\":\"https:\/\/ocab.nl\/de\/#organization\",\"name\":\"OCAB\",\"url\":\"https:\/\/ocab.nl\/de\/\",\"logo\":{\"@type\":\"ImageObject\",\"inLanguage\":\"de\",\"@id\":\"https:\/\/ocab.nl\/de\/#\/schema\/logo\/image\/\",\"url\":\"https:\/\/ocab.nl\/wp-content\/uploads\/2023\/07\/cropped-favicon.png\",\"contentUrl\":\"https:\/\/ocab.nl\/wp-content\/uploads\/2023\/07\/cropped-favicon.png\",\"width\":512,\"height\":512,\"caption\":\"OCAB\"},\"image\":{\"@id\":\"https:\/\/ocab.nl\/de\/#\/schema\/logo\/image\/\"},\"sameAs\":[\"https:\/\/www.facebook.com\/ocabNL\/\",\"https:\/\/x.com\/Ocablights\",\"https:\/\/www.linkedin.com\/showcase\/ocab-nl\/\",\"https:\/\/switchtron.nl\/\"]}]}<\/script>\n<!-- \/ Yoast SEO plugin. -->","yoast_head_json":{"title":"LED-Beleuchtung f\u00fcr Gesch\u00e4fte | Ocab","description":"Durch die Kombination von Allgemeinbeleuchtung und Akzentbeleuchtung k\u00f6nnen Sie bestimmte Produkte oder eine bestimmte Kollektion hervorheben.","robots":{"index":"index","follow":"follow","max-snippet":"max-snippet:-1","max-image-preview":"max-image-preview:large","max-video-preview":"max-video-preview:-1"},"canonical":"https:\/\/ocab.nl\/de\/led-beleuchtung-fuer-geschaefte\/","og_locale":"de_DE","og_type":"article","og_title":"LED-Beleuchtung f\u00fcr Gesch\u00e4fte | Ocab","og_description":"Durch die Kombination von Allgemeinbeleuchtung und Akzentbeleuchtung k\u00f6nnen Sie bestimmte Produkte oder eine bestimmte Kollektion hervorheben.","og_url":"https:\/\/ocab.nl\/de\/led-beleuchtung-fuer-geschaefte\/","og_site_name":"Ocab","article_publisher":"https:\/\/www.facebook.com\/ocabNL\/","article_modified_time":"2024-05-23T14:53:56+00:00","og_image":[{"width":512,"height":512,"url":"https:\/\/ocab.nl\/wp-content\/uploads\/2023\/07\/favicon.png","type":"image\/png"}],"twitter_card":"summary_large_image","twitter_site":"@Ocablights","schema":{"@context":"https:\/\/schema.org","@graph":[{"@type":"WebPage","@id":"https:\/\/ocab.nl\/de\/led-beleuchtung-fuer-geschaefte\/","url":"https:\/\/ocab.nl\/de\/led-beleuchtung-fuer-geschaefte\/","name":"LED-Beleuchtung f\u00fcr Gesch\u00e4fte | Ocab","isPartOf":{"@id":"https:\/\/ocab.nl\/de\/#website"},"datePublished":"2022-08-26T12:37:22+00:00","dateModified":"2024-05-23T14:53:56+00:00","description":"Durch die Kombination von Allgemeinbeleuchtung und Akzentbeleuchtung k\u00f6nnen Sie bestimmte Produkte oder eine bestimmte Kollektion hervorheben.","breadcrumb":{"@id":"https:\/\/ocab.nl\/de\/led-beleuchtung-fuer-geschaefte\/#breadcrumb"},"inLanguage":"de","potentialAction":[{"@type":"ReadAction","target":["https:\/\/ocab.nl\/de\/led-beleuchtung-fuer-geschaefte\/"]}]},{"@type":"BreadcrumbList","@id":"https:\/\/ocab.nl\/de\/led-beleuchtung-fuer-geschaefte\/#breadcrumb","itemListElement":[{"@type":"ListItem","position":1,"name":"Home","item":"https:\/\/ocab.nl\/de\/startseite\/"},{"@type":"ListItem","position":2,"name":"LED-Beleuchtung f\u00fcr Gesch\u00e4fte"}]},{"@type":"WebSite","@id":"https:\/\/ocab.nl\/de\/#website","url":"https:\/\/ocab.nl\/de\/","name":"Ocab","description":"De specialist in lichtoplossingen","publisher":{"@id":"https:\/\/ocab.nl\/de\/#organization"},"potentialAction":[{"@type":"SearchAction","target":{"@type":"EntryPoint","urlTemplate":"https:\/\/ocab.nl\/de\/?s={search_term_string}"},"query-input":{"@type":"PropertyValueSpecification","valueRequired":true,"valueName":"search_term_string"}}],"inLanguage":"de"},{"@type":"Organization","@id":"https:\/\/ocab.nl\/de\/#organization","name":"OCAB","url":"https:\/\/ocab.nl\/de\/","logo":{"@type":"ImageObject","inLanguage":"de","@id":"https:\/\/ocab.nl\/de\/#\/schema\/logo\/image\/","url":"https:\/\/ocab.nl\/wp-content\/uploads\/2023\/07\/cropped-favicon.png","contentUrl":"https:\/\/ocab.nl\/wp-content\/uploads\/2023\/07\/cropped-favicon.png","width":512,"height":512,"caption":"OCAB"},"image":{"@id":"https:\/\/ocab.nl\/de\/#\/schema\/logo\/image\/"},"sameAs":["https:\/\/www.facebook.com\/ocabNL\/","https:\/\/x.com\/Ocablights","https:\/\/www.linkedin.com\/showcase\/ocab-nl\/","https:\/\/switchtron.nl\/"]}]}},"_links":{"self":[{"href":"https:\/\/ocab.nl\/de\/wp-json\/wp\/v2\/pages\/1882","targetHints":{"allow":["GET"]}}],"collection":[{"href":"https:\/\/ocab.nl\/de\/wp-json\/wp\/v2\/pages"}],"about":[{"href":"https:\/\/ocab.nl\/de\/wp-json\/wp\/v2\/types\/page"}],"author":[{"embeddable":true,"href":"https:\/\/ocab.nl\/de\/wp-json\/wp\/v2\/users\/3"}],"replies":[{"embeddable":true,"href":"https:\/\/ocab.nl\/de\/wp-json\/wp\/v2\/comments?post=1882"}],"version-history":[{"count":0,"href":"https:\/\/ocab.nl\/de\/wp-json\/wp\/v2\/pages\/1882\/revisions"}],"wp:attachment":[{"href":"https:\/\/ocab.nl\/de\/wp-json\/wp\/v2\/media?parent=1882"}],"curies":[{"name":"wp","href":"https:\/\/api.w.org\/{rel}","templated":true}]}}