{"id":1876,"date":"2022-12-02T14:51:50","date_gmt":"2022-12-02T14:51:50","guid":{"rendered":"https:\/\/ocab.flywheelsites.com\/stromschienen-leuchten\/"},"modified":"2023-11-20T15:11:15","modified_gmt":"2023-11-20T14:11:15","slug":"stromschienen-leuchten","status":"publish","type":"page","link":"https:\/\/ocab.nl\/de\/stromschienen-leuchten\/","title":{"rendered":"Stromschienen-Leuchten"},"content":{"rendered":"\n<p class=\"has-text-align-center\">Eine Stromschiene ist ein Schienensystem, bei dem Sie Strahler in einer Schiene montieren und dann an der gew\u00fcnschten Stelle aufh\u00e4ngen k\u00f6nnen. Laufschienen werden vor allem im Einzelhandel verwendet, zum Beispiel in Ausstellungsr\u00e4umen oder Gesch\u00e4ften. Wir bieten sowohl 1-phasige als auch 3-phasige Stromschienen an.<\/p>\n<div class=\"information\"><a class=\"btn\" href=\"https:\/\/ocab.nl\/contact\/\">Stellen Sie uns eine Frage<\/a><a class=\"btn btn-outline icon-phone\" href=\"tel:+31321328050\">+31 321 328 050<\/a><\/div>\n","protected":false},"excerpt":{"rendered":"<p>Eine Stromschiene ist ein Schienensystem, bei dem Sie Strahler in einer Schiene montieren und dann an der gew\u00fcnschten Stelle aufh\u00e4ngen k\u00f6nnen. Laufschienen werden vor allem im Einzelhandel verwendet, zum Beispiel in Ausstellungsr\u00e4umen oder Gesch\u00e4ften. Wir bieten sowohl 1-phasige als auch 3-phasige Stromschienen an.<\/p>\n","protected":false},"author":3,"featured_media":1540,"parent":0,"menu_order":0,"comment_status":"closed","ping_status":"closed","template":"template-lp.php","meta":{"_acf_changed":false,"inline_featured_image":false,"footnotes":""},"class_list":["post-1876","page","type-page","status-publish","has-post-thumbnail","hentry"],"acf":[],"yoast_head":"<!-- This site is optimized with the Yoast SEO plugin v27.2 - https:\/\/yoast.com\/product\/yoast-seo-wordpress\/ -->\n<title>Stromschienen-Leuchten | Ocab<\/title>\n<meta name=\"description\" content=\"Eine Stromschiene ist ein Schienensystem, bei dem Sie Strahler in einer Schiene montieren und dann an der gew\u00fcnschten Stelle aufh\u00e4ngen k\u00f6nnen.\" \/>\n<meta name=\"robots\" content=\"index, follow, max-snippet:-1, max-image-preview:large, max-video-preview:-1\" \/>\n<link rel=\"canonical\" href=\"https:\/\/ocab.nl\/de\/stromschienen-leuchten\/\" \/>\n<meta property=\"og:locale\" content=\"de_DE\" \/>\n<meta property=\"og:type\" content=\"article\" \/>\n<meta property=\"og:title\" content=\"Stromschienen-Leuchten | Ocab\" \/>\n<meta property=\"og:description\" content=\"Eine Stromschiene ist ein Schienensystem, bei dem Sie Strahler in einer Schiene montieren und dann an der gew\u00fcnschten Stelle aufh\u00e4ngen k\u00f6nnen.\" \/>\n<meta property=\"og:url\" content=\"https:\/\/ocab.nl\/de\/stromschienen-leuchten\/\" \/>\n<meta property=\"og:site_name\" content=\"Ocab\" \/>\n<meta property=\"article:publisher\" content=\"https:\/\/www.facebook.com\/ocabNL\/\" \/>\n<meta property=\"article:modified_time\" content=\"2023-11-20T14:11:15+00:00\" \/>\n<meta property=\"og:image\" content=\"https:\/\/ocab.nl\/wp-content\/uploads\/2022\/12\/ACPBiron-22-scaled.jpg\" \/>\n\t<meta property=\"og:image:width\" content=\"1707\" \/>\n\t<meta property=\"og:image:height\" content=\"2560\" \/>\n\t<meta property=\"og:image:type\" content=\"image\/jpeg\" \/>\n<meta name=\"twitter:card\" content=\"summary_large_image\" \/>\n<meta name=\"twitter:site\" content=\"@Ocablights\" \/>\n<script type=\"application\/ld+json\" class=\"yoast-schema-graph\">{\"@context\":\"https:\/\/schema.org\",\"@graph\":[{\"@type\":\"WebPage\",\"@id\":\"https:\/\/ocab.nl\/de\/stromschienen-leuchten\/\",\"url\":\"https:\/\/ocab.nl\/de\/stromschienen-leuchten\/\",\"name\":\"Stromschienen-Leuchten | Ocab\",\"isPartOf\":{\"@id\":\"https:\/\/ocab.nl\/de\/#website\"},\"primaryImageOfPage\":{\"@id\":\"https:\/\/ocab.nl\/de\/stromschienen-leuchten\/#primaryimage\"},\"image\":{\"@id\":\"https:\/\/ocab.nl\/de\/stromschienen-leuchten\/#primaryimage\"},\"thumbnailUrl\":\"https:\/\/ocab.nl\/wp-content\/uploads\/2022\/12\/ACPBiron-22-scaled.jpg\",\"datePublished\":\"2022-12-02T14:51:50+00:00\",\"dateModified\":\"2023-11-20T14:11:15+00:00\",\"description\":\"Eine Stromschiene ist ein Schienensystem, bei dem Sie Strahler in einer Schiene montieren und dann an der gew\u00fcnschten Stelle aufh\u00e4ngen k\u00f6nnen.\",\"breadcrumb\":{\"@id\":\"https:\/\/ocab.nl\/de\/stromschienen-leuchten\/#breadcrumb\"},\"inLanguage\":\"de\",\"potentialAction\":[{\"@type\":\"ReadAction\",\"target\":[\"https:\/\/ocab.nl\/de\/stromschienen-leuchten\/\"]}]},{\"@type\":\"ImageObject\",\"inLanguage\":\"de\",\"@id\":\"https:\/\/ocab.nl\/de\/stromschienen-leuchten\/#primaryimage\",\"url\":\"https:\/\/ocab.nl\/wp-content\/uploads\/2022\/12\/ACPBiron-22-scaled.jpg\",\"contentUrl\":\"https:\/\/ocab.nl\/wp-content\/uploads\/2022\/12\/ACPBiron-22-scaled.jpg\",\"width\":1707,\"height\":2560},{\"@type\":\"BreadcrumbList\",\"@id\":\"https:\/\/ocab.nl\/de\/stromschienen-leuchten\/#breadcrumb\",\"itemListElement\":[{\"@type\":\"ListItem\",\"position\":1,\"name\":\"Home\",\"item\":\"https:\/\/ocab.nl\/de\/startseite\/\"},{\"@type\":\"ListItem\",\"position\":2,\"name\":\"Stromschienen-Leuchten\"}]},{\"@type\":\"WebSite\",\"@id\":\"https:\/\/ocab.nl\/de\/#website\",\"url\":\"https:\/\/ocab.nl\/de\/\",\"name\":\"Ocab\",\"description\":\"De specialist in lichtoplossingen\",\"publisher\":{\"@id\":\"https:\/\/ocab.nl\/de\/#organization\"},\"potentialAction\":[{\"@type\":\"SearchAction\",\"target\":{\"@type\":\"EntryPoint\",\"urlTemplate\":\"https:\/\/ocab.nl\/de\/?s={search_term_string}\"},\"query-input\":{\"@type\":\"PropertyValueSpecification\",\"valueRequired\":true,\"valueName\":\"search_term_string\"}}],\"inLanguage\":\"de\"},{\"@type\":\"Organization\",\"@id\":\"https:\/\/ocab.nl\/de\/#organization\",\"name\":\"OCAB\",\"url\":\"https:\/\/ocab.nl\/de\/\",\"logo\":{\"@type\":\"ImageObject\",\"inLanguage\":\"de\",\"@id\":\"https:\/\/ocab.nl\/de\/#\/schema\/logo\/image\/\",\"url\":\"https:\/\/ocab.nl\/wp-content\/uploads\/2023\/07\/cropped-favicon.png\",\"contentUrl\":\"https:\/\/ocab.nl\/wp-content\/uploads\/2023\/07\/cropped-favicon.png\",\"width\":512,\"height\":512,\"caption\":\"OCAB\"},\"image\":{\"@id\":\"https:\/\/ocab.nl\/de\/#\/schema\/logo\/image\/\"},\"sameAs\":[\"https:\/\/www.facebook.com\/ocabNL\/\",\"https:\/\/x.com\/Ocablights\",\"https:\/\/www.linkedin.com\/showcase\/ocab-nl\/\",\"https:\/\/switchtron.nl\/\"]}]}<\/script>\n<!-- \/ Yoast SEO plugin. -->","yoast_head_json":{"title":"Stromschienen-Leuchten | Ocab","description":"Eine Stromschiene ist ein Schienensystem, bei dem Sie Strahler in einer Schiene montieren und dann an der gew\u00fcnschten Stelle aufh\u00e4ngen k\u00f6nnen.","robots":{"index":"index","follow":"follow","max-snippet":"max-snippet:-1","max-image-preview":"max-image-preview:large","max-video-preview":"max-video-preview:-1"},"canonical":"https:\/\/ocab.nl\/de\/stromschienen-leuchten\/","og_locale":"de_DE","og_type":"article","og_title":"Stromschienen-Leuchten | Ocab","og_description":"Eine Stromschiene ist ein Schienensystem, bei dem Sie Strahler in einer Schiene montieren und dann an der gew\u00fcnschten Stelle aufh\u00e4ngen k\u00f6nnen.","og_url":"https:\/\/ocab.nl\/de\/stromschienen-leuchten\/","og_site_name":"Ocab","article_publisher":"https:\/\/www.facebook.com\/ocabNL\/","article_modified_time":"2023-11-20T14:11:15+00:00","og_image":[{"width":1707,"height":2560,"url":"https:\/\/ocab.nl\/wp-content\/uploads\/2022\/12\/ACPBiron-22-scaled.jpg","type":"image\/jpeg"}],"twitter_card":"summary_large_image","twitter_site":"@Ocablights","schema":{"@context":"https:\/\/schema.org","@graph":[{"@type":"WebPage","@id":"https:\/\/ocab.nl\/de\/stromschienen-leuchten\/","url":"https:\/\/ocab.nl\/de\/stromschienen-leuchten\/","name":"Stromschienen-Leuchten | Ocab","isPartOf":{"@id":"https:\/\/ocab.nl\/de\/#website"},"primaryImageOfPage":{"@id":"https:\/\/ocab.nl\/de\/stromschienen-leuchten\/#primaryimage"},"image":{"@id":"https:\/\/ocab.nl\/de\/stromschienen-leuchten\/#primaryimage"},"thumbnailUrl":"https:\/\/ocab.nl\/wp-content\/uploads\/2022\/12\/ACPBiron-22-scaled.jpg","datePublished":"2022-12-02T14:51:50+00:00","dateModified":"2023-11-20T14:11:15+00:00","description":"Eine Stromschiene ist ein Schienensystem, bei dem Sie Strahler in einer Schiene montieren und dann an der gew\u00fcnschten Stelle aufh\u00e4ngen k\u00f6nnen.","breadcrumb":{"@id":"https:\/\/ocab.nl\/de\/stromschienen-leuchten\/#breadcrumb"},"inLanguage":"de","potentialAction":[{"@type":"ReadAction","target":["https:\/\/ocab.nl\/de\/stromschienen-leuchten\/"]}]},{"@type":"ImageObject","inLanguage":"de","@id":"https:\/\/ocab.nl\/de\/stromschienen-leuchten\/#primaryimage","url":"https:\/\/ocab.nl\/wp-content\/uploads\/2022\/12\/ACPBiron-22-scaled.jpg","contentUrl":"https:\/\/ocab.nl\/wp-content\/uploads\/2022\/12\/ACPBiron-22-scaled.jpg","width":1707,"height":2560},{"@type":"BreadcrumbList","@id":"https:\/\/ocab.nl\/de\/stromschienen-leuchten\/#breadcrumb","itemListElement":[{"@type":"ListItem","position":1,"name":"Home","item":"https:\/\/ocab.nl\/de\/startseite\/"},{"@type":"ListItem","position":2,"name":"Stromschienen-Leuchten"}]},{"@type":"WebSite","@id":"https:\/\/ocab.nl\/de\/#website","url":"https:\/\/ocab.nl\/de\/","name":"Ocab","description":"De specialist in lichtoplossingen","publisher":{"@id":"https:\/\/ocab.nl\/de\/#organization"},"potentialAction":[{"@type":"SearchAction","target":{"@type":"EntryPoint","urlTemplate":"https:\/\/ocab.nl\/de\/?s={search_term_string}"},"query-input":{"@type":"PropertyValueSpecification","valueRequired":true,"valueName":"search_term_string"}}],"inLanguage":"de"},{"@type":"Organization","@id":"https:\/\/ocab.nl\/de\/#organization","name":"OCAB","url":"https:\/\/ocab.nl\/de\/","logo":{"@type":"ImageObject","inLanguage":"de","@id":"https:\/\/ocab.nl\/de\/#\/schema\/logo\/image\/","url":"https:\/\/ocab.nl\/wp-content\/uploads\/2023\/07\/cropped-favicon.png","contentUrl":"https:\/\/ocab.nl\/wp-content\/uploads\/2023\/07\/cropped-favicon.png","width":512,"height":512,"caption":"OCAB"},"image":{"@id":"https:\/\/ocab.nl\/de\/#\/schema\/logo\/image\/"},"sameAs":["https:\/\/www.facebook.com\/ocabNL\/","https:\/\/x.com\/Ocablights","https:\/\/www.linkedin.com\/showcase\/ocab-nl\/","https:\/\/switchtron.nl\/"]}]}},"_links":{"self":[{"href":"https:\/\/ocab.nl\/de\/wp-json\/wp\/v2\/pages\/1876","targetHints":{"allow":["GET"]}}],"collection":[{"href":"https:\/\/ocab.nl\/de\/wp-json\/wp\/v2\/pages"}],"about":[{"href":"https:\/\/ocab.nl\/de\/wp-json\/wp\/v2\/types\/page"}],"author":[{"embeddable":true,"href":"https:\/\/ocab.nl\/de\/wp-json\/wp\/v2\/users\/3"}],"replies":[{"embeddable":true,"href":"https:\/\/ocab.nl\/de\/wp-json\/wp\/v2\/comments?post=1876"}],"version-history":[{"count":0,"href":"https:\/\/ocab.nl\/de\/wp-json\/wp\/v2\/pages\/1876\/revisions"}],"wp:featuredmedia":[{"embeddable":true,"href":"https:\/\/ocab.nl\/de\/wp-json\/wp\/v2\/media\/1540"}],"wp:attachment":[{"href":"https:\/\/ocab.nl\/de\/wp-json\/wp\/v2\/media?parent=1876"}],"curies":[{"name":"wp","href":"https:\/\/api.w.org\/{rel}","templated":true}]}}