{"id":1874,"date":"2022-12-02T13:37:22","date_gmt":"2022-12-02T12:37:22","guid":{"rendered":"https:\/\/ocab.flywheelsites.com\/schlagfeste-leuchten\/"},"modified":"2024-04-10T09:18:03","modified_gmt":"2024-04-10T07:18:03","slug":"schlagfeste-leuchten","status":"publish","type":"page","link":"https:\/\/ocab.nl\/de\/schlagfeste-leuchten\/","title":{"rendered":"Schlagfeste Leuchten"},"content":{"rendered":"\n<p class=\"has-text-align-center\">Sto\u00dffeste Leuchten eignen sich f\u00fcr Umgebungen, in denen Vandalismus h\u00e4ufig vorkommt oder in denen die Leuchten m\u00f6glicherweise schnell besch\u00e4digt werden k\u00f6nnen. Es ist sowohl f\u00fcr den Innen- als auch f\u00fcr den Au\u00dfenbereich geeignet und so robust, dass es selbst bei gro\u00dfem Kraftaufwand kaum zu brechen ist. Die sto\u00dffeste Abdeckung sch\u00fctzt die Beleuchtung vor unerw\u00fcnschten Sch\u00e4den. Eine perfekte L\u00f6sung f\u00fcr viele \u00f6ffentliche Pl\u00e4tze! Wenden Sie sich an uns, um den besten Schutz f\u00fcr Ihre Beleuchtung zu finden.<\/p>\n<div class=\"information\"><a class=\"btn\" href=\"https:\/\/ocab.nl\/contact\/\">Stellen Sie uns eine Frage<\/a><a class=\"btn btn-outline icon-phone\" href=\"tel:+31321328050\">+31 321 328 050<\/a><\/div>\n","protected":false},"excerpt":{"rendered":"<p>Sto\u00dffeste Leuchten eignen sich f\u00fcr Umgebungen, in denen Vandalismus h\u00e4ufig vorkommt oder in denen die Leuchten m\u00f6glicherweise schnell besch\u00e4digt werden k\u00f6nnen. Es ist sowohl f\u00fcr den Innen- als auch f\u00fcr den Au\u00dfenbereich geeignet und so robust, dass es selbst bei gro\u00dfem Kraftaufwand kaum zu brechen ist. Die sto\u00dffeste Abdeckung sch\u00fctzt die Beleuchtung vor unerw\u00fcnschten Sch\u00e4den. [&hellip;]<\/p>\n","protected":false},"author":3,"featured_media":0,"parent":0,"menu_order":0,"comment_status":"closed","ping_status":"closed","template":"template-lp.php","meta":{"_acf_changed":false,"inline_featured_image":false,"footnotes":""},"class_list":["post-1874","page","type-page","status-publish","hentry"],"acf":[],"yoast_head":"<!-- This site is optimized with the Yoast SEO plugin v27.2 - https:\/\/yoast.com\/product\/yoast-seo-wordpress\/ -->\n<title>Schlagfeste Leuchten | Ocab<\/title>\n<meta name=\"description\" content=\"Sto\u00dffeste Leuchten eignen sich f\u00fcr Umgebungen, in denen Vandalismus \u00fcblich ist oder in denen die Leuchten leicht besch\u00e4digt werden k\u00f6nnen.\" \/>\n<meta name=\"robots\" content=\"index, follow, max-snippet:-1, max-image-preview:large, max-video-preview:-1\" \/>\n<link rel=\"canonical\" href=\"https:\/\/ocab.nl\/de\/schlagfeste-leuchten\/\" \/>\n<meta property=\"og:locale\" content=\"de_DE\" \/>\n<meta property=\"og:type\" content=\"article\" \/>\n<meta property=\"og:title\" content=\"Schlagfeste Leuchten | Ocab\" \/>\n<meta property=\"og:description\" content=\"Sto\u00dffeste Leuchten eignen sich f\u00fcr Umgebungen, in denen Vandalismus \u00fcblich ist oder in denen die Leuchten leicht besch\u00e4digt werden k\u00f6nnen.\" \/>\n<meta property=\"og:url\" content=\"https:\/\/ocab.nl\/de\/schlagfeste-leuchten\/\" \/>\n<meta property=\"og:site_name\" content=\"Ocab\" \/>\n<meta property=\"article:publisher\" content=\"https:\/\/www.facebook.com\/ocabNL\/\" \/>\n<meta property=\"article:modified_time\" content=\"2024-04-10T07:18:03+00:00\" \/>\n<meta property=\"og:image\" content=\"https:\/\/ocab.nl\/wp-content\/uploads\/2023\/07\/favicon.png\" \/>\n\t<meta property=\"og:image:width\" content=\"512\" \/>\n\t<meta property=\"og:image:height\" content=\"512\" \/>\n\t<meta property=\"og:image:type\" content=\"image\/png\" \/>\n<meta name=\"twitter:card\" content=\"summary_large_image\" \/>\n<meta name=\"twitter:site\" content=\"@Ocablights\" \/>\n<script type=\"application\/ld+json\" class=\"yoast-schema-graph\">{\"@context\":\"https:\/\/schema.org\",\"@graph\":[{\"@type\":\"WebPage\",\"@id\":\"https:\/\/ocab.nl\/de\/schlagfeste-leuchten\/\",\"url\":\"https:\/\/ocab.nl\/de\/schlagfeste-leuchten\/\",\"name\":\"Schlagfeste Leuchten | Ocab\",\"isPartOf\":{\"@id\":\"https:\/\/ocab.nl\/de\/#website\"},\"datePublished\":\"2022-12-02T12:37:22+00:00\",\"dateModified\":\"2024-04-10T07:18:03+00:00\",\"description\":\"Sto\u00dffeste Leuchten eignen sich f\u00fcr Umgebungen, in denen Vandalismus \u00fcblich ist oder in denen die Leuchten leicht besch\u00e4digt werden k\u00f6nnen.\",\"breadcrumb\":{\"@id\":\"https:\/\/ocab.nl\/de\/schlagfeste-leuchten\/#breadcrumb\"},\"inLanguage\":\"de\",\"potentialAction\":[{\"@type\":\"ReadAction\",\"target\":[\"https:\/\/ocab.nl\/de\/schlagfeste-leuchten\/\"]}]},{\"@type\":\"BreadcrumbList\",\"@id\":\"https:\/\/ocab.nl\/de\/schlagfeste-leuchten\/#breadcrumb\",\"itemListElement\":[{\"@type\":\"ListItem\",\"position\":1,\"name\":\"Home\",\"item\":\"https:\/\/ocab.nl\/de\/startseite\/\"},{\"@type\":\"ListItem\",\"position\":2,\"name\":\"Schlagfeste Leuchten\"}]},{\"@type\":\"WebSite\",\"@id\":\"https:\/\/ocab.nl\/de\/#website\",\"url\":\"https:\/\/ocab.nl\/de\/\",\"name\":\"Ocab\",\"description\":\"De specialist in lichtoplossingen\",\"publisher\":{\"@id\":\"https:\/\/ocab.nl\/de\/#organization\"},\"potentialAction\":[{\"@type\":\"SearchAction\",\"target\":{\"@type\":\"EntryPoint\",\"urlTemplate\":\"https:\/\/ocab.nl\/de\/?s={search_term_string}\"},\"query-input\":{\"@type\":\"PropertyValueSpecification\",\"valueRequired\":true,\"valueName\":\"search_term_string\"}}],\"inLanguage\":\"de\"},{\"@type\":\"Organization\",\"@id\":\"https:\/\/ocab.nl\/de\/#organization\",\"name\":\"OCAB\",\"url\":\"https:\/\/ocab.nl\/de\/\",\"logo\":{\"@type\":\"ImageObject\",\"inLanguage\":\"de\",\"@id\":\"https:\/\/ocab.nl\/de\/#\/schema\/logo\/image\/\",\"url\":\"https:\/\/ocab.nl\/wp-content\/uploads\/2023\/07\/cropped-favicon.png\",\"contentUrl\":\"https:\/\/ocab.nl\/wp-content\/uploads\/2023\/07\/cropped-favicon.png\",\"width\":512,\"height\":512,\"caption\":\"OCAB\"},\"image\":{\"@id\":\"https:\/\/ocab.nl\/de\/#\/schema\/logo\/image\/\"},\"sameAs\":[\"https:\/\/www.facebook.com\/ocabNL\/\",\"https:\/\/x.com\/Ocablights\",\"https:\/\/www.linkedin.com\/showcase\/ocab-nl\/\",\"https:\/\/switchtron.nl\/\"]}]}<\/script>\n<!-- \/ Yoast SEO plugin. -->","yoast_head_json":{"title":"Schlagfeste Leuchten | Ocab","description":"Sto\u00dffeste Leuchten eignen sich f\u00fcr Umgebungen, in denen Vandalismus \u00fcblich ist oder in denen die Leuchten leicht besch\u00e4digt werden k\u00f6nnen.","robots":{"index":"index","follow":"follow","max-snippet":"max-snippet:-1","max-image-preview":"max-image-preview:large","max-video-preview":"max-video-preview:-1"},"canonical":"https:\/\/ocab.nl\/de\/schlagfeste-leuchten\/","og_locale":"de_DE","og_type":"article","og_title":"Schlagfeste Leuchten | Ocab","og_description":"Sto\u00dffeste Leuchten eignen sich f\u00fcr Umgebungen, in denen Vandalismus \u00fcblich ist oder in denen die Leuchten leicht besch\u00e4digt werden k\u00f6nnen.","og_url":"https:\/\/ocab.nl\/de\/schlagfeste-leuchten\/","og_site_name":"Ocab","article_publisher":"https:\/\/www.facebook.com\/ocabNL\/","article_modified_time":"2024-04-10T07:18:03+00:00","og_image":[{"width":512,"height":512,"url":"https:\/\/ocab.nl\/wp-content\/uploads\/2023\/07\/favicon.png","type":"image\/png"}],"twitter_card":"summary_large_image","twitter_site":"@Ocablights","schema":{"@context":"https:\/\/schema.org","@graph":[{"@type":"WebPage","@id":"https:\/\/ocab.nl\/de\/schlagfeste-leuchten\/","url":"https:\/\/ocab.nl\/de\/schlagfeste-leuchten\/","name":"Schlagfeste Leuchten | Ocab","isPartOf":{"@id":"https:\/\/ocab.nl\/de\/#website"},"datePublished":"2022-12-02T12:37:22+00:00","dateModified":"2024-04-10T07:18:03+00:00","description":"Sto\u00dffeste Leuchten eignen sich f\u00fcr Umgebungen, in denen Vandalismus \u00fcblich ist oder in denen die Leuchten leicht besch\u00e4digt werden k\u00f6nnen.","breadcrumb":{"@id":"https:\/\/ocab.nl\/de\/schlagfeste-leuchten\/#breadcrumb"},"inLanguage":"de","potentialAction":[{"@type":"ReadAction","target":["https:\/\/ocab.nl\/de\/schlagfeste-leuchten\/"]}]},{"@type":"BreadcrumbList","@id":"https:\/\/ocab.nl\/de\/schlagfeste-leuchten\/#breadcrumb","itemListElement":[{"@type":"ListItem","position":1,"name":"Home","item":"https:\/\/ocab.nl\/de\/startseite\/"},{"@type":"ListItem","position":2,"name":"Schlagfeste Leuchten"}]},{"@type":"WebSite","@id":"https:\/\/ocab.nl\/de\/#website","url":"https:\/\/ocab.nl\/de\/","name":"Ocab","description":"De specialist in lichtoplossingen","publisher":{"@id":"https:\/\/ocab.nl\/de\/#organization"},"potentialAction":[{"@type":"SearchAction","target":{"@type":"EntryPoint","urlTemplate":"https:\/\/ocab.nl\/de\/?s={search_term_string}"},"query-input":{"@type":"PropertyValueSpecification","valueRequired":true,"valueName":"search_term_string"}}],"inLanguage":"de"},{"@type":"Organization","@id":"https:\/\/ocab.nl\/de\/#organization","name":"OCAB","url":"https:\/\/ocab.nl\/de\/","logo":{"@type":"ImageObject","inLanguage":"de","@id":"https:\/\/ocab.nl\/de\/#\/schema\/logo\/image\/","url":"https:\/\/ocab.nl\/wp-content\/uploads\/2023\/07\/cropped-favicon.png","contentUrl":"https:\/\/ocab.nl\/wp-content\/uploads\/2023\/07\/cropped-favicon.png","width":512,"height":512,"caption":"OCAB"},"image":{"@id":"https:\/\/ocab.nl\/de\/#\/schema\/logo\/image\/"},"sameAs":["https:\/\/www.facebook.com\/ocabNL\/","https:\/\/x.com\/Ocablights","https:\/\/www.linkedin.com\/showcase\/ocab-nl\/","https:\/\/switchtron.nl\/"]}]}},"_links":{"self":[{"href":"https:\/\/ocab.nl\/de\/wp-json\/wp\/v2\/pages\/1874","targetHints":{"allow":["GET"]}}],"collection":[{"href":"https:\/\/ocab.nl\/de\/wp-json\/wp\/v2\/pages"}],"about":[{"href":"https:\/\/ocab.nl\/de\/wp-json\/wp\/v2\/types\/page"}],"author":[{"embeddable":true,"href":"https:\/\/ocab.nl\/de\/wp-json\/wp\/v2\/users\/3"}],"replies":[{"embeddable":true,"href":"https:\/\/ocab.nl\/de\/wp-json\/wp\/v2\/comments?post=1874"}],"version-history":[{"count":0,"href":"https:\/\/ocab.nl\/de\/wp-json\/wp\/v2\/pages\/1874\/revisions"}],"wp:attachment":[{"href":"https:\/\/ocab.nl\/de\/wp-json\/wp\/v2\/media?parent=1874"}],"curies":[{"name":"wp","href":"https:\/\/api.w.org\/{rel}","templated":true}]}}