{"id":1835,"date":"2022-09-05T09:29:41","date_gmt":"2022-09-05T07:29:41","guid":{"rendered":"https:\/\/ocab.flywheelsites.com\/beleuchtung-im-gastgewerbe\/"},"modified":"2024-04-10T09:06:14","modified_gmt":"2024-04-10T07:06:14","slug":"beleuchtung-im-gastgewerbe","status":"publish","type":"page","link":"https:\/\/ocab.nl\/de\/beleuchtung-im-gastgewerbe\/","title":{"rendered":"Beleuchtung im Gastgewerbe"},"content":{"rendered":"\n<p class=\"has-text-align-center\">Die Beleuchtung kann die Atmosph\u00e4re in Ihrem Gastronomiebetrieb ausmachen oder zerst\u00f6ren. Ihre G\u00e4ste nehmen das Ambiente des Raumes bereits beim ersten Schritt \u00fcber die Schwelle wahr, daher ist es wichtig, auf den ersten Eindruck gut zu reagieren. Es ist auch gut zu ber\u00fccksichtigen, welche Art von Erlebnis Sie dem Gast vermitteln wollen und wie dies in den Beleuchtungsplan einflie\u00dft, den wir f\u00fcr Sie erstellen. Bitte kontaktieren Sie uns f\u00fcr Hospitality LED-Beleuchtung.<\/p>\n<div class=\"information\"><a class=\"btn\" href=\"https:\/\/ocab.nl\/contact\/\">Stellen Sie uns eine Frage<\/a><a class=\"btn btn-outline icon-phone\" href=\"tel:+31321328050\">+31 321 328 050<\/a><\/div>\n","protected":false},"excerpt":{"rendered":"<p>Die Beleuchtung kann die Atmosph\u00e4re in Ihrem Gastronomiebetrieb ausmachen oder zerst\u00f6ren. Ihre G\u00e4ste nehmen das Ambiente des Raumes bereits beim ersten Schritt \u00fcber die Schwelle wahr, daher ist es wichtig, auf den ersten Eindruck gut zu reagieren. Es ist auch gut zu ber\u00fccksichtigen, welche Art von Erlebnis Sie dem Gast vermitteln wollen und wie dies [&hellip;]<\/p>\n","protected":false},"author":3,"featured_media":1755,"parent":0,"menu_order":0,"comment_status":"closed","ping_status":"closed","template":"template-lp.php","meta":{"_acf_changed":false,"inline_featured_image":false,"footnotes":""},"class_list":["post-1835","page","type-page","status-publish","has-post-thumbnail","hentry"],"acf":[],"yoast_head":"<!-- This site is optimized with the Yoast SEO plugin v27.2 - https:\/\/yoast.com\/product\/yoast-seo-wordpress\/ -->\n<title>Beleuchtung im Gastgewerbe | Ocab<\/title>\n<meta name=\"description\" content=\"Die Beleuchtung kann die Atmosph\u00e4re in Ihrem Gastronomiebetrieb ausmachen oder zerst\u00f6ren. Mit einem ma\u00dfgeschneiderten Beleuchtungsplan k\u00f6nnen Sie die Atmosph\u00e4re vollst\u00e4ndig steuern.\" \/>\n<meta name=\"robots\" content=\"index, follow, max-snippet:-1, max-image-preview:large, max-video-preview:-1\" \/>\n<link rel=\"canonical\" href=\"https:\/\/ocab.nl\/de\/beleuchtung-im-gastgewerbe\/\" \/>\n<meta property=\"og:locale\" content=\"de_DE\" \/>\n<meta property=\"og:type\" content=\"article\" \/>\n<meta property=\"og:title\" content=\"Beleuchtung im Gastgewerbe | Ocab\" \/>\n<meta property=\"og:description\" content=\"Die Beleuchtung kann die Atmosph\u00e4re in Ihrem Gastronomiebetrieb ausmachen oder zerst\u00f6ren. Mit einem ma\u00dfgeschneiderten Beleuchtungsplan k\u00f6nnen Sie die Atmosph\u00e4re vollst\u00e4ndig steuern.\" \/>\n<meta property=\"og:url\" content=\"https:\/\/ocab.nl\/de\/beleuchtung-im-gastgewerbe\/\" \/>\n<meta property=\"og:site_name\" content=\"Ocab\" \/>\n<meta property=\"article:publisher\" content=\"https:\/\/www.facebook.com\/ocabNL\/\" \/>\n<meta property=\"article:modified_time\" content=\"2024-04-10T07:06:14+00:00\" \/>\n<meta property=\"og:image\" content=\"https:\/\/ocab.nl\/wp-content\/uploads\/2023\/06\/DSC05602_LowRes.jpg\" \/>\n\t<meta property=\"og:image:width\" content=\"2500\" \/>\n\t<meta property=\"og:image:height\" content=\"1667\" \/>\n\t<meta property=\"og:image:type\" content=\"image\/jpeg\" \/>\n<meta name=\"twitter:card\" content=\"summary_large_image\" \/>\n<meta name=\"twitter:site\" content=\"@Ocablights\" \/>\n<script type=\"application\/ld+json\" class=\"yoast-schema-graph\">{\"@context\":\"https:\/\/schema.org\",\"@graph\":[{\"@type\":\"WebPage\",\"@id\":\"https:\/\/ocab.nl\/de\/beleuchtung-im-gastgewerbe\/\",\"url\":\"https:\/\/ocab.nl\/de\/beleuchtung-im-gastgewerbe\/\",\"name\":\"Beleuchtung im Gastgewerbe | Ocab\",\"isPartOf\":{\"@id\":\"https:\/\/ocab.nl\/de\/#website\"},\"primaryImageOfPage\":{\"@id\":\"https:\/\/ocab.nl\/de\/beleuchtung-im-gastgewerbe\/#primaryimage\"},\"image\":{\"@id\":\"https:\/\/ocab.nl\/de\/beleuchtung-im-gastgewerbe\/#primaryimage\"},\"thumbnailUrl\":\"https:\/\/ocab.nl\/wp-content\/uploads\/2023\/06\/DSC05602_LowRes.jpg\",\"datePublished\":\"2022-09-05T07:29:41+00:00\",\"dateModified\":\"2024-04-10T07:06:14+00:00\",\"description\":\"Die Beleuchtung kann die Atmosph\u00e4re in Ihrem Gastronomiebetrieb ausmachen oder zerst\u00f6ren. Mit einem ma\u00dfgeschneiderten Beleuchtungsplan k\u00f6nnen Sie die Atmosph\u00e4re vollst\u00e4ndig steuern.\",\"breadcrumb\":{\"@id\":\"https:\/\/ocab.nl\/de\/beleuchtung-im-gastgewerbe\/#breadcrumb\"},\"inLanguage\":\"de\",\"potentialAction\":[{\"@type\":\"ReadAction\",\"target\":[\"https:\/\/ocab.nl\/de\/beleuchtung-im-gastgewerbe\/\"]}]},{\"@type\":\"ImageObject\",\"inLanguage\":\"de\",\"@id\":\"https:\/\/ocab.nl\/de\/beleuchtung-im-gastgewerbe\/#primaryimage\",\"url\":\"https:\/\/ocab.nl\/wp-content\/uploads\/2023\/06\/DSC05602_LowRes.jpg\",\"contentUrl\":\"https:\/\/ocab.nl\/wp-content\/uploads\/2023\/06\/DSC05602_LowRes.jpg\",\"width\":2500,\"height\":1667},{\"@type\":\"BreadcrumbList\",\"@id\":\"https:\/\/ocab.nl\/de\/beleuchtung-im-gastgewerbe\/#breadcrumb\",\"itemListElement\":[{\"@type\":\"ListItem\",\"position\":1,\"name\":\"Home\",\"item\":\"https:\/\/ocab.nl\/de\/startseite\/\"},{\"@type\":\"ListItem\",\"position\":2,\"name\":\"Beleuchtung im Gastgewerbe\"}]},{\"@type\":\"WebSite\",\"@id\":\"https:\/\/ocab.nl\/de\/#website\",\"url\":\"https:\/\/ocab.nl\/de\/\",\"name\":\"Ocab\",\"description\":\"De specialist in lichtoplossingen\",\"publisher\":{\"@id\":\"https:\/\/ocab.nl\/de\/#organization\"},\"potentialAction\":[{\"@type\":\"SearchAction\",\"target\":{\"@type\":\"EntryPoint\",\"urlTemplate\":\"https:\/\/ocab.nl\/de\/?s={search_term_string}\"},\"query-input\":{\"@type\":\"PropertyValueSpecification\",\"valueRequired\":true,\"valueName\":\"search_term_string\"}}],\"inLanguage\":\"de\"},{\"@type\":\"Organization\",\"@id\":\"https:\/\/ocab.nl\/de\/#organization\",\"name\":\"OCAB\",\"url\":\"https:\/\/ocab.nl\/de\/\",\"logo\":{\"@type\":\"ImageObject\",\"inLanguage\":\"de\",\"@id\":\"https:\/\/ocab.nl\/de\/#\/schema\/logo\/image\/\",\"url\":\"https:\/\/ocab.nl\/wp-content\/uploads\/2023\/07\/cropped-favicon.png\",\"contentUrl\":\"https:\/\/ocab.nl\/wp-content\/uploads\/2023\/07\/cropped-favicon.png\",\"width\":512,\"height\":512,\"caption\":\"OCAB\"},\"image\":{\"@id\":\"https:\/\/ocab.nl\/de\/#\/schema\/logo\/image\/\"},\"sameAs\":[\"https:\/\/www.facebook.com\/ocabNL\/\",\"https:\/\/x.com\/Ocablights\",\"https:\/\/www.linkedin.com\/showcase\/ocab-nl\/\",\"https:\/\/switchtron.nl\/\"]}]}<\/script>\n<!-- \/ Yoast SEO plugin. -->","yoast_head_json":{"title":"Beleuchtung im Gastgewerbe | Ocab","description":"Die Beleuchtung kann die Atmosph\u00e4re in Ihrem Gastronomiebetrieb ausmachen oder zerst\u00f6ren. Mit einem ma\u00dfgeschneiderten Beleuchtungsplan k\u00f6nnen Sie die Atmosph\u00e4re vollst\u00e4ndig steuern.","robots":{"index":"index","follow":"follow","max-snippet":"max-snippet:-1","max-image-preview":"max-image-preview:large","max-video-preview":"max-video-preview:-1"},"canonical":"https:\/\/ocab.nl\/de\/beleuchtung-im-gastgewerbe\/","og_locale":"de_DE","og_type":"article","og_title":"Beleuchtung im Gastgewerbe | Ocab","og_description":"Die Beleuchtung kann die Atmosph\u00e4re in Ihrem Gastronomiebetrieb ausmachen oder zerst\u00f6ren. Mit einem ma\u00dfgeschneiderten Beleuchtungsplan k\u00f6nnen Sie die Atmosph\u00e4re vollst\u00e4ndig steuern.","og_url":"https:\/\/ocab.nl\/de\/beleuchtung-im-gastgewerbe\/","og_site_name":"Ocab","article_publisher":"https:\/\/www.facebook.com\/ocabNL\/","article_modified_time":"2024-04-10T07:06:14+00:00","og_image":[{"width":2500,"height":1667,"url":"https:\/\/ocab.nl\/wp-content\/uploads\/2023\/06\/DSC05602_LowRes.jpg","type":"image\/jpeg"}],"twitter_card":"summary_large_image","twitter_site":"@Ocablights","schema":{"@context":"https:\/\/schema.org","@graph":[{"@type":"WebPage","@id":"https:\/\/ocab.nl\/de\/beleuchtung-im-gastgewerbe\/","url":"https:\/\/ocab.nl\/de\/beleuchtung-im-gastgewerbe\/","name":"Beleuchtung im Gastgewerbe | Ocab","isPartOf":{"@id":"https:\/\/ocab.nl\/de\/#website"},"primaryImageOfPage":{"@id":"https:\/\/ocab.nl\/de\/beleuchtung-im-gastgewerbe\/#primaryimage"},"image":{"@id":"https:\/\/ocab.nl\/de\/beleuchtung-im-gastgewerbe\/#primaryimage"},"thumbnailUrl":"https:\/\/ocab.nl\/wp-content\/uploads\/2023\/06\/DSC05602_LowRes.jpg","datePublished":"2022-09-05T07:29:41+00:00","dateModified":"2024-04-10T07:06:14+00:00","description":"Die Beleuchtung kann die Atmosph\u00e4re in Ihrem Gastronomiebetrieb ausmachen oder zerst\u00f6ren. Mit einem ma\u00dfgeschneiderten Beleuchtungsplan k\u00f6nnen Sie die Atmosph\u00e4re vollst\u00e4ndig steuern.","breadcrumb":{"@id":"https:\/\/ocab.nl\/de\/beleuchtung-im-gastgewerbe\/#breadcrumb"},"inLanguage":"de","potentialAction":[{"@type":"ReadAction","target":["https:\/\/ocab.nl\/de\/beleuchtung-im-gastgewerbe\/"]}]},{"@type":"ImageObject","inLanguage":"de","@id":"https:\/\/ocab.nl\/de\/beleuchtung-im-gastgewerbe\/#primaryimage","url":"https:\/\/ocab.nl\/wp-content\/uploads\/2023\/06\/DSC05602_LowRes.jpg","contentUrl":"https:\/\/ocab.nl\/wp-content\/uploads\/2023\/06\/DSC05602_LowRes.jpg","width":2500,"height":1667},{"@type":"BreadcrumbList","@id":"https:\/\/ocab.nl\/de\/beleuchtung-im-gastgewerbe\/#breadcrumb","itemListElement":[{"@type":"ListItem","position":1,"name":"Home","item":"https:\/\/ocab.nl\/de\/startseite\/"},{"@type":"ListItem","position":2,"name":"Beleuchtung im Gastgewerbe"}]},{"@type":"WebSite","@id":"https:\/\/ocab.nl\/de\/#website","url":"https:\/\/ocab.nl\/de\/","name":"Ocab","description":"De specialist in lichtoplossingen","publisher":{"@id":"https:\/\/ocab.nl\/de\/#organization"},"potentialAction":[{"@type":"SearchAction","target":{"@type":"EntryPoint","urlTemplate":"https:\/\/ocab.nl\/de\/?s={search_term_string}"},"query-input":{"@type":"PropertyValueSpecification","valueRequired":true,"valueName":"search_term_string"}}],"inLanguage":"de"},{"@type":"Organization","@id":"https:\/\/ocab.nl\/de\/#organization","name":"OCAB","url":"https:\/\/ocab.nl\/de\/","logo":{"@type":"ImageObject","inLanguage":"de","@id":"https:\/\/ocab.nl\/de\/#\/schema\/logo\/image\/","url":"https:\/\/ocab.nl\/wp-content\/uploads\/2023\/07\/cropped-favicon.png","contentUrl":"https:\/\/ocab.nl\/wp-content\/uploads\/2023\/07\/cropped-favicon.png","width":512,"height":512,"caption":"OCAB"},"image":{"@id":"https:\/\/ocab.nl\/de\/#\/schema\/logo\/image\/"},"sameAs":["https:\/\/www.facebook.com\/ocabNL\/","https:\/\/x.com\/Ocablights","https:\/\/www.linkedin.com\/showcase\/ocab-nl\/","https:\/\/switchtron.nl\/"]}]}},"_links":{"self":[{"href":"https:\/\/ocab.nl\/de\/wp-json\/wp\/v2\/pages\/1835","targetHints":{"allow":["GET"]}}],"collection":[{"href":"https:\/\/ocab.nl\/de\/wp-json\/wp\/v2\/pages"}],"about":[{"href":"https:\/\/ocab.nl\/de\/wp-json\/wp\/v2\/types\/page"}],"author":[{"embeddable":true,"href":"https:\/\/ocab.nl\/de\/wp-json\/wp\/v2\/users\/3"}],"replies":[{"embeddable":true,"href":"https:\/\/ocab.nl\/de\/wp-json\/wp\/v2\/comments?post=1835"}],"version-history":[{"count":0,"href":"https:\/\/ocab.nl\/de\/wp-json\/wp\/v2\/pages\/1835\/revisions"}],"wp:featuredmedia":[{"embeddable":true,"href":"https:\/\/ocab.nl\/de\/wp-json\/wp\/v2\/media\/1755"}],"wp:attachment":[{"href":"https:\/\/ocab.nl\/de\/wp-json\/wp\/v2\/media?parent=1835"}],"curies":[{"name":"wp","href":"https:\/\/api.w.org\/{rel}","templated":true}]}}